{"id":260,"date":"2021-03-10T14:12:41","date_gmt":"2021-03-10T13:12:41","guid":{"rendered":"https:\/\/baltic.se\/?post_type=product&#038;p=260"},"modified":"2026-04-23T16:00:07","modified_gmt":"2026-04-23T14:00:07","slug":"force-190-sele-flytvast","status":"publish","type":"product","link":"https:\/\/baltic.se\/de\/produkt\/force-190-sele-flytvast\/","title":{"rendered":"Force 190 Sele Flytv\u00e4st"},"content":{"rendered":"<ul>\n<li>F\u00f6r offshore segling<\/li>\n<li>Ergonomisk passform<\/li>\n<li>Automatisk uppbl\u00e5sning<\/li>\n<\/ul>\n<p><\/p>\n<p>Uppt\u00e4ck tryggheten p\u00e5 vattnet med Force 190 Sele, en uppbl\u00e5sbar flytv\u00e4st designad f\u00f6r kappseglare och \u00e4ventyrslystna vattensportare. Tack vare den ergonomiska utformningen erbjuder denna v\u00e4st exceptionell komfort, \u00e4ven under de l\u00e4ngsta seglatserna.<\/p>\n<p><strong>S\u00e4kerhet:<\/strong> Med en b\u00e4rf\u00f6rm\u00e5ga p\u00e5 190N klassas Force som en r\u00e4ddningsv\u00e4st. Den \u00e4r konstruerad f\u00f6r att alltid v\u00e4nda anv\u00e4ndaren till ryggl\u00e4ge, vilket s\u00e4kerst\u00e4ller att luftv\u00e4garna h\u00e5lls \u00f6ver vattenytan, \u00e4ven om anv\u00e4ndaren skulle tappa medvetandet eller inte kan simma. Den har en stadig krage som st\u00f6ttar huvudet, och merparten av flytkraften ligger p\u00e5 framsidan f\u00f6r optimal s\u00e4kerhet.<\/p>\n<p><strong>Passform och komfort:<\/strong> Force \u00e4r utrustad med en integrerad s\u00e4kerhetssele med dubbla \u00f6glor f\u00f6r livlinan, ett l\u00f6stagbart grenband och visselpipa, vilket \u00f6kar tryggheten under segling. Den ergonomiska designen g\u00f6r att v\u00e4sten sitter bekv\u00e4mt, \u00e4ven under l\u00e5nga perioder, vilket \u00e4r perfekt f\u00f6r seri\u00f6sa kappseglares behov.<\/p>\n<p><strong>Tillverkning och kvalitet:<\/strong> Denna flytv\u00e4st har en robust konstruktion och \u00e4r designad f\u00f6r att klara av h\u00e5rda p\u00e5frestningar. Den uppbl\u00e5sbara modellen aktiveras automatiskt n\u00e4r anv\u00e4ndaren hamnar i vattnet, medan manuella modeller m\u00e5ste aktiveras av anv\u00e4ndaren.<\/p>\n<p><strong>T\u00c4NK P\u00c5:<\/strong> En flytv\u00e4st \u00e4r ett viktigt s\u00e4kerhetshj\u00e4lpmedel som kan minska risken f\u00f6r drunkning, men den garanterar inte r\u00e4ddning. Anv\u00e4nd alltid flytv\u00e4sten korrekt och f\u00f6lj alla s\u00e4kerhetsinstruktioner.<\/p>\n","protected":false},"excerpt":{"rendered":"<p>Baltic Force 190 Sele \u00e4r en flytv\u00e4st f\u00f6r segling n\u00e4r allt m\u00e5ste funka. Med dubbla \u00f6glor f\u00f6r sele.  Maximal b\u00e4rkraft, s\u00e4kerhet, funktion och passform.<\/p>\n","protected":false},"featured_media":25435,"template":"","meta":{"_et_pb_use_builder":"","_et_pb_old_content":"","_et_gb_content_width":"","inline_featured_image":false},"product_brand":[],"product_cat":[86,112,90,72],"product_tag":[],"acf":[],"_links":{"self":[{"href":"https:\/\/baltic.se\/de\/wp-json\/wp\/v2\/product\/260"}],"collection":[{"href":"https:\/\/baltic.se\/de\/wp-json\/wp\/v2\/product"}],"about":[{"href":"https:\/\/baltic.se\/de\/wp-json\/wp\/v2\/types\/product"}],"wp:featuredmedia":[{"embeddable":true,"href":"https:\/\/baltic.se\/de\/wp-json\/wp\/v2\/media\/25435"}],"wp:attachment":[{"href":"https:\/\/baltic.se\/de\/wp-json\/wp\/v2\/media?parent=260"}],"wp:term":[{"taxonomy":"product_brand","embeddable":true,"href":"https:\/\/baltic.se\/de\/wp-json\/wp\/v2\/product_brand?post=260"},{"taxonomy":"product_cat","embeddable":true,"href":"https:\/\/baltic.se\/de\/wp-json\/wp\/v2\/product_cat?post=260"},{"taxonomy":"product_tag","embeddable":true,"href":"https:\/\/baltic.se\/de\/wp-json\/wp\/v2\/product_tag?post=260"}],"curies":[{"name":"wp","href":"https:\/\/api.w.org\/{rel}","templated":true}]}}