{"id":25966,"date":"2022-02-22T10:31:41","date_gmt":"2022-02-22T09:31:41","guid":{"rendered":"https:\/\/baltic.se\/?post_type=product&#038;p=25966"},"modified":"2026-04-19T04:34:31","modified_gmt":"2026-04-19T02:34:31","slug":"roxen-jacka","status":"publish","type":"product","link":"https:\/\/baltic.se\/de\/produkt\/roxen-jacka\/","title":{"rendered":"Roxen Jacka"},"content":{"rendered":"<ul>\n<li>Unisex<\/li>\n<li>L\u00e4tt vikts jacka<\/li>\n<li>2 \u00e5rs garanti<\/li>\n<\/ul>\n<p><\/p>\n<p>Roxen \u00e4r en m\u00e5ngsidig l\u00e4ttviktsjacka som passar perfekt som ett v\u00e4rmande lager under en skaljacka eller flytv\u00e4st under kyligare f\u00f6rh\u00e5llanden. L\u00e4tt att vika ihop och ta med \u00f6verallt \u2013 idealisk f\u00f6r dig som alltid \u00e4r p\u00e5 spr\u00e5ng.<\/p>\n<p><strong>Anv\u00e4ndning: <\/strong>Jackan \u00e4r designad f\u00f6r b\u00e5de vardag och friluftsaktiviteter n\u00e4ra vattnet. Perfekt som ett isolerande lager under v\u00e5r skaljacka Pacific eller som ett komplement till din flytv\u00e4st.<\/p>\n<p><strong>Passform och komfort: <\/strong>Tillverkad av mjuka och l\u00e4tta material som h\u00e5ller dig varm utan att begr\u00e4nsa din r\u00f6relsefrihet. Jackans kompakta design g\u00f6r den l\u00e4tt att packa ihop, vilket g\u00f6r den smidig att ha med sig b\u00e5de p\u00e5 korta utflykter och l\u00e4ngre \u00e4ventyr.<\/p>\n<p><strong>Tillverkning och kvalitet: <\/strong>Roxen \u00e4r fodrad med Repreve-fibrer \u2013 en innovativ teknik som \u00e5tervinner plast och fiberavfall. Detta h\u00e5llbara material minskar klimatp\u00e5verkan genom att spara vatten och energi, utan att kompromissa med v\u00e4rme eller h\u00e5llbarhet.<\/p>\n","protected":false},"excerpt":{"rendered":"<p>Roxen \u00e4r en mjuk och v\u00e4rmande l\u00e4ttviktsjacka fr\u00e5n Baltic. Perfekt att anv\u00e4nda som ett extra v\u00e4rmande lager under v\u00e5r skaljacka Pacific eller en flytv\u00e4st under de kallare dagarna.<\/p>\n","protected":false},"featured_media":25973,"template":"","meta":{"_et_pb_use_builder":"","_et_pb_old_content":"","_et_gb_content_width":"","inline_featured_image":false},"product_brand":[],"product_cat":[876,770],"product_tag":[],"acf":[],"_links":{"self":[{"href":"https:\/\/baltic.se\/de\/wp-json\/wp\/v2\/product\/25966"}],"collection":[{"href":"https:\/\/baltic.se\/de\/wp-json\/wp\/v2\/product"}],"about":[{"href":"https:\/\/baltic.se\/de\/wp-json\/wp\/v2\/types\/product"}],"wp:featuredmedia":[{"embeddable":true,"href":"https:\/\/baltic.se\/de\/wp-json\/wp\/v2\/media\/25973"}],"wp:attachment":[{"href":"https:\/\/baltic.se\/de\/wp-json\/wp\/v2\/media?parent=25966"}],"wp:term":[{"taxonomy":"product_brand","embeddable":true,"href":"https:\/\/baltic.se\/de\/wp-json\/wp\/v2\/product_brand?post=25966"},{"taxonomy":"product_cat","embeddable":true,"href":"https:\/\/baltic.se\/de\/wp-json\/wp\/v2\/product_cat?post=25966"},{"taxonomy":"product_tag","embeddable":true,"href":"https:\/\/baltic.se\/de\/wp-json\/wp\/v2\/product_tag?post=25966"}],"curies":[{"name":"wp","href":"https:\/\/api.w.org\/{rel}","templated":true}]}}