{"id":24741,"date":"2022-02-10T14:09:44","date_gmt":"2022-02-10T13:09:44","guid":{"rendered":"https:\/\/baltic.se\/produkt\/gt-retro-flytvast\/"},"modified":"2026-04-08T04:30:37","modified_gmt":"2026-04-08T02:30:37","slug":"gt-retro-flytvast","status":"publish","type":"product","link":"https:\/\/baltic.se\/de\/produkt\/gt-retro-flytvast\/","title":{"rendered":"GT Retro Flytv\u00e4st"},"content":{"rendered":"<ul>\n<li>Allround <\/li>\n<\/ul>\n<p><\/p>\n<p>Formul\u00e4rets nederkantGT Retro flytv\u00e4st kombinerar retrostil med moderna funktioner, vilket g\u00f6r den perfekt f\u00f6r dig som s\u00f6ker b\u00e5de stil och funktionalitet p\u00e5 vattnet. Med sin eleganta design och smarta egenskaper erbjuder den b\u00e5de s\u00e4kerhet och komfort.<\/p>\n<p><strong>S\u00e4kerhet: <\/strong>Flytv\u00e4sten har en b\u00e4rf\u00f6rm\u00e5ga p\u00e5 50N, vilket ger bra st\u00f6d f\u00f6r simkunniga personer \u00f6ver 25 kg. Flytkraften \u00e4r j\u00e4mnt f\u00f6rdelad mellan fram- och baksidan f\u00f6r extra stabilitet. GT Retro \u00e4r CE-m\u00e4rkt, vilket inneb\u00e4r att den uppfyller strikta s\u00e4kerhetsstandarder. Observera att den inte har en krage f\u00f6r huvudst\u00f6d och kan inte v\u00e4nda en medvetsl\u00f6s person till ryggl\u00e4ge.<\/p>\n<p><strong>Passform och komfort: <\/strong>Flytv\u00e4sten \u00e4r designad f\u00f6r optimal komfort med mjuka neoprenpaneler p\u00e5 axlar och linning. Midjebandet har snabbsp\u00e4nne och dragkedja f\u00f6r enkel justering och avtagning. L\u00e4ngsg\u00e5ende delningar i flytmaterialet f\u00f6rb\u00e4ttrar flexibiliteten, och grenband kan l\u00e4ggas till f\u00f6r extra s\u00e4kerhet. Flytkraften \u00e4r j\u00e4mnt f\u00f6rdelad f\u00f6r en bekv\u00e4m passform under l\u00e4ngre anv\u00e4ndning.<\/p>\n<p><strong>Tillverkning och kvalitet: <\/strong>Tillverkad i Europa med noggrant utvalda material, erbjuder GT Retro flytv\u00e4st b\u00e5de h\u00e5llbarhet och p\u00e5litlighet. Den \u00e4r byggd f\u00f6r att vara b\u00e5de stark och s\u00e4ker, vilket ger dig l\u00e5ngvarig trygghet p\u00e5 vattnet.<\/p>\n<p><strong>T\u00c4NK P\u00c5:<\/strong> En flytv\u00e4st \u00e4r ett viktigt s\u00e4kerhetshj\u00e4lpmedel som kan minska risken f\u00f6r drunkning, men den garanterar inte r\u00e4ddning. Anv\u00e4nd alltid flytv\u00e4sten korrekt och f\u00f6lj alla s\u00e4kerhetsinstruktioner.<\/p>\n","protected":false},"excerpt":{"rendered":"<p>En flytv\u00e4stklassiker i nytt utf\u00f6rande fr\u00e5n Baltic. Neoprene i axlar och linning ger en mjuk och f\u00f6ljsam flytv\u00e4st som passar f\u00f6r aktivt b\u00e5tliv.<\/p>\n","protected":false},"featured_media":25733,"template":"","meta":{"_et_pb_use_builder":"","_et_pb_old_content":"","_et_gb_content_width":"","inline_featured_image":false},"product_brand":[],"product_cat":[80,86,112,90,770],"product_tag":[],"acf":[],"_links":{"self":[{"href":"https:\/\/baltic.se\/de\/wp-json\/wp\/v2\/product\/24741"}],"collection":[{"href":"https:\/\/baltic.se\/de\/wp-json\/wp\/v2\/product"}],"about":[{"href":"https:\/\/baltic.se\/de\/wp-json\/wp\/v2\/types\/product"}],"wp:featuredmedia":[{"embeddable":true,"href":"https:\/\/baltic.se\/de\/wp-json\/wp\/v2\/media\/25733"}],"wp:attachment":[{"href":"https:\/\/baltic.se\/de\/wp-json\/wp\/v2\/media?parent=24741"}],"wp:term":[{"taxonomy":"product_brand","embeddable":true,"href":"https:\/\/baltic.se\/de\/wp-json\/wp\/v2\/product_brand?post=24741"},{"taxonomy":"product_cat","embeddable":true,"href":"https:\/\/baltic.se\/de\/wp-json\/wp\/v2\/product_cat?post=24741"},{"taxonomy":"product_tag","embeddable":true,"href":"https:\/\/baltic.se\/de\/wp-json\/wp\/v2\/product_tag?post=24741"}],"curies":[{"name":"wp","href":"https:\/\/api.w.org\/{rel}","templated":true}]}}