{"id":237,"date":"2021-03-10T14:11:39","date_gmt":"2021-03-10T13:11:39","guid":{"rendered":"https:\/\/baltic.se\/?post_type=product&#038;p=237"},"modified":"2026-04-11T02:12:54","modified_gmt":"2026-04-11T00:12:54","slug":"winner-sele-manuell-flytvast","status":"publish","type":"product","link":"https:\/\/baltic.se\/de\/produkt\/winner-sele-manuell-flytvast\/","title":{"rendered":"Winner Sele Manuell Flytv\u00e4st"},"content":{"rendered":"<ul>\n<li>Maximal s\u00e4kerhet<\/li>\n<li>CE-m\u00e4rkt och klassad som r\u00e4ddningsv\u00e4st<\/li>\n<li>165N b\u00e4rkraft<\/li>\n<li>Integrerad s\u00e4kerhetssele<\/li>\n<li>5 \u00e5rs garanti<\/li>\n<\/ul>\n<p><\/p>\n<p>Uppt\u00e4ck Baltic Winner Sele \u2013 en kompakt, uppbl\u00e5sbar r\u00e4ddningsv\u00e4st som \u00e4r perfekt f\u00f6r segling, motorb\u00e5t och fiske. Den kombinerar modern design med h\u00f6g s\u00e4kerhet och komfort.<\/p>\n<p><strong>S\u00e4kerhet: <\/strong>Med en b\u00e4rf\u00f6rm\u00e5ga p\u00e5 165N och CE-certifiering s\u00e4kerst\u00e4ller Baltic Winner Sele att dina luftv\u00e4gar h\u00e5lls ovanf\u00f6r vattenytan. V\u00e4sten bl\u00e5ses upp automatiskt inom tre sekunder efter att du hamnar i vattnet och har \u00e4ven en manuell uppbl\u00e5sningsfunktion. Den \u00e4r utrustad med en luftt\u00e4t lunga och en kolsyrepatron som \u00e4r skyddad mot oavsiktlig \u00f6ppning.<\/p>\n<p><strong>Passform och komfort: <\/strong>Den mjuka fleecekragen och det kraftiga yttertyget ger b\u00e5de komfort och h\u00e5llbarhet. V\u00e4sten har en integrerad s\u00e4kerhetssele och ett l\u00f6stagbart grenband f\u00f6r en justerbar och bekv\u00e4m passform.<\/p>\n<p><strong>Tillverkning och kvalitet: <\/strong>Baltic Winner Sele Flytv\u00e4st \u00e4r byggd f\u00f6r att vara h\u00e5llbar och p\u00e5litlig i alla f\u00f6rh\u00e5llanden. Den \u00e4r designad f\u00f6r att leverera maximal funktion och s\u00e4kerhet n\u00e4r du beh\u00f6ver det som mest.<\/p>\n<p><\/p>\n<p><span style=\"background-color: transparent\">F\u00f6r mer information om s\u00e4kerhetsklasser och olika typer av flytv\u00e4star, klicka <\/span><a href=\"https:\/\/baltic.se\/att-valja-flytvast\/\" rel=\"noopener noreferrer\" target=\"_blank\" style=\"background-color: transparent\">h\u00e4r<\/a><span style=\"background-color: transparent\">.<\/span><\/p>\n<p><\/p>\n<p><strong>T\u00c4NK P\u00c5:<\/strong> En flytv\u00e4st \u00e4r ett viktigt s\u00e4kerhetshj\u00e4lpmedel som kan minska risken f\u00f6r drunkning, men den garanterar inte r\u00e4ddning. Anv\u00e4nd alltid flytv\u00e4sten korrekt och f\u00f6lj alla s\u00e4kerhetsinstruktioner.<\/p>\n","protected":false},"excerpt":{"rendered":"<p>Uppbl\u00e5sbar r\u00e4ddningsv\u00e4st f\u00f6r allround s\u00e4kerhet upp till 165N. Kompromissl\u00f6s Baltic-konstruktion med s\u00e4kerhet, funktion, kvalitet och passform. Manuell uppbl\u00e5sning och s\u00e4kerhetssele. <\/p>\n","protected":false},"featured_media":25481,"template":"","meta":{"_et_pb_use_builder":"","_et_pb_old_content":"","_et_gb_content_width":"","inline_featured_image":false},"product_brand":[],"product_cat":[115,730,731],"product_tag":[],"acf":[],"_links":{"self":[{"href":"https:\/\/baltic.se\/de\/wp-json\/wp\/v2\/product\/237"}],"collection":[{"href":"https:\/\/baltic.se\/de\/wp-json\/wp\/v2\/product"}],"about":[{"href":"https:\/\/baltic.se\/de\/wp-json\/wp\/v2\/types\/product"}],"wp:featuredmedia":[{"embeddable":true,"href":"https:\/\/baltic.se\/de\/wp-json\/wp\/v2\/media\/25481"}],"wp:attachment":[{"href":"https:\/\/baltic.se\/de\/wp-json\/wp\/v2\/media?parent=237"}],"wp:term":[{"taxonomy":"product_brand","embeddable":true,"href":"https:\/\/baltic.se\/de\/wp-json\/wp\/v2\/product_brand?post=237"},{"taxonomy":"product_cat","embeddable":true,"href":"https:\/\/baltic.se\/de\/wp-json\/wp\/v2\/product_cat?post=237"},{"taxonomy":"product_tag","embeddable":true,"href":"https:\/\/baltic.se\/de\/wp-json\/wp\/v2\/product_tag?post=237"}],"curies":[{"name":"wp","href":"https:\/\/api.w.org\/{rel}","templated":true}]}}