{"id":229,"date":"2021-03-10T12:37:07","date_gmt":"2021-03-10T11:37:07","guid":{"rendered":"https:\/\/baltic.se\/?post_type=product&#038;p=229"},"modified":"2026-04-12T20:00:14","modified_gmt":"2026-04-12T18:00:14","slug":"legend-165-sele-flytvast","status":"publish","type":"product","link":"https:\/\/baltic.se\/de\/produkt\/legend-165-sele-flytvast\/","title":{"rendered":"Legend 165 Sele Flytv\u00e4st"},"content":{"rendered":"<ul>\n<li>F\u00f6r Segling<\/li>\n<li>Ergonomisk passform<\/li>\n<li>H\u00f6g komfort<\/li>\n<li>Automatisk uppbl\u00e5sning<\/li>\n<\/ul>\n<p><\/p>\n<p>Legend 165 seleflytv\u00e4st \u00e4r det perfekta valet f\u00f6r seglare som vill ha b\u00e5de komfort och s\u00e4kerhet. Med en integrerad s\u00e4kerhetssele och en f\u00f6rstklassig passform \u00e4r denna v\u00e4st optimal f\u00f6r l\u00e5nga dagar p\u00e5 vattnet.<\/p>\n<p><strong>S\u00e4kerhet: <\/strong>Med en b\u00e4rf\u00f6rm\u00e5ga p\u00e5 165N erbjuder v\u00e4sten p\u00e5litligt skydd. Det praktiska inspektionsf\u00f6nstret g\u00f6r det enkelt att kontrollera patronens laddning, och v\u00e4sten \u00e4r utrustad med ett l\u00f6stagbart grenband och en visselpipa f\u00f6r extra trygghet.<\/p>\n<p><strong>Passform och komfort<\/strong>: V\u00e4sten sitter l\u00e4ngre ut p\u00e5 axlarna och l\u00e4ngre bak fr\u00e5n nacken, vilket ger f\u00f6rb\u00e4ttrad komfort och r\u00f6relsefrihet. De mjuka, f\u00f6ljsamma materialen och det luftiga mesh-fodret i ryggen bidrar till ett bekv\u00e4mt anv\u00e4ndande \u00e4ven under l\u00e4ngre turer.<\/p>\n<p><strong>Tillverkning och kvalitet: <\/strong>Legend 165 Sele \u00e4r byggd med Baltics h\u00f6gkvalitativa material och detaljer, vilket s\u00e4kerst\u00e4ller h\u00e5llbarhet och p\u00e5litlighet. Denna v\u00e4st \u00e4r ett utm\u00e4rkt val f\u00f6r b\u00e5de fritids- och professionella anv\u00e4ndare som vill ha funktionalitet och stil.<\/p>\n<p>Vill du l\u00e4sa mer om olika s\u00e4kerhetsklasser och typer av flytv\u00e4star kan du g\u00f6ra det h\u00e4r.<\/p>\n<p><strong>T\u00c4NK P\u00c5:<\/strong> En flytv\u00e4st \u00e4r ett viktigt s\u00e4kerhetshj\u00e4lpmedel som kan minska risken f\u00f6r drunkning, men den garanterar inte r\u00e4ddning. Anv\u00e4nd alltid flytv\u00e4sten korrekt och f\u00f6lj alla s\u00e4kerhetsinstruktioner.<\/p>\n","protected":false},"excerpt":{"rendered":"<p>Legend 165 Sele Flytv\u00e4st \u00e4r f\u00f6r dig med lite h\u00f6gre krav. Du \u00e4r mycket p\u00e5 sj\u00f6n och vill ha god flytkraft p\u00e5 165N. Perfekt f\u00f6r dig med segelb\u00e5t.<\/p>\n","protected":false},"featured_media":125017,"template":"","meta":{"_et_pb_use_builder":"","_et_pb_old_content":"","_et_gb_content_width":"","inline_featured_image":false},"product_brand":[],"product_cat":[112,90,72,730,733],"product_tag":[],"acf":[],"_links":{"self":[{"href":"https:\/\/baltic.se\/de\/wp-json\/wp\/v2\/product\/229"}],"collection":[{"href":"https:\/\/baltic.se\/de\/wp-json\/wp\/v2\/product"}],"about":[{"href":"https:\/\/baltic.se\/de\/wp-json\/wp\/v2\/types\/product"}],"wp:featuredmedia":[{"embeddable":true,"href":"https:\/\/baltic.se\/de\/wp-json\/wp\/v2\/media\/125017"}],"wp:attachment":[{"href":"https:\/\/baltic.se\/de\/wp-json\/wp\/v2\/media?parent=229"}],"wp:term":[{"taxonomy":"product_brand","embeddable":true,"href":"https:\/\/baltic.se\/de\/wp-json\/wp\/v2\/product_brand?post=229"},{"taxonomy":"product_cat","embeddable":true,"href":"https:\/\/baltic.se\/de\/wp-json\/wp\/v2\/product_cat?post=229"},{"taxonomy":"product_tag","embeddable":true,"href":"https:\/\/baltic.se\/de\/wp-json\/wp\/v2\/product_tag?post=229"}],"curies":[{"name":"wp","href":"https:\/\/api.w.org\/{rel}","templated":true}]}}