{"id":22073,"date":"2021-11-12T15:26:13","date_gmt":"2021-11-12T14:26:13","guid":{"rendered":"https:\/\/baltic.se\/produkt\/slim-pro\/"},"modified":"2026-04-05T04:31:39","modified_gmt":"2026-04-05T02:31:39","slug":"slim-pro-flytvast","status":"publish","type":"product","link":"https:\/\/baltic.se\/de\/produkt\/slim-pro-flytvast\/","title":{"rendered":"Slim Pro Flytv\u00e4st"},"content":{"rendered":"<ul>\n<li>Allround <\/li>\n<li>Smidig passform<\/li>\n<li>Meshfoder<\/li>\n<\/ul>\n<p><\/p>\n<p>Uppt\u00e4ck Slim Pro Flytv\u00e4st \u2013 din ultimata partner f\u00f6r alla vatten\u00e4ventyr. Med sin kompakta och smidiga design \u00e4r denna flytv\u00e4st perfekt f\u00f6r segling, paddling och andra vattensporter. Den kombinerar \u00f6verl\u00e4gsen komfort med praktisk funktionalitet.<\/p>\n<p><strong>S\u00e4kerhet: <\/strong>Slim Pro Flytv\u00e4st \u00e4r utrustad med en b\u00e4rf\u00f6rm\u00e5ga p\u00e5 50N och \u00e4r CE-m\u00e4rkt, vilket garanterar att den uppfyller de str\u00e4ngaste europeiska s\u00e4kerhetsstandarderna. Den ger p\u00e5litligt st\u00f6d f\u00f6r simkunniga anv\u00e4ndare \u00f6ver 25 kg, s\u00e5 du kan njuta av vattnet med fullst\u00e4ndig trygghet.<\/p>\n<p><strong>Passform och komfort: <\/strong>F\u00f6rstklassig komfort \u00e4r k\u00e4rnan i Slim Pro. Den ergonomiskt designade ryggplattan och de justerbara sidorna i mjuk neopren ger en perfekt passform som anpassar sig efter din kropp. Mesh-fodringen f\u00f6rb\u00e4ttrar ventilationen, och det flexibla res\u00e5rtyget p\u00e5 sidorna s\u00e4kerst\u00e4ller att v\u00e4sten f\u00f6ljer dina r\u00f6relser och ger dig frihet p\u00e5 vattnet.<\/p>\n<p><strong>Tillverkning och kvalitet:<\/strong> Tillverkad i Europa med noggrant utvalda material, erbjuder Slim Pro b\u00e5de h\u00e5llbarhet och p\u00e5litlighet. Designad f\u00f6r att klara b\u00e5de tuffa vattenaktiviteter och daglig anv\u00e4ndning, \u00e4r denna flytv\u00e4st ett p\u00e5litligt val som m\u00f6ter de h\u00f6gsta s\u00e4kerhets- och kvalitetskraven.<\/p>\n<p><strong>T\u00c4NK P\u00c5:<\/strong> En flytv\u00e4st \u00e4r ett viktigt s\u00e4kerhetshj\u00e4lpmedel som kan minska risken f\u00f6r drunkning, men den garanterar inte r\u00e4ddning. Anv\u00e4nd alltid flytv\u00e4sten korrekt och f\u00f6lj alla s\u00e4kerhetsinstruktioner.<\/p>\n","protected":false},"excerpt":{"rendered":"<p>Ny, l\u00e4tt och smidig allround-flytv\u00e4st som inte liknar n\u00e5gon annan. Tack vare smart f\u00f6rdelning av flytmaterialet \u00e4r k\u00e4nslan n\u00e4stan den av en uppbl\u00e5sbar v\u00e4st. <\/p>\n","protected":false},"featured_media":25781,"template":"","meta":{"_et_pb_use_builder":"","_et_pb_old_content":"","_et_gb_content_width":"","inline_featured_image":false},"product_brand":[],"product_cat":[80,112,90,733],"product_tag":[],"acf":[],"_links":{"self":[{"href":"https:\/\/baltic.se\/de\/wp-json\/wp\/v2\/product\/22073"}],"collection":[{"href":"https:\/\/baltic.se\/de\/wp-json\/wp\/v2\/product"}],"about":[{"href":"https:\/\/baltic.se\/de\/wp-json\/wp\/v2\/types\/product"}],"wp:featuredmedia":[{"embeddable":true,"href":"https:\/\/baltic.se\/de\/wp-json\/wp\/v2\/media\/25781"}],"wp:attachment":[{"href":"https:\/\/baltic.se\/de\/wp-json\/wp\/v2\/media?parent=22073"}],"wp:term":[{"taxonomy":"product_brand","embeddable":true,"href":"https:\/\/baltic.se\/de\/wp-json\/wp\/v2\/product_brand?post=22073"},{"taxonomy":"product_cat","embeddable":true,"href":"https:\/\/baltic.se\/de\/wp-json\/wp\/v2\/product_cat?post=22073"},{"taxonomy":"product_tag","embeddable":true,"href":"https:\/\/baltic.se\/de\/wp-json\/wp\/v2\/product_tag?post=22073"}],"curies":[{"name":"wp","href":"https:\/\/api.w.org\/{rel}","templated":true}]}}