{"id":22053,"date":"2021-11-12T11:45:41","date_gmt":"2021-11-12T10:45:41","guid":{"rendered":"https:\/\/baltic.se\/produkt\/x4\/"},"modified":"2026-04-10T04:30:24","modified_gmt":"2026-04-10T02:30:24","slug":"x4-flytvast","status":"publish","type":"product","link":"https:\/\/baltic.se\/de\/produkt\/x4-flytvast\/","title":{"rendered":"X4 flytv\u00e4st"},"content":{"rendered":"<ul>\n<li>Smart f\u00f6rvaring<\/li>\n<li>Ficka f\u00f6r v\u00e4tskep\u00e5se<\/li>\n<\/ul>\n<p><\/p>\n<p>X4 \u00e4r en innovativ flytv\u00e4st f\u00f6r kajak, designad i samarbete med Melker of Sweden, Sveriges ledande kajakexperter. Den kombinerar optimal r\u00f6relsef\u00f6rm\u00e5ga och passform, vilket g\u00f6r den perfekt f\u00f6r b\u00e5de hobbypaddlare och \u00e4ventyrss\u00f6kare.<\/p>\n<p><strong>S\u00e4kerhet:<\/strong> Med en b\u00e4rf\u00f6rm\u00e5ga p\u00e5 50N klassas denna flytv\u00e4st som ett flythj\u00e4lpmedel, vilket g\u00f6r den idealisk f\u00f6r simkunniga paddlare. Reflexerna p\u00e5 framsidan och ryggen s\u00e4kerst\u00e4ller h\u00f6g synlighet, oavsett ljusf\u00f6rh\u00e5llanden. Kombinationen av s\u00e4kerhet och smidighet ger trygghet p\u00e5 vattnet.<\/p>\n<p><strong>Passform och komfort:<\/strong> Flytv\u00e4sten erbjuder en perfekt passform tack vare tre justeringspunkter: tv\u00e5 p\u00e5 sidopartierna och en p\u00e5 axelpartiet. Den \u00e4r designad f\u00f6r att sitta bekv\u00e4mt under paddling och m\u00f6jligg\u00f6r full r\u00f6relsefrihet. Det finns ocks\u00e5 en ficka f\u00f6r en mjuk vattenflaska p\u00e5 ryggen, en ficka med dragkedja p\u00e5 framsidan och en \u00f6ppen ficka med elastisk loop f\u00f6r nycklar.<\/p>\n<p><strong>Tillverkning och kvalitet:<\/strong> X4 flytv\u00e4st \u00e4r konstruerad f\u00f6r att klara p\u00e5frestningar och ge l\u00e5ngvarig prestanda, med fokus p\u00e5 h\u00e5llbarhet och funktionalitet. Denna kajakflytv\u00e4st \u00e4r ett oumb\u00e4rligt verktyg f\u00f6r alla som \u00e4lskar att utforska vattnet. <\/p>\n<p><\/p>\n<p>Vill du l\u00e4sa mer om olika s\u00e4kerhetsklasser och typer av flytv\u00e4star kan du g\u00f6ra det <a href=\"https:\/\/baltic.se\/att-valja-flytvast\/\" rel=\"noopener noreferrer\" target=\"_blank\">h\u00e4r<\/a>.<\/p>\n<p><strong>T\u00c4NK P\u00c5:<\/strong> En flytv\u00e4st \u00e4r ett viktigt s\u00e4kerhetshj\u00e4lpmedel som kan minska risken f\u00f6r drunkning, men den garanterar inte r\u00e4ddning. Anv\u00e4nd alltid flytv\u00e4sten korrekt och f\u00f6lj alla s\u00e4kerhetsinstruktioner.<\/p>\n","protected":false},"excerpt":{"rendered":"<p>V\u00e5r speciella flytv\u00e4st f\u00f6r kajak \u00e4r framtagen tillsammans med kajakexperterna p\u00e5 Melker of Sweden. Optimal r\u00f6relsefrihet och plats f\u00f6r allt viktigt.<\/p>\n","protected":false},"featured_media":88485,"template":"","meta":{"_et_pb_use_builder":"","_et_pb_old_content":"","_et_gb_content_width":"","inline_featured_image":false},"product_brand":[],"product_cat":[80,710,90],"product_tag":[],"acf":[],"_links":{"self":[{"href":"https:\/\/baltic.se\/de\/wp-json\/wp\/v2\/product\/22053"}],"collection":[{"href":"https:\/\/baltic.se\/de\/wp-json\/wp\/v2\/product"}],"about":[{"href":"https:\/\/baltic.se\/de\/wp-json\/wp\/v2\/types\/product"}],"wp:featuredmedia":[{"embeddable":true,"href":"https:\/\/baltic.se\/de\/wp-json\/wp\/v2\/media\/88485"}],"wp:attachment":[{"href":"https:\/\/baltic.se\/de\/wp-json\/wp\/v2\/media?parent=22053"}],"wp:term":[{"taxonomy":"product_brand","embeddable":true,"href":"https:\/\/baltic.se\/de\/wp-json\/wp\/v2\/product_brand?post=22053"},{"taxonomy":"product_cat","embeddable":true,"href":"https:\/\/baltic.se\/de\/wp-json\/wp\/v2\/product_cat?post=22053"},{"taxonomy":"product_tag","embeddable":true,"href":"https:\/\/baltic.se\/de\/wp-json\/wp\/v2\/product_tag?post=22053"}],"curies":[{"name":"wp","href":"https:\/\/api.w.org\/{rel}","templated":true}]}}