{"id":217,"date":"2021-03-05T11:27:55","date_gmt":"2021-03-05T10:27:55","guid":{"rendered":"https:\/\/baltic.se\/produkt\/compact-100\/"},"modified":"2026-04-05T04:14:51","modified_gmt":"2026-04-05T02:14:51","slug":"compact-100","status":"publish","type":"product","link":"https:\/\/baltic.se\/de\/produkt\/compact-100\/","title":{"rendered":"Compact 100 Flytv\u00e4st"},"content":{"rendered":"<ul>\n<li>F\u00f6r motorb\u00e5t<\/li>\n<li>Ergonomisk passform<\/li>\n<li>Automatisk uppbl\u00e5sning<\/li>\n<li>L\u00e5g vikt<\/li>\n<\/ul>\n<p><\/p>\n<p>En perfekt flytv\u00e4st f\u00f6r segling, fiske och b\u00e5tturer. Compact 100 ger s\u00e4kerhet och komfort i en l\u00e4ttviktig design, vilket g\u00f6r den till ett p\u00e5litligt val f\u00f6r en hel dag p\u00e5 vattnet.<\/p>\n<p><strong>S\u00e4kerhet:<\/strong> Med en b\u00e4rf\u00f6rm\u00e5ga p\u00e5 100N och en snabb, automatisk uppbl\u00e5sningsmekanism, s\u00e4kerst\u00e4ller den att dina luftv\u00e4gar h\u00e5lls ovanf\u00f6r ytan \u00e4ven i utmanande f\u00f6rh\u00e5llanden. Det inbyggda inspektionsf\u00f6nstret, som ger en tydlig signal n\u00e4r v\u00e4sten \u00e4r redo f\u00f6r anv\u00e4ndning, \u00e4r en trygghetsfunktion som g\u00f6r den s\u00e4rskilt anv\u00e4ndarv\u00e4nlig.<\/p>\n<p><strong>Passform och komfort:<\/strong> Den smarta designen med tyngdpunkten l\u00e5ngt bak minskar trycket p\u00e5 nacken och ger en stabil passform, \u00e4ven under l\u00e4ngre perioder. Den mjuka fleecekragen bidrar till extra komfort, och med sin kompakta lunga \u00e4r den en av de l\u00e4ttaste p\u00e5 marknaden, idealisk f\u00f6r aktiv anv\u00e4ndning.<\/p>\n<p><strong>Tillverkning och kvalitet:<\/strong> Byggd f\u00f6r att m\u00f6ta h\u00f6ga krav p\u00e5 b\u00e5de h\u00e5llbarhet och p\u00e5litlighet, klarar Compact 100 av tuffa vattenaktiviteter och \u00e4r ett sj\u00e4lvklart val f\u00f6r b\u00e5de fritids- och professionella anv\u00e4ndare.<\/p>\n","protected":false},"excerpt":{"rendered":"<p>Baltic Compact 100 flytv\u00e4st kombindrar suver\u00e4n komfort med s\u00e4kerhet. Flytv\u00e4sten \u00e4r den l\u00e4ttaste p\u00e5 markaden som i kombination med dess utformning, g\u00f6r den sk\u00f6n att b\u00e4ra under l\u00e4ngre perioder.<\/p>\n","protected":false},"featured_media":25995,"template":"","meta":{"_et_pb_use_builder":"","_et_pb_old_content":"","_et_gb_content_width":"","inline_featured_image":false},"product_brand":[],"product_cat":[75,89,86,112,90],"product_tag":[],"acf":[],"_links":{"self":[{"href":"https:\/\/baltic.se\/de\/wp-json\/wp\/v2\/product\/217"}],"collection":[{"href":"https:\/\/baltic.se\/de\/wp-json\/wp\/v2\/product"}],"about":[{"href":"https:\/\/baltic.se\/de\/wp-json\/wp\/v2\/types\/product"}],"wp:featuredmedia":[{"embeddable":true,"href":"https:\/\/baltic.se\/de\/wp-json\/wp\/v2\/media\/25995"}],"wp:attachment":[{"href":"https:\/\/baltic.se\/de\/wp-json\/wp\/v2\/media?parent=217"}],"wp:term":[{"taxonomy":"product_brand","embeddable":true,"href":"https:\/\/baltic.se\/de\/wp-json\/wp\/v2\/product_brand?post=217"},{"taxonomy":"product_cat","embeddable":true,"href":"https:\/\/baltic.se\/de\/wp-json\/wp\/v2\/product_cat?post=217"},{"taxonomy":"product_tag","embeddable":true,"href":"https:\/\/baltic.se\/de\/wp-json\/wp\/v2\/product_tag?post=217"}],"curies":[{"name":"wp","href":"https:\/\/api.w.org\/{rel}","templated":true}]}}