{"id":20091,"date":"2021-06-15T11:41:31","date_gmt":"2021-06-15T09:41:31","guid":{"rendered":"https:\/\/baltic.se\/produkt\/amarok-2\/"},"modified":"2026-04-14T18:10:29","modified_gmt":"2026-04-14T16:10:29","slug":"amarok-flytoverall","status":"publish","type":"product","link":"https:\/\/baltic.se\/de\/produkt\/amarok-flytoverall\/","title":{"rendered":"Amarok Flytoverall"},"content":{"rendered":"<ul>\n<li>Allround <\/li>\n<li>Vatten och vindt\u00e4t<\/li>\n<li>Termiskt skydd<\/li>\n<\/ul>\n<p><\/p>\n<p>H\u00e5ll dig varm, torr och bekv\u00e4m med en vindt\u00e4t och vattent\u00e4t flytoverall som passar f\u00f6r b\u00e5de fritid och arbete n\u00e4ra vattnet.<\/p>\n<p><strong>S\u00e4kerhet<\/strong>: Med en b\u00e4rkraft p\u00e5 80N uppfyller overallen samma standard som 50N-flytv\u00e4star, vilket s\u00e4kerst\u00e4ller trygghet och flytf\u00f6rm\u00e5ga. Overallen \u00e4r dessutom testad och godk\u00e4nd enligt EN ISO 15027\u20131 f\u00f6r termiskt skydd, vilket inneb\u00e4r att kroppstemperaturen endast sjunker med i genomsnitt 1,1 grader under tv\u00e5 timmar i 10-gradigt vatten. Justerbara benslut till\u00e5ter luftutsl\u00e4pp f\u00f6r \u00f6kad s\u00e4kerhet vid fall i vattnet.<\/p>\n<p><strong>Passform och komfort<\/strong>: Dubbelmuddar i \u00e4rmsluten f\u00f6rhindrar vattenintr\u00e4ngning, medan h\u00e4ngslen och en justerbar kapuschong ger en stabil och bekv\u00e4m passform. Overallen \u00e4r tillverkad av mjuka material som h\u00e5ller dig varm \u00e4ven i minusgrader, och de m\u00e5nga fickorna \u2013 fyra utv\u00e4ndiga, tv\u00e5 v\u00e4rmefickor och en innerficka \u2013 g\u00f6r den praktisk f\u00f6r alla behov.<\/p>\n<p><strong>Tillverkning och kvalitet<\/strong>: Helt vatten- och vindt\u00e4t med tejpade s\u00f6mmar f\u00f6r l\u00e5ngvarig h\u00e5llbarhet. Materialen torkar snabbt p\u00e5 galge, s\u00e5 att overallen \u00e4r redo f\u00f6r n\u00e4sta \u00e4ventyr utan dr\u00f6jsm\u00e5l.<\/p>\n<p><strong>T\u00c4NK P\u00c5:<\/strong> En flytv\u00e4st \u00e4r ett viktigt s\u00e4kerhetshj\u00e4lpmedel som kan minska risken f\u00f6r drunkning, men den garanterar inte r\u00e4ddning. Anv\u00e4nd alltid flytv\u00e4sten korrekt och f\u00f6lj alla s\u00e4kerhetsinstruktioner.<\/p>\n","protected":false},"excerpt":{"rendered":"<p>En flytoverall ska uppfylla m\u00e5nga kriterier, bland annat ska den ska h\u00e5lla dig varm, vara bekv\u00e4m att anv\u00e4nda samt h\u00e5lla dig flytande. Amarok fr\u00e5n Baltic uppfyller alla dessa. <\/p>\n","protected":false},"featured_media":25336,"template":"","meta":{"_et_pb_use_builder":"","_et_pb_old_content":"","_et_gb_content_width":"","inline_featured_image":false},"product_brand":[],"product_cat":[732,81,554,89,112,878,90,225,730],"product_tag":[],"acf":[],"_links":{"self":[{"href":"https:\/\/baltic.se\/de\/wp-json\/wp\/v2\/product\/20091"}],"collection":[{"href":"https:\/\/baltic.se\/de\/wp-json\/wp\/v2\/product"}],"about":[{"href":"https:\/\/baltic.se\/de\/wp-json\/wp\/v2\/types\/product"}],"wp:featuredmedia":[{"embeddable":true,"href":"https:\/\/baltic.se\/de\/wp-json\/wp\/v2\/media\/25336"}],"wp:attachment":[{"href":"https:\/\/baltic.se\/de\/wp-json\/wp\/v2\/media?parent=20091"}],"wp:term":[{"taxonomy":"product_brand","embeddable":true,"href":"https:\/\/baltic.se\/de\/wp-json\/wp\/v2\/product_brand?post=20091"},{"taxonomy":"product_cat","embeddable":true,"href":"https:\/\/baltic.se\/de\/wp-json\/wp\/v2\/product_cat?post=20091"},{"taxonomy":"product_tag","embeddable":true,"href":"https:\/\/baltic.se\/de\/wp-json\/wp\/v2\/product_tag?post=20091"}],"curies":[{"name":"wp","href":"https:\/\/api.w.org\/{rel}","templated":true}]}}