{"id":1322,"date":"2021-03-26T22:12:32","date_gmt":"2021-03-26T21:12:32","guid":{"rendered":"https:\/\/baltic.se\/?post_type=product&#038;p=1322"},"modified":"2026-04-05T04:29:13","modified_gmt":"2026-04-05T02:29:13","slug":"dacksband-12-meter","status":"publish","type":"product","link":"https:\/\/baltic.se\/de\/produkt\/dacksband-12-meter\/","title":{"rendered":"D\u00e4cksband 12 Meter"},"content":{"rendered":"<ul>\n<li><span>5 \u00e5rs garanti<\/span><\/li>\n<li><span>Justerbart upp till 12m<\/span><\/li>\n<li><span>UV-stabiliserande nylon<\/span><\/li>\n<\/ul>\n<p><\/p>\n<p><span>F\u00f6r att kunna r\u00f6ra dig s\u00e4kert uppe p\u00e5 d\u00e4ck beh\u00f6vs ett d\u00e4cksband. Baltics d\u00e4cksband \u00e4r justerbara upp till 12m och tillverkade i UV-stabiliserande nylon. D\u00e4cksbandet \u00e4r f\u00f6rsett med tv\u00e5 justeringsbleck i ena \u00e4nden f\u00f6r snabb och s\u00e4ker justering och en sydd \u00f6gla i den andra.<\/span><span style=\"background-color: white\"> <\/span><\/p>\n","protected":false},"excerpt":{"rendered":"<p>5 \u00e5rs garanti Justerbart upp till 12m UV-stabiliserande nylon F\u00f6r att kunna r\u00f6ra dig s\u00e4kert uppe p\u00e5 d\u00e4ck beh\u00f6vs ett d\u00e4cksband. Baltics d\u00e4cksband \u00e4r justerbara upp till 12m och tillverkade i UV-stabiliserande nylon. D\u00e4cksbandet \u00e4r f\u00f6rsett med tv\u00e5 justeringsbleck i ena \u00e4nden f\u00f6r snabb och s\u00e4ker justering och en sydd \u00f6gla i den andra.<\/p>\n","protected":false},"featured_media":25355,"template":"","meta":{"_et_pb_use_builder":"","_et_pb_old_content":"","_et_gb_content_width":"","inline_featured_image":false},"product_brand":[],"product_cat":[298],"product_tag":[],"acf":[],"_links":{"self":[{"href":"https:\/\/baltic.se\/de\/wp-json\/wp\/v2\/product\/1322"}],"collection":[{"href":"https:\/\/baltic.se\/de\/wp-json\/wp\/v2\/product"}],"about":[{"href":"https:\/\/baltic.se\/de\/wp-json\/wp\/v2\/types\/product"}],"wp:featuredmedia":[{"embeddable":true,"href":"https:\/\/baltic.se\/de\/wp-json\/wp\/v2\/media\/25355"}],"wp:attachment":[{"href":"https:\/\/baltic.se\/de\/wp-json\/wp\/v2\/media?parent=1322"}],"wp:term":[{"taxonomy":"product_brand","embeddable":true,"href":"https:\/\/baltic.se\/de\/wp-json\/wp\/v2\/product_brand?post=1322"},{"taxonomy":"product_cat","embeddable":true,"href":"https:\/\/baltic.se\/de\/wp-json\/wp\/v2\/product_cat?post=1322"},{"taxonomy":"product_tag","embeddable":true,"href":"https:\/\/baltic.se\/de\/wp-json\/wp\/v2\/product_tag?post=1322"}],"curies":[{"name":"wp","href":"https:\/\/api.w.org\/{rel}","templated":true}]}}