{"id":1315,"date":"2021-03-26T22:12:25","date_gmt":"2021-03-26T21:12:25","guid":{"rendered":"https:\/\/baltic.se\/?post_type=product&#038;p=1315"},"modified":"2026-04-05T04:29:09","modified_gmt":"2026-04-05T02:29:09","slug":"pacific-3-l-byxa","status":"publish","type":"product","link":"https:\/\/baltic.se\/de\/produkt\/pacific-3-l-byxa\/","title":{"rendered":"Pacific 3-L Byxa"},"content":{"rendered":"<ul>\n<li><span>2 \u00e5rs garanti <\/span><\/li>\n<li><span>10&nbsp;000mm vattenpelare <\/span><\/li>\n<li><span>Vattenavvisande <\/span><\/li>\n<li><span>Vindavisande <\/span><\/li>\n<\/ul>\n<p><\/p>\n<p>Skaljackan Pacific \u00e4r designad f\u00f6r att st\u00e5 emot alla v\u00e4derf\u00f6rh\u00e5llanden till sj\u00f6ss. Med sin minimalistiska design \u00e4r den b\u00e5de funktionell och stilren \u2013 ett p\u00e5litligt val f\u00f6r aktiva dagar p\u00e5 vattnet.<\/p>\n<p><strong>Anv\u00e4ndning: <\/strong>Perfekt f\u00f6r livet ombord och andra vattenn\u00e4ra aktiviteter d\u00e4r skydd mot regn och vind \u00e4r avg\u00f6rande. Pacific \u00e4r det sj\u00e4lvklara valet f\u00f6r dig som s\u00f6ker en m\u00e5ngsidig jacka som h\u00e5ller dig torr och bekv\u00e4m oavsett f\u00f6rh\u00e5llanden.<\/p>\n<p><strong>Passform och komfort: <\/strong>Jackan erbjuder en smidig passform med 4-v\u00e4gsstretch f\u00f6r maximal r\u00f6relsefrihet. Justerbara \u00e4rmslut, f\u00e5ll och luva g\u00f6r det m\u00f6jligt att anpassa passformen efter behov. Med en vattenpelare p\u00e5 10 000 mm, tejpade s\u00f6mmar och vattenavvisande dragkedjor h\u00e5ller Pacific dig torr \u00e4ven i kraftigt regn. Tre rymliga, vattenavvisande fickor och en inv\u00e4ndig ficka ger praktiska f\u00f6rvaringsl\u00f6sningar f\u00f6r dina tillh\u00f6righeter.<\/p>\n<p><strong>Tillverkning och kvalitet: <\/strong>Pacific \u00e4r tillverkad av slitstarka och vattent\u00e4ta material som klarar \u00e4ven de mest kr\u00e4vande f\u00f6rh\u00e5llandena. Fokus ligger p\u00e5 h\u00e5llbarhet och funktion, vilket g\u00f6r jackan till en p\u00e5litlig f\u00f6ljeslagare i alla v\u00e4der.<\/p>\n","protected":false},"excerpt":{"rendered":"<p>Pacific \u00e4r en bekv\u00e4m och vattent\u00e4tt BIB-byxa med 4-v\u00e4gsstretch f\u00f6r full frihet n\u00e4r du \u00e4r aktiv fr\u00e5n Baltic. <\/p>\n","protected":false},"featured_media":116457,"template":"","meta":{"_et_pb_use_builder":"","_et_pb_old_content":"","_et_gb_content_width":"","inline_featured_image":false},"product_brand":[],"product_cat":[876,770],"product_tag":[],"acf":[],"_links":{"self":[{"href":"https:\/\/baltic.se\/de\/wp-json\/wp\/v2\/product\/1315"}],"collection":[{"href":"https:\/\/baltic.se\/de\/wp-json\/wp\/v2\/product"}],"about":[{"href":"https:\/\/baltic.se\/de\/wp-json\/wp\/v2\/types\/product"}],"wp:featuredmedia":[{"embeddable":true,"href":"https:\/\/baltic.se\/de\/wp-json\/wp\/v2\/media\/116457"}],"wp:attachment":[{"href":"https:\/\/baltic.se\/de\/wp-json\/wp\/v2\/media?parent=1315"}],"wp:term":[{"taxonomy":"product_brand","embeddable":true,"href":"https:\/\/baltic.se\/de\/wp-json\/wp\/v2\/product_brand?post=1315"},{"taxonomy":"product_cat","embeddable":true,"href":"https:\/\/baltic.se\/de\/wp-json\/wp\/v2\/product_cat?post=1315"},{"taxonomy":"product_tag","embeddable":true,"href":"https:\/\/baltic.se\/de\/wp-json\/wp\/v2\/product_tag?post=1315"}],"curies":[{"name":"wp","href":"https:\/\/api.w.org\/{rel}","templated":true}]}}