{"id":1301,"date":"2021-03-26T22:12:12","date_gmt":"2021-03-26T21:12:12","guid":{"rendered":"https:\/\/baltic.se\/?post_type=product&#038;p=1301"},"modified":"2026-04-10T04:28:22","modified_gmt":"2026-04-10T02:28:22","slug":"ulven-fleece-jacka","status":"publish","type":"product","link":"https:\/\/baltic.se\/de\/produkt\/ulven-fleece-jacka\/","title":{"rendered":"Ulven Fleece Jacka"},"content":{"rendered":"<p>Windblockfleece med utm\u00e4rkt vattenavvisning. F\u00f6rst\u00e4rkta axlar och br\u00f6stficka. Justerbara manschetter och f\u00e5ll. Denna modell \u00e4r tajt i passformen. <\/p>\n","protected":false},"excerpt":{"rendered":"<p>Windblockfleece med utm\u00e4rkt vattenavvisning fr\u00e5n Baltic. <\/p>\n","protected":false},"featured_media":25593,"template":"","meta":{"_et_pb_use_builder":"","_et_pb_old_content":"","_et_gb_content_width":"","inline_featured_image":false},"product_brand":[],"product_cat":[404,401],"product_tag":[],"acf":[],"_links":{"self":[{"href":"https:\/\/baltic.se\/de\/wp-json\/wp\/v2\/product\/1301"}],"collection":[{"href":"https:\/\/baltic.se\/de\/wp-json\/wp\/v2\/product"}],"about":[{"href":"https:\/\/baltic.se\/de\/wp-json\/wp\/v2\/types\/product"}],"wp:featuredmedia":[{"embeddable":true,"href":"https:\/\/baltic.se\/de\/wp-json\/wp\/v2\/media\/25593"}],"wp:attachment":[{"href":"https:\/\/baltic.se\/de\/wp-json\/wp\/v2\/media?parent=1301"}],"wp:term":[{"taxonomy":"product_brand","embeddable":true,"href":"https:\/\/baltic.se\/de\/wp-json\/wp\/v2\/product_brand?post=1301"},{"taxonomy":"product_cat","embeddable":true,"href":"https:\/\/baltic.se\/de\/wp-json\/wp\/v2\/product_cat?post=1301"},{"taxonomy":"product_tag","embeddable":true,"href":"https:\/\/baltic.se\/de\/wp-json\/wp\/v2\/product_tag?post=1301"}],"curies":[{"name":"wp","href":"https:\/\/api.w.org\/{rel}","templated":true}]}}