{"id":1286,"date":"2021-03-26T22:11:56","date_gmt":"2021-03-26T21:11:56","guid":{"rendered":"https:\/\/baltic.se\/?post_type=product&#038;p=1286"},"modified":"2026-04-21T04:27:07","modified_gmt":"2026-04-21T02:27:07","slug":"viken-polo-pike","status":"publish","type":"product","link":"https:\/\/baltic.se\/de\/produkt\/viken-polo-pike\/","title":{"rendered":"Viken Polo Pik\u00e9"},"content":{"rendered":"<p>Bekv\u00e4m bomullspik\u00e9.<\/p>\n","protected":false},"excerpt":{"rendered":"<p>Bekv\u00e4m bomullspik\u00e9 fr\u00e5n Baltic. <\/p>\n","protected":false},"featured_media":25878,"template":"","meta":{"_et_pb_use_builder":"","_et_pb_old_content":"","_et_gb_content_width":"","inline_featured_image":false},"product_brand":[],"product_cat":[401,406],"product_tag":[],"acf":[],"_links":{"self":[{"href":"https:\/\/baltic.se\/de\/wp-json\/wp\/v2\/product\/1286"}],"collection":[{"href":"https:\/\/baltic.se\/de\/wp-json\/wp\/v2\/product"}],"about":[{"href":"https:\/\/baltic.se\/de\/wp-json\/wp\/v2\/types\/product"}],"wp:featuredmedia":[{"embeddable":true,"href":"https:\/\/baltic.se\/de\/wp-json\/wp\/v2\/media\/25878"}],"wp:attachment":[{"href":"https:\/\/baltic.se\/de\/wp-json\/wp\/v2\/media?parent=1286"}],"wp:term":[{"taxonomy":"product_brand","embeddable":true,"href":"https:\/\/baltic.se\/de\/wp-json\/wp\/v2\/product_brand?post=1286"},{"taxonomy":"product_cat","embeddable":true,"href":"https:\/\/baltic.se\/de\/wp-json\/wp\/v2\/product_cat?post=1286"},{"taxonomy":"product_tag","embeddable":true,"href":"https:\/\/baltic.se\/de\/wp-json\/wp\/v2\/product_tag?post=1286"}],"curies":[{"name":"wp","href":"https:\/\/api.w.org\/{rel}","templated":true}]}}