{"id":1279,"date":"2021-03-26T22:11:49","date_gmt":"2021-03-26T21:11:49","guid":{"rendered":"https:\/\/baltic.se\/?post_type=product&#038;p=1279"},"modified":"2026-04-12T04:27:49","modified_gmt":"2026-04-12T02:27:49","slug":"unden-t-shirt","status":"publish","type":"product","link":"https:\/\/baltic.se\/de\/produkt\/unden-t-shirt\/","title":{"rendered":"Unden T-shirt"},"content":{"rendered":"<p>Bekv\u00e4m t-shirt i bomull med tryck p\u00e5 br\u00f6st och rygg.<\/p>\n","protected":false},"excerpt":{"rendered":"<p>Bekv\u00e4m t-shirt i bomull med tryck p\u00e5 br\u00f6st och rygg.<\/p>\n","protected":false},"featured_media":25711,"template":"","meta":{"_et_pb_use_builder":"","_et_pb_old_content":"","_et_gb_content_width":"","inline_featured_image":false},"product_brand":[],"product_cat":[401,406],"product_tag":[],"acf":[],"_links":{"self":[{"href":"https:\/\/baltic.se\/de\/wp-json\/wp\/v2\/product\/1279"}],"collection":[{"href":"https:\/\/baltic.se\/de\/wp-json\/wp\/v2\/product"}],"about":[{"href":"https:\/\/baltic.se\/de\/wp-json\/wp\/v2\/types\/product"}],"wp:featuredmedia":[{"embeddable":true,"href":"https:\/\/baltic.se\/de\/wp-json\/wp\/v2\/media\/25711"}],"wp:attachment":[{"href":"https:\/\/baltic.se\/de\/wp-json\/wp\/v2\/media?parent=1279"}],"wp:term":[{"taxonomy":"product_brand","embeddable":true,"href":"https:\/\/baltic.se\/de\/wp-json\/wp\/v2\/product_brand?post=1279"},{"taxonomy":"product_cat","embeddable":true,"href":"https:\/\/baltic.se\/de\/wp-json\/wp\/v2\/product_cat?post=1279"},{"taxonomy":"product_tag","embeddable":true,"href":"https:\/\/baltic.se\/de\/wp-json\/wp\/v2\/product_tag?post=1279"}],"curies":[{"name":"wp","href":"https:\/\/api.w.org\/{rel}","templated":true}]}}