{"id":1278,"date":"2021-03-26T22:11:49","date_gmt":"2021-03-26T21:11:49","guid":{"rendered":"https:\/\/baltic.se\/?post_type=product&#038;p=1278"},"modified":"2026-04-06T04:27:38","modified_gmt":"2026-04-06T02:27:38","slug":"industrial-hammar-flytvast","status":"publish","type":"product","link":"https:\/\/baltic.se\/de\/produkt\/industrial-hammar-flytvast\/","title":{"rendered":"Industrial Hammar Flytv\u00e4st"},"content":{"rendered":"<p>F\u00f6rutom att vara utrustad med en hydrostatisk Ma1-ventil, har Industrial HAMMAR samma egenskaper som Industrial Argus, s\u00e5som mjukt slitstarkt PVC-fodral, reflexer, lyft\u00f6gla, l\u00f6stagbart grenband och f\u00e4stpunkt f\u00f6r sprayhood. Som tillbeh\u00f6r finns sprayhood och n\u00f6dljus.<\/p>\n<p><strong>T\u00c4NK P\u00c5:<\/strong> En flytv\u00e4st \u00e4r ett viktigt s\u00e4kerhetshj\u00e4lpmedel som kan minska risken f\u00f6r drunkning, men den garanterar inte r\u00e4ddning. Anv\u00e4nd alltid flytv\u00e4sten korrekt och f\u00f6lj alla s\u00e4kerhetsinstruktioner.<\/p>\n","protected":false},"excerpt":{"rendered":"<p>F\u00f6rutom att vara utrustad med en hydrostatisk Ma1-ventil, har Industrial HAMMAR samma egenskaper som Industrial Argus, s\u00e5som mjukt slitstarkt PVC-fodral, reflexer, lyft\u00f6gla, l\u00f6stagbart grenband och f\u00e4stpunkt f\u00f6r sprayhood. Som tillbeh\u00f6r finns sprayhood och n\u00f6dljus. T\u00c4NK P\u00c5: En flytv\u00e4st \u00e4r ett viktigt s\u00e4kerhetshj\u00e4lpmedel som kan minska risken f\u00f6r drunkning, men den garanterar inte r\u00e4ddning. Anv\u00e4nd alltid [&hellip;]<\/p>\n","protected":false},"featured_media":25657,"template":"","meta":{"_et_pb_use_builder":"","_et_pb_old_content":"","_et_gb_content_width":"","inline_featured_image":false},"product_brand":[],"product_cat":[225,558,731],"product_tag":[],"acf":[],"_links":{"self":[{"href":"https:\/\/baltic.se\/de\/wp-json\/wp\/v2\/product\/1278"}],"collection":[{"href":"https:\/\/baltic.se\/de\/wp-json\/wp\/v2\/product"}],"about":[{"href":"https:\/\/baltic.se\/de\/wp-json\/wp\/v2\/types\/product"}],"wp:featuredmedia":[{"embeddable":true,"href":"https:\/\/baltic.se\/de\/wp-json\/wp\/v2\/media\/25657"}],"wp:attachment":[{"href":"https:\/\/baltic.se\/de\/wp-json\/wp\/v2\/media?parent=1278"}],"wp:term":[{"taxonomy":"product_brand","embeddable":true,"href":"https:\/\/baltic.se\/de\/wp-json\/wp\/v2\/product_brand?post=1278"},{"taxonomy":"product_cat","embeddable":true,"href":"https:\/\/baltic.se\/de\/wp-json\/wp\/v2\/product_cat?post=1278"},{"taxonomy":"product_tag","embeddable":true,"href":"https:\/\/baltic.se\/de\/wp-json\/wp\/v2\/product_tag?post=1278"}],"curies":[{"name":"wp","href":"https:\/\/api.w.org\/{rel}","templated":true}]}}