{"id":1272,"date":"2021-03-26T22:11:43","date_gmt":"2021-03-26T21:11:43","guid":{"rendered":"https:\/\/baltic.se\/?post_type=product&#038;p=1272"},"modified":"2026-04-15T04:32:45","modified_gmt":"2026-04-15T02:32:45","slug":"worker-flytvast","status":"publish","type":"product","link":"https:\/\/baltic.se\/de\/produkt\/worker-flytvast\/","title":{"rendered":"Worker Flytv\u00e4st"},"content":{"rendered":"<p>Worker \u00e4r en robust 50N flytv\u00e4st ur v\u00e5rt industrisortiment. Fodralet \u00e4r av PVC-belagd nylon som g\u00f6r v\u00e4sten motst\u00e5ndskraftig mot UV-ljus, olja och m\u00f6gel. Worker har tre stadiga midjeband f\u00f6r att s\u00e4kerst\u00e4lla en bekv\u00e4m passform, lyfthandtag i axelremmarna och reflexer p\u00e5 axlarna.<\/p>\n<p><strong>T\u00c4NK P\u00c5:<\/strong> En flytv\u00e4st \u00e4r ett viktigt s\u00e4kerhetshj\u00e4lpmedel som kan minska risken f\u00f6r drunkning, men den garanterar inte r\u00e4ddning. Anv\u00e4nd alltid flytv\u00e4sten korrekt och f\u00f6lj alla s\u00e4kerhetsinstruktioner.<\/p>\n","protected":false},"excerpt":{"rendered":"<p>Worker \u00e4r en robust 50N flytv\u00e4st ur v\u00e5rt industrisortiment. Fodralet \u00e4r av PVC-belagd nylon som g\u00f6r v\u00e4sten motst\u00e5ndskraftig mot UV-ljus, olja och m\u00f6gel. Worker har tre stadiga midjeband f\u00f6r att s\u00e4kerst\u00e4lla en bekv\u00e4m passform, lyfthandtag i axelremmarna och reflexer p\u00e5 axlarna. T\u00c4NK P\u00c5: En flytv\u00e4st \u00e4r ett viktigt s\u00e4kerhetshj\u00e4lpmedel som kan minska risken f\u00f6r drunkning, [&hellip;]<\/p>\n","protected":false},"featured_media":25541,"template":"","meta":{"_et_pb_use_builder":"","_et_pb_old_content":"","_et_gb_content_width":"","inline_featured_image":false},"product_brand":[],"product_cat":[560,225,731],"product_tag":[],"acf":[],"_links":{"self":[{"href":"https:\/\/baltic.se\/de\/wp-json\/wp\/v2\/product\/1272"}],"collection":[{"href":"https:\/\/baltic.se\/de\/wp-json\/wp\/v2\/product"}],"about":[{"href":"https:\/\/baltic.se\/de\/wp-json\/wp\/v2\/types\/product"}],"wp:featuredmedia":[{"embeddable":true,"href":"https:\/\/baltic.se\/de\/wp-json\/wp\/v2\/media\/25541"}],"wp:attachment":[{"href":"https:\/\/baltic.se\/de\/wp-json\/wp\/v2\/media?parent=1272"}],"wp:term":[{"taxonomy":"product_brand","embeddable":true,"href":"https:\/\/baltic.se\/de\/wp-json\/wp\/v2\/product_brand?post=1272"},{"taxonomy":"product_cat","embeddable":true,"href":"https:\/\/baltic.se\/de\/wp-json\/wp\/v2\/product_cat?post=1272"},{"taxonomy":"product_tag","embeddable":true,"href":"https:\/\/baltic.se\/de\/wp-json\/wp\/v2\/product_tag?post=1272"}],"curies":[{"name":"wp","href":"https:\/\/api.w.org\/{rel}","templated":true}]}}