{"id":125711,"date":"2025-11-12T13:53:42","date_gmt":"2025-11-12T12:53:42","guid":{"rendered":"https:\/\/baltic.se\/produkt\/pacific-wp-backpack111-outlet-2\/"},"modified":"2026-04-12T04:43:07","modified_gmt":"2026-04-12T02:43:07","slug":"pacific-wp-backpack-2025","status":"publish","type":"product","link":"https:\/\/baltic.se\/de\/produkt\/pacific-wp-backpack-2025\/","title":{"rendered":"Pacific WP Backpack 2025"},"content":{"rendered":"<p><span style=\"font-size: 16px\">Vattent\u00e4t v\u00e4ska i slitstarka material med svetsade s\u00f6mmar. Volym 30 liter.<\/span><\/p>\n<p><span style=\"font-size: 16px\">M\u00e5tt :&nbsp;30x30x66cm(\u00f6ppen) and 30x30x48cm (st\u00e4ngd).<\/span><\/p>\n","protected":false},"excerpt":{"rendered":"<p>Vattent\u00e4t v\u00e4ska i slitstarka material med svetsade s\u00f6mmar. Volym 30 liter<\/p>\n","protected":false},"featured_media":104583,"template":"","meta":{"_et_pb_use_builder":"","_et_pb_old_content":"","_et_gb_content_width":"","inline_featured_image":false},"product_brand":[],"product_cat":[876,770],"product_tag":[],"acf":[],"_links":{"self":[{"href":"https:\/\/baltic.se\/de\/wp-json\/wp\/v2\/product\/125711"}],"collection":[{"href":"https:\/\/baltic.se\/de\/wp-json\/wp\/v2\/product"}],"about":[{"href":"https:\/\/baltic.se\/de\/wp-json\/wp\/v2\/types\/product"}],"wp:featuredmedia":[{"embeddable":true,"href":"https:\/\/baltic.se\/de\/wp-json\/wp\/v2\/media\/104583"}],"wp:attachment":[{"href":"https:\/\/baltic.se\/de\/wp-json\/wp\/v2\/media?parent=125711"}],"wp:term":[{"taxonomy":"product_brand","embeddable":true,"href":"https:\/\/baltic.se\/de\/wp-json\/wp\/v2\/product_brand?post=125711"},{"taxonomy":"product_cat","embeddable":true,"href":"https:\/\/baltic.se\/de\/wp-json\/wp\/v2\/product_cat?post=125711"},{"taxonomy":"product_tag","embeddable":true,"href":"https:\/\/baltic.se\/de\/wp-json\/wp\/v2\/product_tag?post=125711"}],"curies":[{"name":"wp","href":"https:\/\/api.w.org\/{rel}","templated":true}]}}