{"id":125703,"date":"2025-11-11T12:20:02","date_gmt":"2025-11-11T11:20:02","guid":{"rendered":"https:\/\/baltic.se\/?post_type=product&#038;p=125703"},"modified":"2026-04-16T09:11:48","modified_gmt":"2026-04-16T07:11:48","slug":"split-front-e-i-2025","status":"publish","type":"product","link":"https:\/\/baltic.se\/de\/produkt\/split-front-e-i-2025\/","title":{"rendered":"Split Front E.I 2025"},"content":{"rendered":"<ul>\n<li>\u00c5tervunnet material<\/li>\n<li>Barnstorlekar<\/li>\n<li>Delat flytskum<\/li>\n<\/ul>\n<p><\/p>\n<p><strong>Baltic Split Front E.I<\/strong> \u00e4r en s\u00e4ker och bekv\u00e4m flytv\u00e4st f\u00f6r barn, perfekt f\u00f6r b\u00e5de nyb\u00f6rjare och mer erfarna sm\u00e5 paddlare. Den fungerar lika bra vid korta turer som under l\u00e4ngre vattenaktiviteter eller lek vid stranden, d\u00e4r barnets trygghet alltid \u00e4r i fokus.<\/p>\n<p><strong>S\u00e4kerhet: <\/strong>Med CE-certifiering och en flytkraft p\u00e5 100N erbjuder v\u00e4sten p\u00e5litligt st\u00f6d f\u00f6r barn. Den \u00e4r utrustad med reflexdetaljer, visselpipa och grenband f\u00f6r extra s\u00e4kerhet. Det praktiska handtaget bakom kragen g\u00f6r det enkelt att snabbt lyfta barnet vid behov, vilket ger b\u00e5de trygghet och kontroll i alla vattenmilj\u00f6er.<\/p>\n<p><strong>Passform och komfort: <\/strong>Split Front-designen med delat flytmaterial fram \u00f6kar r\u00f6rligheten och ger b\u00e4ttre komfort. Bredden p\u00e5 grenbandet och storleken, anpassad f\u00f6r barn som v\u00e4ger 3\u201315 kg, s\u00e4kerst\u00e4ller en stabil och bekv\u00e4m passform \u00e4ven under l\u00e4ngre vistelser p\u00e5 vattnet. V\u00e4sten \u00e4r utformad f\u00f6r fri r\u00f6relse och en behaglig upplevelse.<\/p>\n<p><strong>Tillverkning och kvalitet: <\/strong>Tillverkad i Europa med h\u00f6ga kvalitetskrav, delvis av \u00e5tervunnet material som polyeten fr\u00e5n industriavfall och tyg gjort av \u00e5tervunna PET-flaskor. Det g\u00f6r v\u00e4sten h\u00e5llbar och s\u00e4ker f\u00f6r anv\u00e4ndning i vattenmilj\u00f6er.<\/p>\n<p><strong>T\u00c4NK P\u00c5: <\/strong>En flytv\u00e4st \u00e4r ett viktigt s\u00e4kerhetshj\u00e4lpmedel som kan minska risken f\u00f6r drunkning, men den garanterar inte r\u00e4ddning. Anv\u00e4nd alltid flytv\u00e4sten korrekt och f\u00f6lj alla s\u00e4kerhetsinstruktioner.<\/p>\n","protected":false},"excerpt":{"rendered":"<p>Split Front \u00e4r flytv\u00e4sten som ska forma kommande generationer till sm\u00e5 sj\u00f6m\u00e4n, f\u00f6r en gemensam framtid p\u00e5 v\u00e5r vatten.<\/p>\n","protected":false},"featured_media":125698,"template":"","meta":{"_et_pb_use_builder":"","_et_pb_old_content":"","_et_gb_content_width":"","inline_featured_image":false},"product_brand":[],"product_cat":[876,770],"product_tag":[],"acf":[],"_links":{"self":[{"href":"https:\/\/baltic.se\/de\/wp-json\/wp\/v2\/product\/125703"}],"collection":[{"href":"https:\/\/baltic.se\/de\/wp-json\/wp\/v2\/product"}],"about":[{"href":"https:\/\/baltic.se\/de\/wp-json\/wp\/v2\/types\/product"}],"wp:featuredmedia":[{"embeddable":true,"href":"https:\/\/baltic.se\/de\/wp-json\/wp\/v2\/media\/125698"}],"wp:attachment":[{"href":"https:\/\/baltic.se\/de\/wp-json\/wp\/v2\/media?parent=125703"}],"wp:term":[{"taxonomy":"product_brand","embeddable":true,"href":"https:\/\/baltic.se\/de\/wp-json\/wp\/v2\/product_brand?post=125703"},{"taxonomy":"product_cat","embeddable":true,"href":"https:\/\/baltic.se\/de\/wp-json\/wp\/v2\/product_cat?post=125703"},{"taxonomy":"product_tag","embeddable":true,"href":"https:\/\/baltic.se\/de\/wp-json\/wp\/v2\/product_tag?post=125703"}],"curies":[{"name":"wp","href":"https:\/\/api.w.org\/{rel}","templated":true}]}}