{"id":125673,"date":"2025-11-10T16:01:05","date_gmt":"2025-11-10T15:01:05","guid":{"rendered":"https:\/\/baltic.se\/?post_type=product&#038;p=125673"},"modified":"2026-04-05T04:43:13","modified_gmt":"2026-04-05T02:43:13","slug":"unden-t-shirt-2025","status":"publish","type":"product","link":"https:\/\/baltic.se\/de\/produkt\/unden-t-shirt-2025\/","title":{"rendered":"Unden T-shirt 2025"},"content":{"rendered":"","protected":false},"excerpt":{"rendered":"<p>Bekv\u00e4m t-shirt i bomull med tryck p\u00e5 br\u00f6st och rygg.<\/p>\n","protected":false},"featured_media":25711,"template":"","meta":{"_et_pb_use_builder":"","_et_pb_old_content":"","_et_gb_content_width":"","inline_featured_image":false},"product_brand":[],"product_cat":[876,770],"product_tag":[],"acf":[],"_links":{"self":[{"href":"https:\/\/baltic.se\/de\/wp-json\/wp\/v2\/product\/125673"}],"collection":[{"href":"https:\/\/baltic.se\/de\/wp-json\/wp\/v2\/product"}],"about":[{"href":"https:\/\/baltic.se\/de\/wp-json\/wp\/v2\/types\/product"}],"wp:featuredmedia":[{"embeddable":true,"href":"https:\/\/baltic.se\/de\/wp-json\/wp\/v2\/media\/25711"}],"wp:attachment":[{"href":"https:\/\/baltic.se\/de\/wp-json\/wp\/v2\/media?parent=125673"}],"wp:term":[{"taxonomy":"product_brand","embeddable":true,"href":"https:\/\/baltic.se\/de\/wp-json\/wp\/v2\/product_brand?post=125673"},{"taxonomy":"product_cat","embeddable":true,"href":"https:\/\/baltic.se\/de\/wp-json\/wp\/v2\/product_cat?post=125673"},{"taxonomy":"product_tag","embeddable":true,"href":"https:\/\/baltic.se\/de\/wp-json\/wp\/v2\/product_tag?post=125673"}],"curies":[{"name":"wp","href":"https:\/\/api.w.org\/{rel}","templated":true}]}}