{"id":125654,"date":"2025-11-10T15:58:37","date_gmt":"2025-11-10T14:58:37","guid":{"rendered":"https:\/\/baltic.se\/?post_type=product&#038;p=125654"},"modified":"2026-04-17T04:42:03","modified_gmt":"2026-04-17T02:42:03","slug":"sandhamn-2025","status":"publish","type":"product","link":"https:\/\/baltic.se\/de\/produkt\/sandhamn-2025\/","title":{"rendered":"Sandhamn 2025"},"content":{"rendered":"<ul>\n<li>Flytplagg<\/li>\n<\/ul>\n<p><\/p>\n<p><strong>Baltic Sandhamn flytv\u00e4st<\/strong> \u00e4r ett stilrent och funktionellt flytplagg som passar b\u00e5de f\u00f6r aktiva dagar p\u00e5 sj\u00f6n och f\u00f6r avkoppling p\u00e5 land. Den \u00e4r idealisk f\u00f6r simkunniga som vill ha b\u00e5de s\u00e4kerhet och komfort.<\/p>\n<p><strong>S\u00e4kerhet: <\/strong>Med 50N flytkraft klassas Sandhamn som ett flythj\u00e4lpmedel och h\u00e5ller dig tryggt flytande. V\u00e4sten \u00e4r avsedd f\u00f6r simkunniga personer och har ett avtagbart grenband f\u00f6r extra s\u00e4kerhet vid behov.<\/p>\n<p><strong>Passform och komfort: <\/strong>Den fleecefodrade kragen ger v\u00e4rme och \u00f6kad komfort p\u00e5 kyliga dagar. Tre fickor med vattent\u00e4ta dragkedjor ger s\u00e4ker f\u00f6rvaring f\u00f6r sm\u00e5saker, och v\u00e4stens design ger en bekv\u00e4m passform som fungerar b\u00e5de p\u00e5 vattnet och p\u00e5 land.<\/p>\n<p><strong>Kvalitet och tillverkning: <\/strong>Sandhamn flytv\u00e4st \u00e4r tillverkad f\u00f6r att torka snabbt efter anv\u00e4ndning och leverera p\u00e5litlig prestanda under alla typer av vattenaktiviteter.<\/p>\n<p><strong>T\u00c4NK P\u00c5:&nbsp;<\/strong>En flytv\u00e4st \u00e4r ett viktigt s\u00e4kerhetshj\u00e4lpmedel som kan minska risken f\u00f6r drunkning, men den garanterar inte r\u00e4ddning. Anv\u00e4nd alltid flytv\u00e4sten korrekt och f\u00f6lj alla s\u00e4kerhetsinstruktioner.<\/p>\n","protected":false},"excerpt":{"rendered":"<p>Innovation, design och s\u00e4kerhet \u00e4r Baltics ledord. Flytv\u00e4sten Sandhamn i traditionell v\u00e4st design ger dig en s\u00e4ker upplevelse till sj\u00f6ss, utan att beh\u00f6va kompromissa med stil. <\/p>\n","protected":false},"featured_media":121372,"template":"","meta":{"_et_pb_use_builder":"","_et_pb_old_content":"","_et_gb_content_width":"","inline_featured_image":false},"product_brand":[],"product_cat":[876,770],"product_tag":[],"acf":[],"_links":{"self":[{"href":"https:\/\/baltic.se\/de\/wp-json\/wp\/v2\/product\/125654"}],"collection":[{"href":"https:\/\/baltic.se\/de\/wp-json\/wp\/v2\/product"}],"about":[{"href":"https:\/\/baltic.se\/de\/wp-json\/wp\/v2\/types\/product"}],"wp:featuredmedia":[{"embeddable":true,"href":"https:\/\/baltic.se\/de\/wp-json\/wp\/v2\/media\/121372"}],"wp:attachment":[{"href":"https:\/\/baltic.se\/de\/wp-json\/wp\/v2\/media?parent=125654"}],"wp:term":[{"taxonomy":"product_brand","embeddable":true,"href":"https:\/\/baltic.se\/de\/wp-json\/wp\/v2\/product_brand?post=125654"},{"taxonomy":"product_cat","embeddable":true,"href":"https:\/\/baltic.se\/de\/wp-json\/wp\/v2\/product_cat?post=125654"},{"taxonomy":"product_tag","embeddable":true,"href":"https:\/\/baltic.se\/de\/wp-json\/wp\/v2\/product_tag?post=125654"}],"curies":[{"name":"wp","href":"https:\/\/api.w.org\/{rel}","templated":true}]}}