{"id":125560,"date":"2025-11-10T15:35:29","date_gmt":"2025-11-10T14:35:29","guid":{"rendered":"https:\/\/baltic.se\/?post_type=product&#038;p=125560"},"modified":"2026-04-19T04:40:43","modified_gmt":"2026-04-19T02:40:43","slug":"splash-2025","status":"publish","type":"product","link":"https:\/\/baltic.se\/de\/produkt\/splash-2025\/","title":{"rendered":"Splash 2025"},"content":{"rendered":"<p>Uppt\u00e4ck Splash \u2013 v\u00e5r senaste hundflytv\u00e4st som kombinerar komfort, s\u00e4kerhet och modern design. Modellen \u00e4r utvecklad f\u00f6r att ge hunden ett stabilt och tryggt st\u00f6d i vattnet samtidigt som den sitter l\u00e4tt och f\u00f6ljsamt p\u00e5 kroppen. Det praktiska lyfthandtaget g\u00f6r det enkelt att snabbt hj\u00e4lpa din hund vid behov, och de robusta remmarna med snabbsp\u00e4nnen g\u00f6r p\u00e5- och avtagningen smidig.<\/p>\n<p><\/p>\n<p>Flytv\u00e4sten har ett ventilerande meshfoder som h\u00e5ller hunden sval samt en mjuk vaddering under br\u00f6stkorgen f\u00f6r att undvika skav. Reflexdetaljen l\u00e4ngs ryggen bidrar till extra synlighet i m\u00f6rker. Med tv\u00e5 D-ringar f\u00e5r du dessutom flexibilitet n\u00e4r du ska f\u00e4sta kopplet. Splash-hundflytv\u00e4sten \u00e4r en genomt\u00e4nkt och p\u00e5litlig f\u00f6ljeslagare f\u00f6r alla vatten\u00e4ventyr.<\/p>\n","protected":false},"excerpt":{"rendered":"<p>Uppt\u00e4ck Splash \u2013 v\u00e5r senaste hundflytv\u00e4st som kombinerar komfort, s\u00e4kerhet och modern design. Modellen \u00e4r utvecklad f\u00f6r att ge hunden ett stabilt och tryggt st\u00f6d i vattnet samtidigt som den sitter l\u00e4tt och f\u00f6ljsamt p\u00e5 kroppen. Det praktiska lyfthandtaget g\u00f6r det enkelt att snabbt hj\u00e4lpa din hund vid behov, och de robusta remmarna med snabbsp\u00e4nnen [&hellip;]<\/p>\n","protected":false},"featured_media":79291,"template":"","meta":{"_et_pb_use_builder":"","_et_pb_old_content":"","_et_gb_content_width":"","inline_featured_image":false},"product_brand":[],"product_cat":[876,770],"product_tag":[],"acf":[],"_links":{"self":[{"href":"https:\/\/baltic.se\/de\/wp-json\/wp\/v2\/product\/125560"}],"collection":[{"href":"https:\/\/baltic.se\/de\/wp-json\/wp\/v2\/product"}],"about":[{"href":"https:\/\/baltic.se\/de\/wp-json\/wp\/v2\/types\/product"}],"wp:featuredmedia":[{"embeddable":true,"href":"https:\/\/baltic.se\/de\/wp-json\/wp\/v2\/media\/79291"}],"wp:attachment":[{"href":"https:\/\/baltic.se\/de\/wp-json\/wp\/v2\/media?parent=125560"}],"wp:term":[{"taxonomy":"product_brand","embeddable":true,"href":"https:\/\/baltic.se\/de\/wp-json\/wp\/v2\/product_brand?post=125560"},{"taxonomy":"product_cat","embeddable":true,"href":"https:\/\/baltic.se\/de\/wp-json\/wp\/v2\/product_cat?post=125560"},{"taxonomy":"product_tag","embeddable":true,"href":"https:\/\/baltic.se\/de\/wp-json\/wp\/v2\/product_tag?post=125560"}],"curies":[{"name":"wp","href":"https:\/\/api.w.org\/{rel}","templated":true}]}}