{"id":1241,"date":"2021-03-26T22:11:12","date_gmt":"2021-03-26T21:11:12","guid":{"rendered":"https:\/\/baltic.se\/?post_type=product&#038;p=1241"},"modified":"2026-04-21T18:00:04","modified_gmt":"2026-04-21T16:00:04","slug":"hybrid-220-auto-flytvast","status":"publish","type":"product","link":"https:\/\/baltic.se\/de\/produkt\/hybrid-220-auto-flytvast\/","title":{"rendered":"Hybrid 220 Auto Flytv\u00e4st"},"content":{"rendered":"<ul>\n<li>Allround <\/li>\n<li>Hybrid<\/li>\n<li>Automatisk uppbl\u00e5sning<\/li>\n<\/ul>\n<p><\/p>\n<p>Hybrid 220 Auto Flytv\u00e4st kombinerar flytmaterial med en uppbl\u00e5sbar lunga, vilket ger \u00f6verl\u00e4gsen s\u00e4kerhet p\u00e5 vattnet. Denna flytv\u00e4st \u00e4r designad f\u00f6r att ge trygghet och livr\u00e4ddande st\u00f6d n\u00e4r du beh\u00f6ver det som mest.<\/p>\n<p><strong>S\u00e4kerhet:<\/strong> Utrustad med en integrerad s\u00e4kerhetssele godk\u00e4nd enligt EN\/ISO 12401 erbjuder Hybrid 220 Auto h\u00f6gsta s\u00e4kerhet. Med en total b\u00e4rf\u00f6rm\u00e5ga p\u00e5 220N, d\u00e4r lungan bidrar med 165N och flytmaterialet med 55N, aktiveras den automatiska uppbl\u00e5sningen om du hamnar i vattnet. Detta g\u00f6r att v\u00e4sten alltid v\u00e4nder dig till ryggl\u00e4ge och h\u00e5ller luftv\u00e4garna ovanf\u00f6r vattenytan, vilket \u00e4r s\u00e4rskilt viktigt f\u00f6r personer som inte kan simma.<\/p>\n<p><strong>Passform och komfort:<\/strong> Flytv\u00e4sten har dubbla grenband och tv\u00e5 dragkedjsf\u00f6rsedda fickor, vilket g\u00f6r den b\u00e5de praktisk och bekv\u00e4m att anv\u00e4nda. Dessutom finns ett inspektionsf\u00f6nster med gr\u00f6na indikatorer som tydligt visar att flytv\u00e4sten \u00e4r laddad och redo f\u00f6r anv\u00e4ndning.<\/p>\n<p><strong>Tillverkning och kvalitet:<\/strong> Hybrid 220 Auto \u00e4r konstruerad f\u00f6r att alltid h\u00e5lla dig flytande och s\u00e4ker. Den \u00e4r ett oumb\u00e4rligt val f\u00f6r alla som vistas p\u00e5 vattnet och s\u00f6ker maximal trygghet.<\/p>\n<p><strong>T\u00c4NK P\u00c5:<\/strong> En flytv\u00e4st \u00e4r ett viktigt s\u00e4kerhetshj\u00e4lpmedel som kan minska risken f\u00f6r drunkning, men den garanterar inte r\u00e4ddning. Anv\u00e4nd alltid flytv\u00e4sten korrekt och f\u00f6lj alla s\u00e4kerhetsinstruktioner.<\/p>\n","protected":false},"excerpt":{"rendered":"<p>Flytv\u00e4sten Hybrid 220 fr\u00e5n Baltic \u00e4r unik i sitt slag med integrerad uppbl\u00e5sbara lugna och flytmaterial. Kompromissl\u00f6s kvalit\u00e9 in i minsta detalj. <\/p>\n","protected":false},"featured_media":60164,"template":"","meta":{"_et_pb_use_builder":"","_et_pb_old_content":"","_et_gb_content_width":"","inline_featured_image":false},"product_brand":[],"product_cat":[112,90,559,225,72,731],"product_tag":[],"acf":[],"_links":{"self":[{"href":"https:\/\/baltic.se\/de\/wp-json\/wp\/v2\/product\/1241"}],"collection":[{"href":"https:\/\/baltic.se\/de\/wp-json\/wp\/v2\/product"}],"about":[{"href":"https:\/\/baltic.se\/de\/wp-json\/wp\/v2\/types\/product"}],"wp:featuredmedia":[{"embeddable":true,"href":"https:\/\/baltic.se\/de\/wp-json\/wp\/v2\/media\/60164"}],"wp:attachment":[{"href":"https:\/\/baltic.se\/de\/wp-json\/wp\/v2\/media?parent=1241"}],"wp:term":[{"taxonomy":"product_brand","embeddable":true,"href":"https:\/\/baltic.se\/de\/wp-json\/wp\/v2\/product_brand?post=1241"},{"taxonomy":"product_cat","embeddable":true,"href":"https:\/\/baltic.se\/de\/wp-json\/wp\/v2\/product_cat?post=1241"},{"taxonomy":"product_tag","embeddable":true,"href":"https:\/\/baltic.se\/de\/wp-json\/wp\/v2\/product_tag?post=1241"}],"curies":[{"name":"wp","href":"https:\/\/api.w.org\/{rel}","templated":true}]}}