{"id":123,"date":"2021-02-05T12:43:27","date_gmt":"2021-02-05T11:43:27","guid":{"rendered":"https:\/\/baltic.se\/?post_type=product&#038;p=123"},"modified":"2026-04-08T08:03:08","modified_gmt":"2026-04-08T06:03:08","slug":"pro-sailor-flytvast","status":"publish","type":"product","link":"https:\/\/baltic.se\/de\/produkt\/pro-sailor-flytvast\/","title":{"rendered":"Pro Sailor Flytv\u00e4st"},"content":{"rendered":"<ul>\n<li>Allround <\/li>\n<li>T\u00e4tt storleksintervall <\/li>\n<li>Delat flytskum<\/li>\n<li>Finns i vuxenstorlekar<\/li>\n<\/ul>\n<p><\/p>\n<p>Baltic Pro Sailor \u00e4r en trygg och bekv\u00e4m r\u00e4ddningsv\u00e4st som passar b\u00e5de barn och vuxna. Med flera storlekar och delat flytmaterial f\u00e5r du en f\u00f6ljsam och s\u00e4ker passform &#8211; perfekt f\u00f6r alla typer av vatten\u00e4ventyr.<\/p>\n<p><strong>S\u00e4kerhet:<\/strong> Reflexer och visselpipa g\u00f6r dig synlig och h\u00f6rbar i n\u00f6dsituationer. De minsta storlekarna har dubbla f\u00e4sten f\u00f6r grenband och grenbandsbyxa samt ett handtag bakom kragen f\u00f6r s\u00e4kra lyft. Med en b\u00e4rf\u00f6rm\u00e5ga p\u00e5 100N klassas Pro Sailor som en r\u00e4ddningsv\u00e4st, designad f\u00f6r att hj\u00e4lpa till att h\u00e5lla barnet i ryggl\u00e4ge och luftv\u00e4garna \u00f6ver vattenytan.<\/p>\n<p><strong>Passform:<\/strong> Pro Sailor \u00e4r designad f\u00f6r att ge r\u00f6relsefrihet utan att kompromissa med s\u00e4kerheten. Tack vare det delade flytmaterialet sitter v\u00e4sten bekv\u00e4mt och stadigt, \u00e4ven under aktiva dagar p\u00e5 vattnet.<\/p>\n<p><strong>Tillverkning och kvalitet:<\/strong> Tillverkad i Europa med noggrant utvalda material som kombinerar s\u00e4kerhet och komfort f\u00f6r l\u00e5ngvarig anv\u00e4ndning.<\/p>\n<p><strong>T\u00c4NK P\u00c5:<\/strong> En flytv\u00e4st \u00e4r ett viktigt s\u00e4kerhetshj\u00e4lpmedel som kan minska risken f\u00f6r drunkning, men den garanterar inte r\u00e4ddning. Anv\u00e4nd alltid flytv\u00e4sten korrekt och f\u00f6lj alla s\u00e4kerhetsinstruktioner.<\/p>\n","protected":false},"excerpt":{"rendered":"<p>Baltic Pro Sailor Flytv\u00e4st finns i 8 storlekar f\u00f6r b\u00e4sta passform. H\u00f6g s\u00e4kerhet: reflexer, visselpipa och b\u00e4rhandtag p\u00e5 de minsta storlekarna.<\/p>\n","protected":false},"featured_media":25296,"template":"","meta":{"_et_pb_use_builder":"","_et_pb_old_content":"","_et_gb_content_width":"","inline_featured_image":false},"product_brand":[],"product_cat":[77,91,86,112,90],"product_tag":[],"acf":[],"_links":{"self":[{"href":"https:\/\/baltic.se\/de\/wp-json\/wp\/v2\/product\/123"}],"collection":[{"href":"https:\/\/baltic.se\/de\/wp-json\/wp\/v2\/product"}],"about":[{"href":"https:\/\/baltic.se\/de\/wp-json\/wp\/v2\/types\/product"}],"wp:featuredmedia":[{"embeddable":true,"href":"https:\/\/baltic.se\/de\/wp-json\/wp\/v2\/media\/25296"}],"wp:attachment":[{"href":"https:\/\/baltic.se\/de\/wp-json\/wp\/v2\/media?parent=123"}],"wp:term":[{"taxonomy":"product_brand","embeddable":true,"href":"https:\/\/baltic.se\/de\/wp-json\/wp\/v2\/product_brand?post=123"},{"taxonomy":"product_cat","embeddable":true,"href":"https:\/\/baltic.se\/de\/wp-json\/wp\/v2\/product_cat?post=123"},{"taxonomy":"product_tag","embeddable":true,"href":"https:\/\/baltic.se\/de\/wp-json\/wp\/v2\/product_tag?post=123"}],"curies":[{"name":"wp","href":"https:\/\/api.w.org\/{rel}","templated":true}]}}