{"id":1184,"date":"2021-03-26T12:39:01","date_gmt":"2021-03-26T11:39:01","guid":{"rendered":"https:\/\/baltic.se\/?post_type=product&#038;p=1184"},"modified":"2026-04-23T08:13:38","modified_gmt":"2026-04-23T06:13:38","slug":"winner-sele-flytvast","status":"publish","type":"product","link":"https:\/\/baltic.se\/de\/produkt\/winner-sele-flytvast\/","title":{"rendered":"Winner Sele Flytv\u00e4st"},"content":{"rendered":"<ul>\n<li>F\u00f6r Segling<\/li>\n<li>Enklare passform<\/li>\n<li>Integrerad sele<\/li>\n<li>Automatisk uppbl\u00e5sning<\/li>\n<\/ul>\n<p><\/p>\n<p>Uppt\u00e4ck Baltic Winner Sele \u2013 en kompakt, uppbl\u00e5sbar r\u00e4ddningsv\u00e4st som \u00e4r perfekt f\u00f6r segling, motorb\u00e5t och fiske. Den kombinerar modern design med h\u00f6g s\u00e4kerhet och komfort.<\/p>\n<p><strong>S\u00e4kerhet: <\/strong>Med en b\u00e4rf\u00f6rm\u00e5ga p\u00e5 165N och CE-certifiering s\u00e4kerst\u00e4ller Baltic Winner Sele att dina luftv\u00e4gar h\u00e5lls ovanf\u00f6r vattenytan. V\u00e4sten bl\u00e5ses upp automatiskt inom tre sekunder efter att du hamnar i vattnet och har \u00e4ven en manuell uppbl\u00e5sningsfunktion. Den \u00e4r utrustad med en luftt\u00e4t lunga och en kolsyrepatron som \u00e4r skyddad mot oavsiktlig \u00f6ppning.<\/p>\n<p><strong>Passform och komfort: <\/strong>Den mjuka fleecekragen och det kraftiga yttertyget ger b\u00e5de komfort och h\u00e5llbarhet. V\u00e4sten har en integrerad s\u00e4kerhetssele och ett l\u00f6stagbart grenband f\u00f6r en justerbar och bekv\u00e4m passform.<\/p>\n<p><strong>Tillverkning och kvalitet: <\/strong>Baltic Winner Sele Flytv\u00e4st \u00e4r byggd f\u00f6r att vara h\u00e5llbar och p\u00e5litlig i alla f\u00f6rh\u00e5llanden. Den \u00e4r designad f\u00f6r att leverera maximal funktion och s\u00e4kerhet n\u00e4r du beh\u00f6ver det som mest.<\/p>\n<p><strong>T\u00c4NK P\u00c5:<\/strong> En flytv\u00e4st \u00e4r ett viktigt s\u00e4kerhetshj\u00e4lpmedel som kan minska risken f\u00f6r drunkning, men den garanterar inte r\u00e4ddning. Anv\u00e4nd alltid flytv\u00e4sten korrekt och f\u00f6lj alla s\u00e4kerhetsinstruktioner.<\/p>\n","protected":false},"excerpt":{"rendered":"<p>Uppbl\u00e5sbar r\u00e4ddningsv\u00e4st f\u00f6r allround s\u00e4kerhet upp till 165N. Kompromissl\u00f6s Baltic-konstruktion med s\u00e4kerhet, funktion, kvalitet och passform. Integrerad s\u00e4kerhetssele. <\/p>\n","protected":false},"featured_media":25419,"template":"","meta":{"_et_pb_use_builder":"","_et_pb_old_content":"","_et_gb_content_width":"","inline_featured_image":false},"product_brand":[],"product_cat":[112,90,730,733,72,731],"product_tag":[],"acf":[],"_links":{"self":[{"href":"https:\/\/baltic.se\/de\/wp-json\/wp\/v2\/product\/1184"}],"collection":[{"href":"https:\/\/baltic.se\/de\/wp-json\/wp\/v2\/product"}],"about":[{"href":"https:\/\/baltic.se\/de\/wp-json\/wp\/v2\/types\/product"}],"wp:featuredmedia":[{"embeddable":true,"href":"https:\/\/baltic.se\/de\/wp-json\/wp\/v2\/media\/25419"}],"wp:attachment":[{"href":"https:\/\/baltic.se\/de\/wp-json\/wp\/v2\/media?parent=1184"}],"wp:term":[{"taxonomy":"product_brand","embeddable":true,"href":"https:\/\/baltic.se\/de\/wp-json\/wp\/v2\/product_brand?post=1184"},{"taxonomy":"product_cat","embeddable":true,"href":"https:\/\/baltic.se\/de\/wp-json\/wp\/v2\/product_cat?post=1184"},{"taxonomy":"product_tag","embeddable":true,"href":"https:\/\/baltic.se\/de\/wp-json\/wp\/v2\/product_tag?post=1184"}],"curies":[{"name":"wp","href":"https:\/\/api.w.org\/{rel}","templated":true}]}}