{"id":1159,"date":"2021-03-18T22:23:00","date_gmt":"2021-03-18T21:23:00","guid":{"rendered":"https:\/\/baltic.se\/?post_type=product&#038;p=1159"},"modified":"2026-04-07T22:14:54","modified_gmt":"2026-04-07T20:14:54","slug":"hastskoboj-hallare","status":"publish","type":"product","link":"https:\/\/baltic.se\/de\/produkt\/hastskoboj-hallare\/","title":{"rendered":"H\u00e4stskoboj H\u00e5llare"},"content":{"rendered":"<p>H\u00e5llare till h\u00e4stskoboj.<\/p>\n","protected":false},"excerpt":{"rendered":"<p>H\u00e5llare till h\u00e4stskoboj.<\/p>\n","protected":false},"featured_media":25387,"template":"","meta":{"_et_pb_use_builder":"","_et_pb_old_content":"","_et_gb_content_width":"","inline_featured_image":false},"product_brand":[],"product_cat":[297],"product_tag":[],"acf":[],"_links":{"self":[{"href":"https:\/\/baltic.se\/de\/wp-json\/wp\/v2\/product\/1159"}],"collection":[{"href":"https:\/\/baltic.se\/de\/wp-json\/wp\/v2\/product"}],"about":[{"href":"https:\/\/baltic.se\/de\/wp-json\/wp\/v2\/types\/product"}],"wp:featuredmedia":[{"embeddable":true,"href":"https:\/\/baltic.se\/de\/wp-json\/wp\/v2\/media\/25387"}],"wp:attachment":[{"href":"https:\/\/baltic.se\/de\/wp-json\/wp\/v2\/media?parent=1159"}],"wp:term":[{"taxonomy":"product_brand","embeddable":true,"href":"https:\/\/baltic.se\/de\/wp-json\/wp\/v2\/product_brand?post=1159"},{"taxonomy":"product_cat","embeddable":true,"href":"https:\/\/baltic.se\/de\/wp-json\/wp\/v2\/product_cat?post=1159"},{"taxonomy":"product_tag","embeddable":true,"href":"https:\/\/baltic.se\/de\/wp-json\/wp\/v2\/product_tag?post=1159"}],"curies":[{"name":"wp","href":"https:\/\/api.w.org\/{rel}","templated":true}]}}