{"id":1112,"date":"2021-03-18T22:21:14","date_gmt":"2021-03-18T21:21:14","guid":{"rendered":"https:\/\/baltic.se\/?post_type=product&#038;p=1112"},"modified":"2026-04-04T18:10:20","modified_gmt":"2026-04-04T16:10:20","slug":"sandhamn-flytvast","status":"publish","type":"product","link":"https:\/\/baltic.se\/de\/produkt\/sandhamn-flytvast\/","title":{"rendered":"Sandhamn Flytv\u00e4st"},"content":{"rendered":"<ul>\n<li>Allround <\/li>\n<li>Flytplagg<\/li>\n<\/ul>\n<p><\/p>\n<p>Baltic Sandhamn flytv\u00e4st \u00e4r ett stilrent och s\u00e4kert flytplagg som passar f\u00f6r b\u00e5de aktiva dagar p\u00e5 sj\u00f6n och avkoppling p\u00e5 land. Perfekt f\u00f6r simkunniga som s\u00f6ker b\u00e5de komfort och s\u00e4kerhet.<\/p>\n<p><strong>S\u00e4kerhet:<\/strong> Med en b\u00e4rkraft p\u00e5 50N klassas Sandhamn som ett flythj\u00e4lpmedel, vilket inneb\u00e4r att den h\u00e5ller dig flytande med god marginal. V\u00e4sten \u00e4r designad f\u00f6r simkunniga personer och har ett avtagbart grenband f\u00f6r extra s\u00e4kerhet.<\/p>\n<p><strong>Passform och Komfort:<\/strong> Den fleecefodrade kragen ger v\u00e4rme och komfort p\u00e5 kyliga dagar. V\u00e4sten har tre fickor med vattent\u00e4t dragkedja f\u00f6r s\u00e4ker f\u00f6rvaring av sm\u00e5saker. Den erbjuder ocks\u00e5 en bekv\u00e4m passform som g\u00f6r den anv\u00e4ndbar b\u00e5de p\u00e5 vattnet och land.<\/p>\n<p><strong>Tillverkning och Kvalitet: <\/strong>Sandhamn flytv\u00e4st \u00e4r designad f\u00f6r att torka snabbt efter anv\u00e4ndning och ge p\u00e5litlig funktion under alla vattenaktiviteter.<\/p>\n<p><\/p>\n<p>Vill du l\u00e4sa mer om olika s\u00e4kerhetsklasser och typer av flytv\u00e4star kan du g\u00f6ra det <a href=\"https:\/\/baltic.se\/att-valja-flytvast\/\" rel=\"noopener noreferrer\" target=\"_blank\">h\u00e4r<\/a>.<\/p>\n<p><strong>T\u00c4NK P\u00c5:<\/strong> En flytv\u00e4st \u00e4r ett viktigt s\u00e4kerhetshj\u00e4lpmedel som kan minska risken f\u00f6r drunkning, men den garanterar inte r\u00e4ddning. Anv\u00e4nd alltid flytv\u00e4sten korrekt och f\u00f6lj alla s\u00e4kerhetsinstruktioner.<\/p>\n","protected":false},"excerpt":{"rendered":"<p>Innovation, design och s\u00e4kerhet \u00e4r Baltics ledord. Flytv\u00e4sten Sandhamn i traditionell v\u00e4st design ger dig en s\u00e4ker upplevelse till sj\u00f6ss, utan att beh\u00f6va kompromissa med stil. <\/p>\n","protected":false},"featured_media":25345,"template":"","meta":{"_et_pb_use_builder":"","_et_pb_old_content":"","_et_gb_content_width":"","inline_featured_image":false},"product_brand":[],"product_cat":[81,86,112,90],"product_tag":[],"acf":[],"_links":{"self":[{"href":"https:\/\/baltic.se\/de\/wp-json\/wp\/v2\/product\/1112"}],"collection":[{"href":"https:\/\/baltic.se\/de\/wp-json\/wp\/v2\/product"}],"about":[{"href":"https:\/\/baltic.se\/de\/wp-json\/wp\/v2\/types\/product"}],"wp:featuredmedia":[{"embeddable":true,"href":"https:\/\/baltic.se\/de\/wp-json\/wp\/v2\/media\/25345"}],"wp:attachment":[{"href":"https:\/\/baltic.se\/de\/wp-json\/wp\/v2\/media?parent=1112"}],"wp:term":[{"taxonomy":"product_brand","embeddable":true,"href":"https:\/\/baltic.se\/de\/wp-json\/wp\/v2\/product_brand?post=1112"},{"taxonomy":"product_cat","embeddable":true,"href":"https:\/\/baltic.se\/de\/wp-json\/wp\/v2\/product_cat?post=1112"},{"taxonomy":"product_tag","embeddable":true,"href":"https:\/\/baltic.se\/de\/wp-json\/wp\/v2\/product_tag?post=1112"}],"curies":[{"name":"wp","href":"https:\/\/api.w.org\/{rel}","templated":true}]}}