{"id":1080,"date":"2021-03-18T22:20:03","date_gmt":"2021-03-18T21:20:03","guid":{"rendered":"https:\/\/baltic.se\/?post_type=product&#038;p=1080"},"modified":"2026-04-09T14:09:16","modified_gmt":"2026-04-09T12:09:16","slug":"hamble-flytjacka","status":"publish","type":"product","link":"https:\/\/baltic.se\/de\/produkt\/hamble-flytjacka\/","title":{"rendered":"Hamble Flytjacka"},"content":{"rendered":"<ul>\n<li>Allround <\/li>\n<li>Vattenavvisande<\/li>\n<li>Fast huva<\/li>\n<\/ul>\n<p><\/p>\n<p>Hamble Flytjacka \u00e4r en vindt\u00e4t jacka designad f\u00f6r aktiva dagar p\u00e5 vattnet. Perfekt f\u00f6r b\u00e5de fiske, b\u00e5tliv och RIB-\u00e5kning, d\u00e4r b\u00e5de s\u00e4kerhet och komfort \u00e4r avg\u00f6rande.<\/p>\n<p><strong>S\u00e4kerhet<\/strong>: Flytjackan har en b\u00e4rkraft p\u00e5 50N och uppfyller s\u00e4kerhetskraven f\u00f6r ett flythj\u00e4lpmedel. Den \u00e4r designad f\u00f6r simkunniga personer och ger trygghet b\u00e5de p\u00e5 vattnet och i land.<\/p>\n<p><strong>Passform och komfort<\/strong>: Flytjackan har en smal, stilren passform och \u00e4r utrustad med muddar f\u00f6r extra komfort. Fyra vattent\u00e5liga fickor ger bra f\u00f6rvaringsm\u00f6jligheter, och jackan torkar snabbt n\u00e4r den h\u00e4ngs p\u00e5 galge.<\/p>\n<p><strong>Tillverkning och kvalitet<\/strong>: Hamble Flytjacka \u00e4r tillverkad med noggrant utvalda material som ger l\u00e5ng h\u00e5llbarhet och s\u00e4kerhet p\u00e5 vattnet, vilket g\u00f6r den perfekt f\u00f6r alla dina vatten\u00e4ventyr.<\/p>\n<p><\/p>\n<p>Vill du l\u00e4sa mer om olika s\u00e4kerhetsklasser och typer av flytv\u00e4star kan du g\u00f6ra det h\u00e4r.<\/p>\n<p><strong>T\u00c4NK P\u00c5:<\/strong> En flytv\u00e4st \u00e4r ett viktigt s\u00e4kerhetshj\u00e4lpmedel som kan minska risken f\u00f6r drunkning, men den garanterar inte r\u00e4ddning. Anv\u00e4nd alltid flytv\u00e4sten korrekt och f\u00f6lj alla s\u00e4kerhetsinstruktioner.<\/p>\n","protected":false},"excerpt":{"rendered":"<p>Baltics nya flytjacka Hamble ser genom sina eleganta flytelement och softshell ut som en vanlig jacka \u2013 trots att den \u00e4r s\u00e5 mycket mer.<\/p>\n","protected":false},"featured_media":25555,"template":"","meta":{"_et_pb_use_builder":"","_et_pb_old_content":"","_et_gb_content_width":"","inline_featured_image":false},"product_brand":[],"product_cat":[81,89,86,112,90],"product_tag":[],"acf":[],"_links":{"self":[{"href":"https:\/\/baltic.se\/de\/wp-json\/wp\/v2\/product\/1080"}],"collection":[{"href":"https:\/\/baltic.se\/de\/wp-json\/wp\/v2\/product"}],"about":[{"href":"https:\/\/baltic.se\/de\/wp-json\/wp\/v2\/types\/product"}],"wp:featuredmedia":[{"embeddable":true,"href":"https:\/\/baltic.se\/de\/wp-json\/wp\/v2\/media\/25555"}],"wp:attachment":[{"href":"https:\/\/baltic.se\/de\/wp-json\/wp\/v2\/media?parent=1080"}],"wp:term":[{"taxonomy":"product_brand","embeddable":true,"href":"https:\/\/baltic.se\/de\/wp-json\/wp\/v2\/product_brand?post=1080"},{"taxonomy":"product_cat","embeddable":true,"href":"https:\/\/baltic.se\/de\/wp-json\/wp\/v2\/product_cat?post=1080"},{"taxonomy":"product_tag","embeddable":true,"href":"https:\/\/baltic.se\/de\/wp-json\/wp\/v2\/product_tag?post=1080"}],"curies":[{"name":"wp","href":"https:\/\/api.w.org\/{rel}","templated":true}]}}