{"id":1033,"date":"2021-03-18T22:18:17","date_gmt":"2021-03-18T21:18:17","guid":{"rendered":"https:\/\/baltic.se\/?post_type=product&#038;p=1033"},"modified":"2026-04-16T00:14:47","modified_gmt":"2026-04-15T22:14:47","slug":"grenband-30-mm","status":"publish","type":"product","link":"https:\/\/baltic.se\/de\/produkt\/grenband-30-mm\/","title":{"rendered":"Grenband 30 mm"},"content":{"rendered":"<p>Grenband som monteras p\u00e5 flytv\u00e4stens midjeband. Passar alla 50N-v\u00e4star med l\u00f6stagbart midjeband.<\/p>\n","protected":false},"excerpt":{"rendered":"<p>Grenband som monteras p\u00e5 flytv\u00e4stens midjeband. Passar alla 50N-v\u00e4star med l\u00f6stagbart midjeband.<\/p>\n","protected":false},"featured_media":25211,"template":"","meta":{"_et_pb_use_builder":"","_et_pb_old_content":"","_et_gb_content_width":"","inline_featured_image":false},"product_brand":[],"product_cat":[82],"product_tag":[],"acf":[],"_links":{"self":[{"href":"https:\/\/baltic.se\/de\/wp-json\/wp\/v2\/product\/1033"}],"collection":[{"href":"https:\/\/baltic.se\/de\/wp-json\/wp\/v2\/product"}],"about":[{"href":"https:\/\/baltic.se\/de\/wp-json\/wp\/v2\/types\/product"}],"wp:featuredmedia":[{"embeddable":true,"href":"https:\/\/baltic.se\/de\/wp-json\/wp\/v2\/media\/25211"}],"wp:attachment":[{"href":"https:\/\/baltic.se\/de\/wp-json\/wp\/v2\/media?parent=1033"}],"wp:term":[{"taxonomy":"product_brand","embeddable":true,"href":"https:\/\/baltic.se\/de\/wp-json\/wp\/v2\/product_brand?post=1033"},{"taxonomy":"product_cat","embeddable":true,"href":"https:\/\/baltic.se\/de\/wp-json\/wp\/v2\/product_cat?post=1033"},{"taxonomy":"product_tag","embeddable":true,"href":"https:\/\/baltic.se\/de\/wp-json\/wp\/v2\/product_tag?post=1033"}],"curies":[{"name":"wp","href":"https:\/\/api.w.org\/{rel}","templated":true}]}}