{"id":1029,"date":"2021-03-18T22:18:08","date_gmt":"2021-03-18T21:18:08","guid":{"rendered":"https:\/\/baltic.se\/?post_type=product&#038;p=1029"},"modified":"2026-04-07T22:14:22","modified_gmt":"2026-04-07T20:14:22","slug":"co2-patron-45-gram","status":"publish","type":"product","link":"https:\/\/baltic.se\/de\/produkt\/co2-patron-45-gram\/","title":{"rendered":"CO2-Patron 45 Gram"},"content":{"rendered":"<p>Maximera din s\u00e4kerhet p\u00e5 vattnet med v\u00e5r 45g CO2-patron, speciellt framtagen f\u00f6r Baltics uppbl\u00e5sbara flytv\u00e4star. N\u00e4r din flytv\u00e4st har aktiverats \u00e4r det viktigt att omg\u00e5ende byta b\u00e5de CO2-patronen och utl\u00f6saren f\u00f6r att s\u00e4kerst\u00e4lla fortsatt funktionalitet och effektivitet.<\/p>\n<p><strong>\u00c4r denna CO2-patron r\u00e4tt f\u00f6r din flytv\u00e4st? <\/strong>Kontrollera etiketten p\u00e5 insidan av flytv\u00e4stens uppbl\u00e5sbara lunga f\u00f6r att verifiera specifikationen, t.ex. &#8220;USE ONLY BALTIC 45g CO2 KIT #2445&#8221;. F\u00f6r att enkelt hitta den r\u00e4tta reservdelen, s\u00f6k efter artikelnumret p\u00e5 v\u00e5r hemsidaoch f\u00e5 den CO2-patron du beh\u00f6ver.<\/p>\n<p><strong>Installation:<\/strong> Byt ut CO2-patronen sj\u00e4lv genom att f\u00f6lja v\u00e5r detaljerade steg-f\u00f6r-steg-guide <a href=\"https:\/\/baltic.se\/wp-content\/uploads\/2021\/12\/Infofolder-om-uppblasbara-raddningsvastar_swe.pdf\" rel=\"noopener noreferrer\" target=\"_blank\">h\u00e4r<\/a>. F\u00f6r att s\u00e4kerst\u00e4lla din flytv\u00e4sts l\u00e5ngvariga prestanda och livsl\u00e4ngd, anv\u00e4nd alltid de rekommenderade reservdelarna. Korrekt installation \u00e4r avg\u00f6rande f\u00f6r att bibeh\u00e5lla s\u00e4kerheten p\u00e5 vattnet.<\/p>\n<p><strong>Underh\u00e5ll och service:<\/strong> F\u00f6r att h\u00e5lla din uppbl\u00e5sbara flytv\u00e4st i b\u00e4sta skick rekommenderar vi att du g\u00f6r en noggrann sj\u00e4lvkontroll innan varje anv\u00e4ndning. Detaljerad information om hur du utf\u00f6r detta hittar du <a href=\"https:\/\/baltic.se\/wp-content\/uploads\/2021\/12\/Infofolder-om-uppblasbara-raddningsvastar_swe.pdf\" rel=\"noopener noreferrer\" target=\"_blank\">h\u00e4r<\/a>. F\u00f6r att s\u00e4kerst\u00e4lla att flytv\u00e4sten forts\u00e4tter att prestera p\u00e5 topp och f\u00f6r att uppr\u00e4tth\u00e5lla garantin, b\u00f6r du ocks\u00e5 genomg\u00e5 \u00e5rlig service hos en Baltic-certifierad servicestation.<\/p>\n","protected":false},"excerpt":{"rendered":"<p>Maximera din s\u00e4kerhet p\u00e5 vattnet med v\u00e5r 45g CO2-patron, speciellt framtagen f\u00f6r Baltics uppbl\u00e5sbara flytv\u00e4star. N\u00e4r din flytv\u00e4st har aktiverats \u00e4r det viktigt att omg\u00e5ende byta b\u00e5de CO2-patronen och utl\u00f6saren f\u00f6r att s\u00e4kerst\u00e4lla fortsatt funktionalitet och effektivitet. \u00c4r denna CO2-patron r\u00e4tt f\u00f6r din flytv\u00e4st? Kontrollera etiketten p\u00e5 insidan av flytv\u00e4stens uppbl\u00e5sbara lunga f\u00f6r att verifiera [&hellip;]<\/p>\n","protected":false},"featured_media":25629,"template":"","meta":{"_et_pb_use_builder":"","_et_pb_old_content":"","_et_gb_content_width":"","inline_featured_image":false},"product_brand":[],"product_cat":[82,315],"product_tag":[],"acf":[],"_links":{"self":[{"href":"https:\/\/baltic.se\/de\/wp-json\/wp\/v2\/product\/1029"}],"collection":[{"href":"https:\/\/baltic.se\/de\/wp-json\/wp\/v2\/product"}],"about":[{"href":"https:\/\/baltic.se\/de\/wp-json\/wp\/v2\/types\/product"}],"wp:featuredmedia":[{"embeddable":true,"href":"https:\/\/baltic.se\/de\/wp-json\/wp\/v2\/media\/25629"}],"wp:attachment":[{"href":"https:\/\/baltic.se\/de\/wp-json\/wp\/v2\/media?parent=1029"}],"wp:term":[{"taxonomy":"product_brand","embeddable":true,"href":"https:\/\/baltic.se\/de\/wp-json\/wp\/v2\/product_brand?post=1029"},{"taxonomy":"product_cat","embeddable":true,"href":"https:\/\/baltic.se\/de\/wp-json\/wp\/v2\/product_cat?post=1029"},{"taxonomy":"product_tag","embeddable":true,"href":"https:\/\/baltic.se\/de\/wp-json\/wp\/v2\/product_tag?post=1029"}],"curies":[{"name":"wp","href":"https:\/\/api.w.org\/{rel}","templated":true}]}}