{"id":1025,"date":"2021-03-18T22:17:58","date_gmt":"2021-03-18T21:17:58","guid":{"rendered":"https:\/\/baltic.se\/?post_type=product&#038;p=1025"},"modified":"2026-04-19T10:13:42","modified_gmt":"2026-04-19T08:13:42","slug":"co2-patron-16-gram","status":"publish","type":"product","link":"https:\/\/baltic.se\/de\/produkt\/co2-patron-16-gram\/","title":{"rendered":"CO2-Patron 16 Gram"},"content":{"rendered":"<p>En 16g CO2-patron med s\u00e4kerhetsstift, speciellt anpassad f\u00f6r Baltics uppbl\u00e5sbara flytv\u00e4star. Efter att flytv\u00e4sten har aktiverats, byt snabbt b\u00e5de CO2-patronen och utl\u00f6saren f\u00f6r att bibeh\u00e5lla flytv\u00e4stens optimala funktion.<\/p>\n<p><strong>Passar denna CO2-patron din flytv\u00e4st?<\/strong> Kontrollera informationen som finns tryckt p\u00e5 insidan av din flytv\u00e4sts uppbl\u00e5sbara lunga. D\u00e4r hittar du specifikationer f\u00f6r vilken gaspatron som passar, till exempel \u201dUSE ONLY BALTIC 16g CO2 KIT #2416\u201d. S\u00f6k enkelt efter artikelnumret p\u00e5 v\u00e5r hemsida f\u00f6r att hitta r\u00e4tt del.<\/p>\n<p><strong>Installation:<\/strong> Byt CO2-patronen sj\u00e4lv genom att f\u00f6lja v\u00e5r enkla guide steg f\u00f6r steg <a href=\"https:\/\/baltic.se\/wp-content\/uploads\/2021\/12\/Infofolder-om-uppblasbara-raddningsvastar_swe.pdf\" rel=\"noopener noreferrer\" target=\"_blank\">h\u00e4r<\/a>. Anv\u00e4nd alltid r\u00e4tt reservdelar f\u00f6r att s\u00e4kerst\u00e4lla att din flytv\u00e4st fungerar som den ska och har en l\u00e5ng h\u00e5llbarhet.<\/p>\n<p><strong>Underh\u00e5ll och service:<\/strong> Innan du anv\u00e4nder din uppbl\u00e5sbara flytv\u00e4st kan du enkelt g\u00f6ra en sj\u00e4lvkontroll f\u00f6r att f\u00f6rs\u00e4kra dig om att v\u00e4sten fungerar som den ska. <a href=\"https:\/\/baltic.se\/wp-content\/uploads\/2021\/12\/Infofolder-om-uppblasbara-raddningsvastar_swe.pdf\" rel=\"noopener noreferrer\" target=\"_blank\">H\u00e4r<\/a> hittar du hur du g\u00f6r den. F\u00f6r att uppr\u00e4tth\u00e5lla b\u00e4sta prestanda och f\u00f6r att garantin ska forts\u00e4tta g\u00e4lla, b\u00f6r din uppbl\u00e5sbara flytv\u00e4st \u00e4ven servas \u00e5rligen av en Baltic-certifierad servicestation.<\/p>\n","protected":false},"excerpt":{"rendered":"<p>En 16g CO2-patron med s\u00e4kerhetsstift, speciellt anpassad f\u00f6r Baltics uppbl\u00e5sbara flytv\u00e4star. Efter att flytv\u00e4sten har aktiverats, byt snabbt b\u00e5de CO2-patronen och utl\u00f6saren f\u00f6r att bibeh\u00e5lla flytv\u00e4stens optimala funktion. Passar denna CO2-patron din flytv\u00e4st? Kontrollera informationen som finns tryckt p\u00e5 insidan av din flytv\u00e4sts uppbl\u00e5sbara lunga. D\u00e4r hittar du specifikationer f\u00f6r vilken gaspatron som passar, till [&hellip;]<\/p>\n","protected":false},"featured_media":25621,"template":"","meta":{"_et_pb_use_builder":"","_et_pb_old_content":"","_et_gb_content_width":"","inline_featured_image":false},"product_brand":[],"product_cat":[82,315],"product_tag":[],"acf":[],"_links":{"self":[{"href":"https:\/\/baltic.se\/de\/wp-json\/wp\/v2\/product\/1025"}],"collection":[{"href":"https:\/\/baltic.se\/de\/wp-json\/wp\/v2\/product"}],"about":[{"href":"https:\/\/baltic.se\/de\/wp-json\/wp\/v2\/types\/product"}],"wp:featuredmedia":[{"embeddable":true,"href":"https:\/\/baltic.se\/de\/wp-json\/wp\/v2\/media\/25621"}],"wp:attachment":[{"href":"https:\/\/baltic.se\/de\/wp-json\/wp\/v2\/media?parent=1025"}],"wp:term":[{"taxonomy":"product_brand","embeddable":true,"href":"https:\/\/baltic.se\/de\/wp-json\/wp\/v2\/product_brand?post=1025"},{"taxonomy":"product_cat","embeddable":true,"href":"https:\/\/baltic.se\/de\/wp-json\/wp\/v2\/product_cat?post=1025"},{"taxonomy":"product_tag","embeddable":true,"href":"https:\/\/baltic.se\/de\/wp-json\/wp\/v2\/product_tag?post=1025"}],"curies":[{"name":"wp","href":"https:\/\/api.w.org\/{rel}","templated":true}]}}