{"id":1024,"date":"2021-03-18T22:17:56","date_gmt":"2021-03-18T21:17:56","guid":{"rendered":"https:\/\/baltic.se\/?post_type=product&#038;p=1024"},"modified":"2026-04-23T08:14:05","modified_gmt":"2026-04-23T06:14:05","slug":"co2-patron-10-gram","status":"publish","type":"product","link":"https:\/\/baltic.se\/de\/produkt\/co2-patron-10-gram\/","title":{"rendered":"CO2-Patron 10 Gram"},"content":{"rendered":"<p>H\u00e5ll dig trygg p\u00e5 vattnet med v\u00e5r 10g CO2-patron, utrustad med s\u00e4kerhetsstift och speciellt framtagen f\u00f6r Baltics uppbl\u00e5sbara flytv\u00e4star. Vid aktivering av din flytv\u00e4st \u00e4r det viktigt att omg\u00e5ende byta b\u00e5de CO2-patronen och utl\u00f6saren f\u00f6r att s\u00e4kerst\u00e4lla att flytv\u00e4sten fungerar som den ska.<\/p>\n<p><strong>Passar denna CO2-patron din flytv\u00e4st? <\/strong>Kontrollera etiketten inuti flytv\u00e4stens uppbl\u00e5sbara lunga f\u00f6r att verifiera den r\u00e4tta gaspatronen, till exempel &#8220;USE ONLY BALTIC 10g CO2 KIT #2410&#8221;. Hitta r\u00e4tt reservdel genom att s\u00f6ka efter artikelnumret p\u00e5 v\u00e5r hemsida.<\/p>\n<p><strong>Installation:<\/strong> Byt ut CO2-patronen sj\u00e4lv med v\u00e5r detaljerade steg-f\u00f6r-steg-guide <a href=\"https:\/\/baltic.se\/wp-content\/uploads\/2021\/12\/Infofolder-om-uppblasbara-raddningsvastar_swe.pdf\" rel=\"noopener noreferrer\" target=\"_blank\">h\u00e4r<\/a>. Anv\u00e4nd alltid rekommenderade reservdelar f\u00f6r att s\u00e4kerst\u00e4lla h\u00f6g kvalitet och l\u00e5ngvarighet.<\/p>\n<p><strong>Underh\u00e5ll och service:<\/strong> H\u00e5ll din uppbl\u00e5sbara flytv\u00e4st i b\u00e4sta skick genom att g\u00f6ra en noggrann sj\u00e4lvkontroll f\u00f6re varje anv\u00e4ndning. Detaljerad information om hur du utf\u00f6r denna kontroll finns <a href=\"https:\/\/baltic.se\/wp-content\/uploads\/2021\/12\/Infofolder-om-uppblasbara-raddningsvastar_swe.pdf\" rel=\"noopener noreferrer\" target=\"_blank\">h\u00e4r<\/a>. F\u00f6r att \u00e4ven bibeh\u00e5lla optimal prestanda och giltig garanti, b\u00f6r din flytv\u00e4st genomg\u00e5 \u00e5rlig service hos en Baltic-certifierad servicestation.<\/p>\n","protected":false},"excerpt":{"rendered":"<p>H\u00e5ll dig trygg p\u00e5 vattnet med v\u00e5r 10g CO2-patron, utrustad med s\u00e4kerhetsstift och speciellt framtagen f\u00f6r Baltics uppbl\u00e5sbara flytv\u00e4star. Vid aktivering av din flytv\u00e4st \u00e4r det viktigt att omg\u00e5ende byta b\u00e5de CO2-patronen och utl\u00f6saren f\u00f6r att s\u00e4kerst\u00e4lla att flytv\u00e4sten fungerar som den ska. Passar denna CO2-patron din flytv\u00e4st? Kontrollera etiketten inuti flytv\u00e4stens uppbl\u00e5sbara lunga f\u00f6r [&hellip;]<\/p>\n","protected":false},"featured_media":25619,"template":"","meta":{"_et_pb_use_builder":"","_et_pb_old_content":"","_et_gb_content_width":"","inline_featured_image":false},"product_brand":[],"product_cat":[315,82],"product_tag":[],"acf":[],"_links":{"self":[{"href":"https:\/\/baltic.se\/de\/wp-json\/wp\/v2\/product\/1024"}],"collection":[{"href":"https:\/\/baltic.se\/de\/wp-json\/wp\/v2\/product"}],"about":[{"href":"https:\/\/baltic.se\/de\/wp-json\/wp\/v2\/types\/product"}],"wp:featuredmedia":[{"embeddable":true,"href":"https:\/\/baltic.se\/de\/wp-json\/wp\/v2\/media\/25619"}],"wp:attachment":[{"href":"https:\/\/baltic.se\/de\/wp-json\/wp\/v2\/media?parent=1024"}],"wp:term":[{"taxonomy":"product_brand","embeddable":true,"href":"https:\/\/baltic.se\/de\/wp-json\/wp\/v2\/product_brand?post=1024"},{"taxonomy":"product_cat","embeddable":true,"href":"https:\/\/baltic.se\/de\/wp-json\/wp\/v2\/product_cat?post=1024"},{"taxonomy":"product_tag","embeddable":true,"href":"https:\/\/baltic.se\/de\/wp-json\/wp\/v2\/product_tag?post=1024"}],"curies":[{"name":"wp","href":"https:\/\/api.w.org\/{rel}","templated":true}]}}