{"id":85420,"date":"2023-06-08T14:21:51","date_gmt":"2023-06-08T12:21:51","guid":{"rendered":"https:\/\/baltic.se\/schwimmwesten-fuer-hunde\/"},"modified":"2023-06-22T13:30:29","modified_gmt":"2023-06-22T11:30:29","slug":"schwimmwesten-fuer-hunde","status":"publish","type":"page","link":"https:\/\/baltic.se\/de\/schwimmwesten-fuer-hunde\/","title":{"rendered":"Schwimmwesten f\u00fcr Hunde"},"content":{"rendered":"<p>[et_pb_section fb_built=&#8221;1&#8243; _builder_version=&#8221;4.9.3&#8243; _module_preset=&#8221;default&#8221; use_background_color_gradient=&#8221;on&#8221; background_color_gradient_start=&#8221;rgba(0,0,0,0.12)&#8221; background_color_gradient_end=&#8221;rgba(0,0,0,0.37)&#8221; background_color_gradient_start_position=&#8221;15%&#8221; background_color_gradient_overlays_image=&#8221;on&#8221; background_image=&#8221;https:\/\/baltic.se\/wp-content\/uploads\/2023\/05\/Baltic053-scaled.jpg&#8221; background_position=&#8221;top_center&#8221; min_height=&#8221;50vh&#8221;][et_pb_row column_structure=&#8221;1_3,1_3,1_3&#8243; _builder_version=&#8221;4.9.3&#8243; _module_preset=&#8221;default&#8221; custom_margin=&#8221;5%|auto|5%|auto|false|false&#8221; custom_margin_tablet=&#8221;&#8221; custom_margin_phone=&#8221;20%||10%||false|false&#8221; custom_margin_last_edited=&#8221;on|phone&#8221; custom_padding=&#8221;17px||0px|||&#8221;][et_pb_column type=&#8221;1_3&#8243; _builder_version=&#8221;4.9.3&#8243; _module_preset=&#8221;default&#8221;][et_pb_text content_tablet=&#8221;<\/p>\n<h1>Eine Hundeschwimmweste von Baltic l\u00e4sst Sie nie im Stich<\/h1>\n<p>&#8221; content_phone=&#8221;<\/p>\n<h1>Eine Hundeschwimmweste von Baltic l\u00e4sst Sie nie im Stich<\/h1>\n<p>&#8221; content_last_edited=&#8221;on|phone&#8221; _builder_version=&#8221;4.9.3&#8243; _module_preset=&#8221;default&#8221; header_font=&#8221;eurostile-extended|700||on|||||&#8221; header_text_color=&#8221;#FFFFFF&#8221; header_font_size=&#8221;29px&#8221; header_letter_spacing=&#8221;0.04em&#8221; header_line_height=&#8221;34px&#8221; header_2_font=&#8221;eurostile|||on|||||&#8221; header_2_text_color=&#8221;#FFFFFF&#8221; header_2_font_size=&#8221;1.2rem&#8221; width=&#8221;94%&#8221; width_tablet=&#8221;&#8221; width_phone=&#8221;100%&#8221; width_last_edited=&#8221;on|phone&#8221; custom_margin=&#8221;|-168px||||&#8221; custom_padding=&#8221;|1px||||&#8221; header_font_size_tablet=&#8221;&#8221; header_font_size_phone=&#8221;21px&#8221; header_font_size_last_edited=&#8221;on|phone&#8221; header_2_font_size_tablet=&#8221;&#8221; header_2_font_size_phone=&#8221;1.2rem&#8221; header_2_font_size_last_edited=&#8221;on|phone&#8221;]<\/p>\n<h1>Eine Hundeschwimmweste von Baltic l\u00e4sst Sie nie im Stich<\/h1>\n<p>[\/et_pb_text][\/et_pb_column][et_pb_column type=&#8221;1_3&#8243; _builder_version=&#8221;4.9.3&#8243; _module_preset=&#8221;default&#8221;][\/et_pb_column][et_pb_column type=&#8221;1_3&#8243; _builder_version=&#8221;4.9.3&#8243; _module_preset=&#8221;default&#8221;][\/et_pb_column][\/et_pb_row][\/et_pb_section][et_pb_section fb_built=&#8221;1&#8243; custom_padding_last_edited=&#8221;on|phone&#8221; _builder_version=&#8221;4.9.3&#8243; _module_preset=&#8221;default&#8221; background_color=&#8221;#002244&#8243; custom_padding=&#8221;7rem||7rem||false|false&#8221; custom_padding_tablet=&#8221;&#8221; custom_padding_phone=&#8221;2rem||2rem||true|false&#8221;][et_pb_row column_structure=&#8221;1_2,1_2&#8243; _builder_version=&#8221;4.9.3&#8243; _module_preset=&#8221;default&#8221;][et_pb_column type=&#8221;1_2&#8243; _builder_version=&#8221;4.9.3&#8243; _module_preset=&#8221;default&#8221;][et_pb_text module_class=&#8221;readmore&#8221; _builder_version=&#8221;4.9.3&#8243; _module_preset=&#8221;default&#8221; text_font=&#8221;Inter|600|||||||&#8221; text_text_color=&#8221;#FFFFFF&#8221; text_font_size=&#8221;16px&#8221; text_letter_spacing=&#8221;0.01rem&#8221; text_line_height=&#8221;25px&#8221; header_text_color=&#8221;#FFFFFF&#8221; custom_padding_tablet=&#8221;&#8221; custom_padding_phone=&#8221;||2rem||false|false&#8221; custom_padding_last_edited=&#8221;on|phone&#8221;]<\/p>\n<p style=\"font-weight: 400;\">Unsere vierbeinigen Freunde sind Teil unserer Familie und sie verdienen den gleichen Schutz auf dem Wasser wie wir. Rettungswesten f\u00fcr Hunde und Katzen wurden entworfen, um den Elementen standzuhalten. Und wie Rettungswesten f\u00fcr Menschen m\u00fcssen sie die richtige Gr\u00f6\u00dfe und den richtigen Auftrieb haben, damit sich unsere kleinen Freunde frei bewegen k\u00f6nnen und sich wohlf\u00fchlen. Baltic- Rettungswesten f\u00fcr Haustiere haben die gleiche kompromisslose Qualit\u00e4t und Detailgenauigkeit wie die ihrer Besitzer, und verf\u00fcgen \u00fcber viele praktische Funktionen. Eine gut austarierte Isolierung sorgt daf\u00fcr, dass es Ihrem Haustier nie zu kalt oder zu hei\u00df wird. Baltic-Rettungswesten haben je nach Modell verschiedene Funktionen, einschlie\u00dflich flexiblen Schnellverschl\u00fcssen, Reflektoren, praktischen Tragegriffen und D-Ring-\u00d6sen f\u00fcr Leinen. Hochwertige Rettungswesten f\u00fcr Hunde und Katzen machen das Leben an Bord sicherer f\u00fcr alle, einschlie\u00dflich unserer vierbeinigen Freunde.<\/p>\n<p>[\/et_pb_text][\/et_pb_column][et_pb_column type=&#8221;1_2&#8243; _builder_version=&#8221;4.9.3&#8243; _module_preset=&#8221;default&#8221;][et_pb_button button_url=&#8221;#slider&#8221; button_text=&#8221;Sehen Sie sich unsere Favoriten f\u00fcr Hunde&#8221; button_alignment_tablet=&#8221;&#8221; button_alignment_phone=&#8221;left&#8221; button_alignment_last_edited=&#8221;on|desktop&#8221; _builder_version=&#8221;4.9.3&#8243; _module_preset=&#8221;default&#8221; button_text_size=&#8221;14px&#8221; button_border_width=&#8221;2px&#8221; button_border_color=&#8221;#FF5000&#8243; button_letter_spacing=&#8221;0.15rem&#8221; button_icon=&#8221;%%3%%&#8221; button_on_hover=&#8221;off&#8221; custom_padding=&#8221;0.6rem|1rem|0.6rem|1rem|true|true&#8221; custom_css_main_element=&#8221;width: 50%;||text-align: left;&#8221; custom_css_after=&#8221;right: 0.8rem;||font-size: 3rem !important;||transform: scale(1.5);&#8221; custom_css_main_element_last_edited=&#8221;on|phone&#8221; custom_css_main_element_phone=&#8221;width: 100%;||text-align: center;&#8221; custom_css_after_last_edited=&#8221;on|phone&#8221; custom_css_after_phone=&#8221;display: none !important;&#8221;][\/et_pb_button][et_pb_divider divider_weight=&#8221;0px&#8221; _builder_version=&#8221;4.9.3&#8243; _module_preset=&#8221;default&#8221;][\/et_pb_divider][et_pb_button button_url=&#8221;https:\/\/baltic.se\/de\/produkter\/flytvastar\/&#8221; button_text=&#8221;Alle Schwimmwesten &#8221; button_alignment_tablet=&#8221;&#8221; button_alignment_phone=&#8221;left&#8221; button_alignment_last_edited=&#8221;on|phone&#8221; _builder_version=&#8221;4.9.3&#8243; _module_preset=&#8221;default&#8221; button_text_size=&#8221;16px&#8221; button_text_color=&#8221;#a0afb8&#8243; button_bg_color=&#8221;RGBA(0,0,0,0)&#8221; button_border_width=&#8221;1px&#8221; button_letter_spacing=&#8221;0.15rem&#8221; button_icon=&#8221;%%3%%&#8221; button_on_hover=&#8221;off&#8221; custom_padding=&#8221;0.6rem|1rem|0.6rem|1rem|true|true&#8221; custom_css_main_element=&#8221;width: 50%;||text-align: left;&#8221; custom_css_after=&#8221;right: 0.8rem;||font-size: 3rem !important;||transform: scale(1.5);&#8221; custom_css_main_element_last_edited=&#8221;on|phone&#8221; custom_css_main_element_phone=&#8221;width: 100%;||text-align: center;&#8221; custom_css_after_last_edited=&#8221;on|phone&#8221; custom_css_after_phone=&#8221;display: none !important;&#8221;][\/et_pb_button][\/et_pb_column][\/et_pb_row][\/et_pb_section][et_pb_section fb_built=&#8221;1&#8243; admin_label=&#8221;News\/Category Section&#8221; module_id=&#8221;slider&#8221; _builder_version=&#8221;4.9.3&#8243; _module_preset=&#8221;default&#8221; module_alignment=&#8221;center&#8221; custom_padding=&#8221;0px||0px||false|false&#8221; custom_css_main_element=&#8221;display: flex;||justify-content: center;&#8221; border_color_top=&#8221;#A8A8A8&#8243; border_width_bottom=&#8221;1px&#8221; border_color_bottom=&#8221;#A8A8A8&#8243; border_width_top_tablet=&#8221;0px&#8221; border_width_top_phone=&#8221;&#8221; border_width_top_last_edited=&#8221;on|phone&#8221; border_width_bottom_tablet=&#8221;&#8221; border_width_bottom_phone=&#8221;0px&#8221; border_width_bottom_last_edited=&#8221;on|desktop&#8221;][et_pb_row column_structure=&#8221;1_3,1_3,1_3&#8243; make_equal=&#8221;on&#8221; admin_label=&#8221;Cards&#8221; module_class=&#8221;slider1 tiny-slider&#8221; _builder_version=&#8221;4.9.3&#8243; _module_preset=&#8221;default&#8221; vertical_offset_tablet=&#8221;0&#8243; horizontal_offset_tablet=&#8221;0&#8243; custom_margin=&#8221;||||false|false&#8221; custom_margin_tablet=&#8221;&#8221; custom_margin_phone=&#8221;||4%||false|false&#8221; custom_margin_last_edited=&#8221;on|phone&#8221; custom_padding=&#8221;0px||0px||false|false&#8221; hover_enabled=&#8221;0&#8243; z_index_tablet=&#8221;0&#8243; custom_css_main_element=&#8221;width: calc(100% + 32px);||max-width: calc(1800px + (32px*2)) !important;||margin-left: -32px;||margin-right: -32px;&#8221; border_width_top=&#8221;0.5px&#8221; border_color_bottom=&#8221;#000000&#8243; box_shadow_horizontal_tablet=&#8221;0px&#8221; box_shadow_vertical_tablet=&#8221;0px&#8221; box_shadow_blur_tablet=&#8221;40px&#8221; box_shadow_spread_tablet=&#8221;0px&#8221; custom_css_main_element_last_edited=&#8221;on|phone&#8221; custom_css_main_element_tablet=&#8221;width: 100%&#8221; sticky_enabled=&#8221;0&#8243;][et_pb_column type=&#8221;1_3&#8243; _builder_version=&#8221;4.9.3&#8243; _module_preset=&#8221;default&#8221; custom_padding=&#8221;2rem|2rem|2rem|2rem|false|false&#8221; custom_padding_tablet=&#8221;0rem|0rem|0rem|0px|false|false&#8221; custom_padding_phone=&#8221;2rem||||false|false&#8221; custom_padding_last_edited=&#8221;on|phone&#8221; animation_style=&#8221;slide&#8221; link_option_url=&#8221;https:\/\/baltic.se\/de\/produkt\/splash-hundflytvast\/&#8221; hover_enabled=&#8221;0&#8243; sticky_enabled=&#8221;0&#8243;][et_pb_image src=&#8221;https:\/\/baltic.se\/wp-content\/uploads\/2023\/06\/Splash1x1.jpg&#8221; title_text=&#8221;Splash1x1&#8243; _builder_version=&#8221;4.9.3&#8243; _module_preset=&#8221;default&#8221;][\/et_pb_image][et_pb_text _builder_version=&#8221;4.9.3&#8243; _module_preset=&#8221;e8206416-1fa2-4659-a8fa-f48204a05087&#8243; text_font=&#8221;Inter||||||||&#8221; header_2_font=&#8221;eurostile|800||on|||||&#8221; header_2_text_align=&#8221;left&#8221; header_2_text_color=&#8221;#FF5000&#8243; header_2_letter_spacing=&#8221;1px&#8221; text_orientation=&#8221;left&#8221; min_height=&#8221;150px&#8221; min_height_tablet=&#8221;&#8221; min_height_phone=&#8221;230px&#8221; min_height_last_edited=&#8221;on|phone&#8221; max_height=&#8221;150px&#8221; max_height_tablet=&#8221;&#8221; max_height_phone=&#8221;230px&#8221; max_height_last_edited=&#8221;on|desktop&#8221;]<\/p>\n<h2>2023 NEU : DIE HUNDERETTUNGSWESTE SPLASH<\/h2>\n<p>Als bequemste Hunderettungsweste auf dem Markt entworfen. Innovation und Komfort ohne Kompromisse bei der Sicherheit, z.B. doppelte D-Ring-\u00d6sen f\u00fcr die Leine und Reflektoren auf der R\u00fcckenseite, machen diese Rettungsjacke f\u00fcr Hunde zu einem neuen Klassiker.<\/p>\n<p>[\/et_pb_text][et_pb_divider divider_style=&#8221;none&#8221; _builder_version=&#8221;4.9.3&#8243; _module_preset=&#8221;default&#8221;][\/et_pb_divider][et_pb_button button_url=&#8221;https:\/\/baltic.se\/de\/produkt\/splash-hundflytvast\/&#8221; button_text=&#8221;Mehr erfahren&#8221; button_alignment=&#8221;left&#8221; _builder_version=&#8221;4.9.3&#8243; _module_preset=&#8221;default&#8221; button_text_color=&#8221;#ff5000&#8243; button_bg_color=&#8221;#FFFFFF&#8221; button_icon=&#8221;%%40%%&#8221; button_icon_color=&#8221;#FF5000&#8243; button_on_hover=&#8221;off&#8221; custom_margin=&#8221;15px||||false|false&#8221; custom_padding=&#8221;0.4rem|0rem|0.4rem|0rem|true|true&#8221; hover_enabled=&#8221;0&#8243; sticky_enabled=&#8221;0&#8243;][\/et_pb_button][\/et_pb_column][et_pb_column type=&#8221;1_3&#8243; _builder_version=&#8221;4.9.3&#8243; _module_preset=&#8221;default&#8221; vertical_offset_tablet=&#8221;0&#8243; vertical_offset_phone=&#8221;0&#8243; horizontal_offset_tablet=&#8221;0&#8243; horizontal_offset_phone=&#8221;0&#8243; custom_padding=&#8221;2rem|2rem|2rem|2rem|false|false&#8221; custom_padding_tablet=&#8221;0rem|0rem|0rem|0px|false|false&#8221; custom_padding_phone=&#8221;2rem|0rem|0rem|0px|false|false&#8221; custom_padding_last_edited=&#8221;on|phone&#8221; animation_style=&#8221;slide&#8221; link_option_url=&#8221;https:\/\/baltic.se\/de\/produkt\/mascot-hund-flytvast\/&#8221; hover_enabled=&#8221;0&#8243; background_color_gradient_direction_tablet=&#8221;180deg&#8221; background_color_gradient_direction_phone=&#8221;180deg&#8221; background_color_gradient_start_position_tablet=&#8221;0%&#8221; background_color_gradient_start_position_phone=&#8221;0%&#8221; background_color_gradient_end_position_tablet=&#8221;100%&#8221; background_color_gradient_end_position_phone=&#8221;100%&#8221; z_index_tablet=&#8221;2&#8243; z_index_phone=&#8221;2&#8243; filter_hue_rotate_tablet=&#8221;0deg&#8221; filter_hue_rotate_phone=&#8221;0deg&#8221; filter_saturate_tablet=&#8221;100%&#8221; filter_saturate_phone=&#8221;100%&#8221; filter_brightness_tablet=&#8221;100%&#8221; filter_brightness_phone=&#8221;100%&#8221; filter_contrast_tablet=&#8221;100%&#8221; filter_contrast_phone=&#8221;100%&#8221; filter_invert_tablet=&#8221;0%&#8221; filter_invert_phone=&#8221;0%&#8221; filter_sepia_tablet=&#8221;0%&#8221; filter_sepia_phone=&#8221;0%&#8221; filter_opacity_tablet=&#8221;100%&#8221; filter_opacity_phone=&#8221;100%&#8221; filter_blur_tablet=&#8221;0px&#8221; filter_blur_phone=&#8221;0px&#8221; animation_duration_tablet=&#8221;1000ms&#8221; animation_duration_phone=&#8221;1000ms&#8221; animation_delay_tablet=&#8221;0ms&#8221; animation_delay_phone=&#8221;0ms&#8221; animation_intensity_slide_tablet=&#8221;50%&#8221; animation_intensity_slide_phone=&#8221;50%&#8221; animation_intensity_zoom_tablet=&#8221;50%&#8221; animation_intensity_zoom_phone=&#8221;50%&#8221; animation_intensity_flip_tablet=&#8221;50%&#8221; animation_intensity_flip_phone=&#8221;50%&#8221; animation_intensity_fold_tablet=&#8221;50%&#8221; animation_intensity_fold_phone=&#8221;50%&#8221; animation_intensity_roll_tablet=&#8221;50%&#8221; animation_intensity_roll_phone=&#8221;50%&#8221; animation_starting_opacity_tablet=&#8221;0%&#8221; animation_starting_opacity_phone=&#8221;0%&#8221; hover_transition_duration_tablet=&#8221;300ms&#8221; hover_transition_duration_phone=&#8221;300ms&#8221; hover_transition_delay_tablet=&#8221;0ms&#8221; hover_transition_delay_phone=&#8221;0ms&#8221; box_shadow_horizontal_tablet=&#8221;0px&#8221; box_shadow_horizontal_phone=&#8221;0px&#8221; box_shadow_vertical_tablet=&#8221;0px&#8221; box_shadow_vertical_phone=&#8221;0px&#8221; box_shadow_blur_tablet=&#8221;40px&#8221; box_shadow_blur_phone=&#8221;40px&#8221; box_shadow_spread_tablet=&#8221;0px&#8221; box_shadow_spread_phone=&#8221;0px&#8221; disabled=&#8221;%91object HTMLInputElement%93&#8243; sticky_enabled=&#8221;0&#8243;][et_pb_image src=&#8221;https:\/\/baltic.se\/wp-content\/uploads\/2023\/06\/Mascot1x1.jpg&#8221; title_text=&#8221;Mascot1x1&#8243; _builder_version=&#8221;4.9.3&#8243; _module_preset=&#8221;default&#8221;][\/et_pb_image][et_pb_text _builder_version=&#8221;4.9.3&#8243; _module_preset=&#8221;e8206416-1fa2-4659-a8fa-f48204a05087&#8243; text_font=&#8221;Inter||||||||&#8221; header_2_font=&#8221;eurostile|800||on|||||&#8221; header_2_text_align=&#8221;left&#8221; header_2_text_color=&#8221;#FF5000&#8243; header_2_letter_spacing=&#8221;1px&#8221; text_orientation=&#8221;left&#8221; min_height=&#8221;150px&#8221; min_height_tablet=&#8221;&#8221; min_height_phone=&#8221;230px&#8221; min_height_last_edited=&#8221;on|phone&#8221; max_height=&#8221;150px&#8221; max_height_tablet=&#8221;&#8221; max_height_phone=&#8221;230px&#8221; max_height_last_edited=&#8221;on|desktop&#8221;]<\/p>\n<h2>DIE HUNDERETTUNGSWESTE MASCOT IST EIN FAVORIT<\/h2>\n<p>Die Hunderettungsweste Mascot ist der Favorit vieler Hundebesitzer. Sie ist ausgewogen und hat einen Tragegriff und eine reflektierende Naht auf der R\u00fcckenseite. Mit Mascot k\u00f6nnen Sie und Ihr Hund sich auf dem Wasser sicher f\u00fchlen. Auf eine Baltic-Rettungsweste k\u00f6nnen Sie sich verlassen.<\/p>\n<p>[\/et_pb_text][et_pb_divider divider_style=&#8221;none&#8221; _builder_version=&#8221;4.9.3&#8243; _module_preset=&#8221;default&#8221;][\/et_pb_divider][et_pb_button button_url=&#8221;https:\/\/baltic.se\/de\/produkt\/mascot-hund-flytvast\/&#8221; button_text=&#8221;Mehr erfahren&#8221; button_alignment=&#8221;left&#8221; _builder_version=&#8221;4.9.3&#8243; _module_preset=&#8221;default&#8221; button_text_color=&#8221;#ff5000&#8243; button_bg_color=&#8221;#FFFFFF&#8221; button_icon=&#8221;%%40%%&#8221; button_icon_color=&#8221;#FF5000&#8243; button_on_hover=&#8221;off&#8221; custom_margin=&#8221;15px||||false|false&#8221; custom_padding=&#8221;0.4rem|0rem|0.4rem|0rem|true|true&#8221; hover_enabled=&#8221;0&#8243; sticky_enabled=&#8221;0&#8243;][\/et_pb_button][\/et_pb_column][et_pb_column type=&#8221;1_3&#8243; _builder_version=&#8221;4.9.3&#8243; _module_preset=&#8221;default&#8221; vertical_offset_tablet=&#8221;0&#8243; vertical_offset_phone=&#8221;0&#8243; horizontal_offset_tablet=&#8221;0&#8243; horizontal_offset_phone=&#8221;0&#8243; custom_padding=&#8221;2rem|2rem|2rem|2rem|false|false&#8221; custom_padding_tablet=&#8221;0rem|0rem|0rem|0px|false|false&#8221; custom_padding_phone=&#8221;2rem|0rem|0rem|0px|false|false&#8221; custom_padding_last_edited=&#8221;on|phone&#8221; animation_style=&#8221;slide&#8221; link_option_url=&#8221;https:\/\/baltic.se\/de\/produkt\/pluto-hund-flytvast\/&#8221; hover_enabled=&#8221;0&#8243; background_color_gradient_direction_tablet=&#8221;180deg&#8221; background_color_gradient_direction_phone=&#8221;180deg&#8221; background_color_gradient_start_position_tablet=&#8221;0%&#8221; background_color_gradient_start_position_phone=&#8221;0%&#8221; background_color_gradient_end_position_tablet=&#8221;100%&#8221; background_color_gradient_end_position_phone=&#8221;100%&#8221; z_index_tablet=&#8221;2&#8243; z_index_phone=&#8221;2&#8243; filter_hue_rotate_tablet=&#8221;0deg&#8221; filter_hue_rotate_phone=&#8221;0deg&#8221; filter_saturate_tablet=&#8221;100%&#8221; filter_saturate_phone=&#8221;100%&#8221; filter_brightness_tablet=&#8221;100%&#8221; filter_brightness_phone=&#8221;100%&#8221; filter_contrast_tablet=&#8221;100%&#8221; filter_contrast_phone=&#8221;100%&#8221; filter_invert_tablet=&#8221;0%&#8221; filter_invert_phone=&#8221;0%&#8221; filter_sepia_tablet=&#8221;0%&#8221; filter_sepia_phone=&#8221;0%&#8221; filter_opacity_tablet=&#8221;100%&#8221; filter_opacity_phone=&#8221;100%&#8221; filter_blur_tablet=&#8221;0px&#8221; filter_blur_phone=&#8221;0px&#8221; animation_duration_tablet=&#8221;1000ms&#8221; animation_duration_phone=&#8221;1000ms&#8221; animation_delay_tablet=&#8221;0ms&#8221; animation_delay_phone=&#8221;0ms&#8221; animation_intensity_slide_tablet=&#8221;50%&#8221; animation_intensity_slide_phone=&#8221;50%&#8221; animation_intensity_zoom_tablet=&#8221;50%&#8221; animation_intensity_zoom_phone=&#8221;50%&#8221; animation_intensity_flip_tablet=&#8221;50%&#8221; animation_intensity_flip_phone=&#8221;50%&#8221; animation_intensity_fold_tablet=&#8221;50%&#8221; animation_intensity_fold_phone=&#8221;50%&#8221; animation_intensity_roll_tablet=&#8221;50%&#8221; animation_intensity_roll_phone=&#8221;50%&#8221; animation_starting_opacity_tablet=&#8221;0%&#8221; animation_starting_opacity_phone=&#8221;0%&#8221; hover_transition_duration_tablet=&#8221;300ms&#8221; hover_transition_duration_phone=&#8221;300ms&#8221; hover_transition_delay_tablet=&#8221;0ms&#8221; hover_transition_delay_phone=&#8221;0ms&#8221; box_shadow_horizontal_tablet=&#8221;0px&#8221; box_shadow_horizontal_phone=&#8221;0px&#8221; box_shadow_vertical_tablet=&#8221;0px&#8221; box_shadow_vertical_phone=&#8221;0px&#8221; box_shadow_blur_tablet=&#8221;40px&#8221; box_shadow_blur_phone=&#8221;40px&#8221; box_shadow_spread_tablet=&#8221;0px&#8221; box_shadow_spread_phone=&#8221;0px&#8221; disabled=&#8221;%91object HTMLInputElement%93&#8243; sticky_enabled=&#8221;0&#8243;][et_pb_image src=&#8221;https:\/\/baltic.se\/wp-content\/uploads\/2023\/06\/Pluto1x1.jpg&#8221; title_text=&#8221;Pluto1x1&#8243; _builder_version=&#8221;4.9.3&#8243; _module_preset=&#8221;default&#8221;][\/et_pb_image][et_pb_text _builder_version=&#8221;4.9.3&#8243; _module_preset=&#8221;e8206416-1fa2-4659-a8fa-f48204a05087&#8243; text_font=&#8221;Inter||||||||&#8221; header_2_font=&#8221;eurostile|800||on|||||&#8221; header_2_text_align=&#8221;left&#8221; header_2_text_color=&#8221;#FF5000&#8243; header_2_letter_spacing=&#8221;1px&#8221; text_orientation=&#8221;left&#8221; min_height=&#8221;150px&#8221; min_height_tablet=&#8221;&#8221; min_height_phone=&#8221;230px&#8221; min_height_last_edited=&#8221;on|phone&#8221; max_height=&#8221;150px&#8221; max_height_tablet=&#8221;&#8221; max_height_phone=&#8221;230px&#8221; max_height_last_edited=&#8221;on|desktop&#8221;]<\/p>\n<h2>DIE HUNDERETTUNGSWESTE PLUTO IST EIN KLASSIKER<\/h2>\n<p>Pluto ist eine Baltic-Rettungsweste f\u00fcr unsere vierbeinigen Freunde. Sie verf\u00fcgt \u00fcber eingebaute Sicherheitsmerkmale, wie Reflektoren und Tragegriffe mit starken Riemen auf der R\u00fcckenseite. Au\u00dferdem hat sie Schnellausl\u00f6seschnallen und eine D-Ring-\u00d6se zum Anbringen einer Leine.<\/p>\n<p>[\/et_pb_text][et_pb_divider divider_style=&#8221;none&#8221; _builder_version=&#8221;4.9.3&#8243; _module_preset=&#8221;default&#8221;][\/et_pb_divider][et_pb_button button_url=&#8221;https:\/\/baltic.se\/de\/produkt\/pluto-hund-flytvast\/&#8221; button_text=&#8221;Mehr erfahren&#8221; button_alignment=&#8221;left&#8221; _builder_version=&#8221;4.9.3&#8243; _module_preset=&#8221;default&#8221; button_text_color=&#8221;#ff5000&#8243; button_bg_color=&#8221;#FFFFFF&#8221; button_icon=&#8221;%%40%%&#8221; button_icon_color=&#8221;#FF5000&#8243; button_on_hover=&#8221;off&#8221; custom_margin=&#8221;15px||||false|false&#8221; custom_padding=&#8221;0.4rem|0rem|0.4rem|0rem|true|true&#8221; hover_enabled=&#8221;0&#8243; sticky_enabled=&#8221;0&#8243;][\/et_pb_button][\/et_pb_column][\/et_pb_row][\/et_pb_section][et_pb_section fb_built=&#8221;1&#8243; _builder_version=&#8221;4.9.3&#8243; _module_preset=&#8221;default&#8221;][et_pb_row _builder_version=&#8221;4.9.3&#8243; _module_preset=&#8221;default&#8221;][et_pb_column type=&#8221;4_4&#8243; _builder_version=&#8221;4.9.3&#8243; _module_preset=&#8221;default&#8221;][et_pb_wc_related_products product=&#8221;982&#8243; posts_number=&#8221;8&#8243; orderby=&#8221;price&#8221; _builder_version=&#8221;4.9.3&#8243; _module_preset=&#8221;default&#8221; title_font=&#8221;eurostile|700||on|||||&#8221; title_text_align=&#8221;left&#8221; title_text_color=&#8221;#000000&#8243; title_font_size=&#8221;1rem&#8221; title_letter_spacing=&#8221;1px&#8221; title_line_height=&#8221;2em&#8221; rating_font_size=&#8221;5px&#8221; rating_letter_spacing=&#8221;4px&#8221; product_title_font=&#8221;|||on|||||&#8221; product_title_text_color=&#8221;#000000&#8243; product_title_letter_spacing=&#8221;1px&#8221; price_text_color=&#8221;#000000&#8243; price_letter_spacing=&#8221;1px&#8221; price_line_height=&#8221;2.7em&#8221; sale_price_text_color=&#8221;#A8A8A8&#8243;][\/et_pb_wc_related_products][\/et_pb_column][\/et_pb_row][\/et_pb_section]<\/p>\n","protected":false},"excerpt":{"rendered":"<p>[et_pb_section fb_built=&#8221;1&#8243; _builder_version=&#8221;4.9.3&#8243; _module_preset=&#8221;default&#8221; use_background_color_gradient=&#8221;on&#8221; background_color_gradient_start=&#8221;rgba(0,0,0,0.12)&#8221; background_color_gradient_end=&#8221;rgba(0,0,0,0.37)&#8221; background_color_gradient_start_position=&#8221;15%&#8221; background_color_gradient_overlays_image=&#8221;on&#8221; background_image=&#8221;https:\/\/baltic.se\/wp-content\/uploads\/2023\/05\/Baltic053-scaled.jpg&#8221; background_position=&#8221;top_center&#8221; min_height=&#8221;50vh&#8221;][et_pb_row column_structure=&#8221;1_3,1_3,1_3&#8243; _builder_version=&#8221;4.9.3&#8243; _module_preset=&#8221;default&#8221; custom_margin=&#8221;5%|auto|5%|auto|false|false&#8221; custom_margin_tablet=&#8221;&#8221; custom_margin_phone=&#8221;20%||10%||false|false&#8221; custom_margin_last_edited=&#8221;on|phone&#8221; custom_padding=&#8221;17px||0px|||&#8221;][et_pb_column type=&#8221;1_3&#8243; _builder_version=&#8221;4.9.3&#8243; _module_preset=&#8221;default&#8221;][et_pb_text content_tablet=&#8221; Eine Hundeschwimmweste von Baltic l\u00e4sst Sie nie im Stich &#8221; content_phone=&#8221; Eine Hundeschwimmweste von Baltic l\u00e4sst Sie nie im Stich &#8221; content_last_edited=&#8221;on|phone&#8221; _builder_version=&#8221;4.9.3&#8243; _module_preset=&#8221;default&#8221; header_font=&#8221;eurostile-extended|700||on|||||&#8221; header_text_color=&#8221;#FFFFFF&#8221; header_font_size=&#8221;29px&#8221; header_letter_spacing=&#8221;0.04em&#8221; header_line_height=&#8221;34px&#8221; header_2_font=&#8221;eurostile|||on|||||&#8221; header_2_text_color=&#8221;#FFFFFF&#8221; [&hellip;]<\/p>\n","protected":false},"author":121,"featured_media":0,"parent":0,"menu_order":0,"comment_status":"closed","ping_status":"closed","template":"","meta":{"_et_pb_use_builder":"on","_et_pb_old_content":"","_et_gb_content_width":"","inline_featured_image":false},"acf":[],"_links":{"self":[{"href":"https:\/\/baltic.se\/de\/wp-json\/wp\/v2\/pages\/85420"}],"collection":[{"href":"https:\/\/baltic.se\/de\/wp-json\/wp\/v2\/pages"}],"about":[{"href":"https:\/\/baltic.se\/de\/wp-json\/wp\/v2\/types\/page"}],"author":[{"embeddable":true,"href":"https:\/\/baltic.se\/de\/wp-json\/wp\/v2\/users\/121"}],"replies":[{"embeddable":true,"href":"https:\/\/baltic.se\/de\/wp-json\/wp\/v2\/comments?post=85420"}],"version-history":[{"count":13,"href":"https:\/\/baltic.se\/de\/wp-json\/wp\/v2\/pages\/85420\/revisions"}],"predecessor-version":[{"id":86630,"href":"https:\/\/baltic.se\/de\/wp-json\/wp\/v2\/pages\/85420\/revisions\/86630"}],"wp:attachment":[{"href":"https:\/\/baltic.se\/de\/wp-json\/wp\/v2\/media?parent=85420"}],"curies":[{"name":"wp","href":"https:\/\/api.w.org\/{rel}","templated":true}]}}