{"id":73830,"date":"2023-03-03T22:28:16","date_gmt":"2023-03-03T21:28:16","guid":{"rendered":"https:\/\/baltic.se\/faq\/"},"modified":"2023-03-03T22:28:31","modified_gmt":"2023-03-03T21:28:31","slug":"faq","status":"publish","type":"page","link":"https:\/\/baltic.se\/de\/faq\/","title":{"rendered":"FAQ"},"content":{"rendered":"<p>[et_pb_section fb_built=&#8221;1&#8243; _builder_version=&#8221;4.9.3&#8243; _module_preset=&#8221;default&#8221; use_background_color_gradient=&#8221;on&#8221; background_color_gradient_start=&#8221;rgba(0,0,0,0.56)&#8221; background_color_gradient_end=&#8221;rgba(168,168,168,0)&#8221; background_color_gradient_direction=&#8221;154deg&#8221; background_color_gradient_start_position=&#8221;28%&#8221; background_color_gradient_overlays_image=&#8221;on&#8221; background_image=&#8221;https:\/\/baltic.se\/wp-content\/uploads\/2021\/04\/Splitfront2-scaled.jpg&#8221; background_position=&#8221;top_center&#8221; height=&#8221;50vh&#8221;][et_pb_row column_structure=&#8221;1_2,1_2&#8243; _builder_version=&#8221;4.9.3&#8243; _module_preset=&#8221;default&#8221; custom_margin=&#8221;2%||||false|false&#8221;][et_pb_column type=&#8221;1_2&#8243; _builder_version=&#8221;4.9.3&#8243; _module_preset=&#8221;default&#8221;][et_pb_text _builder_version=&#8221;4.9.3&#8243; _module_preset=&#8221;default&#8221; header_text_align=&#8221;left&#8221; header_text_color=&#8221;#FFFFFF&#8221; header_2_font=&#8221;|800|||||||&#8221; header_2_text_align=&#8221;left&#8221; header_2_text_color=&#8221;#FFFFFF&#8221; header_2_font_size=&#8221;48px&#8221; header_4_font=&#8221;||||||||&#8221; header_4_text_align=&#8221;left&#8221; header_4_text_color=&#8221;#FFFFFF&#8221; header_4_font_size=&#8221;17px&#8221; header_4_line_height=&#8221;1.2em&#8221; header_font_tablet=&#8221;&#8221; header_font_phone=&#8221;&#8221; header_font_last_edited=&#8221;on|desktop&#8221; header_text_align_tablet=&#8221;&#8221; header_text_align_phone=&#8221;&#8221; header_text_align_last_edited=&#8221;on|desktop&#8221; header_2_font_tablet=&#8221;&#8221; header_2_font_phone=&#8221;&#8221; header_2_font_last_edited=&#8221;on|phone&#8221; header_2_text_align_tablet=&#8221;&#8221; header_2_text_align_phone=&#8221;center&#8221; header_2_text_align_last_edited=&#8221;on|desktop&#8221; header_4_font_tablet=&#8221;&#8221; header_4_font_phone=&#8221;||||||||&#8221; header_4_font_last_edited=&#8221;on|phone&#8221; header_4_text_align_tablet=&#8221;&#8221; header_4_text_align_phone=&#8221;center&#8221; header_4_text_align_last_edited=&#8221;on|phone&#8221;]<\/p>\n<h1>FAQ<\/h1>\n<h4>Vi \u00e4lskar b\u00e5tar, hav, segling, sol, vattensport och paddling. Kort sagt, vi \u00e4lskar allt som har med vatten att g\u00f6ra. D\u00e4rf\u00f6r har vi vigt v\u00e5ra liv \u00e5t att g\u00f6ra vattenlivet s\u00e4krare och d\u00e4rmed \u00e4nnu roligare och sk\u00f6nare.\u00a0<\/h4>\n<p>&nbsp;<\/p>\n<p>[\/et_pb_text][\/et_pb_column][et_pb_column type=&#8221;1_2&#8243; _builder_version=&#8221;4.9.3&#8243; _module_preset=&#8221;default&#8221;][\/et_pb_column][\/et_pb_row][\/et_pb_section][et_pb_section fb_built=&#8221;1&#8243; _builder_version=&#8221;4.9.3&#8243; _module_preset=&#8221;default&#8221; custom_padding=&#8221;0px||0px||false|false&#8221;][et_pb_row _builder_version=&#8221;4.9.3&#8243; _module_preset=&#8221;default&#8221; custom_margin=&#8221;0px||0px||false|false&#8221; custom_padding=&#8221;0px||0px||false|false&#8221;][et_pb_column type=&#8221;4_4&#8243; _builder_version=&#8221;4.9.3&#8243; _module_preset=&#8221;default&#8221;][et_pb_text _builder_version=&#8221;4.9.3&#8243; _module_preset=&#8221;default&#8221; text_font_size=&#8221;18px&#8221; header_4_line_height=&#8221;1.3em&#8221; custom_margin=&#8221;5%|20%||20%|false|false&#8221; custom_margin_tablet=&#8221;|5%||5%|false|false&#8221; custom_margin_phone=&#8221;|2%||2%|false|false&#8221; custom_margin_last_edited=&#8221;on|phone&#8221; custom_padding=&#8221;||||false|false&#8221;]<\/p>\n<h3>Allm\u00e4nna fr\u00e5gor om flytv\u00e4star<\/h3>\n<p><strong>Hur tv\u00e4ttar jag min produkt fr\u00e5n Baltic? <\/strong><\/p>\n<p>Produkter fr\u00e5n Baltic ska handtv\u00e4tts i ljummet vatten och milt tv\u00e4ttmedel.<\/p>\n<p><strong>Hur l\u00e4nge h\u00e5ller min Baltic flytv\u00e4st?<\/strong><\/p>\n<p>Den rekommenderade livsl\u00e4ngden p\u00e5 flytv\u00e4star fr\u00e5n Baltic \u00e4r tio \u00e5r. Om du regelbundet kontrollerar din flytv\u00e4st och tar hand om den kommer den dock att h\u00e5lla i mer \u00e4n tio \u00e5r. \u00c4r du os\u00e4ker, testa flytv\u00e4sten under kontrollerade former i en milj\u00f6 d\u00e4r du k\u00e4nner dig s\u00e4ker \u00e4ven utan flytv\u00e4st. Du kan ocks\u00e5 h\u00f6ra av dig till oss p\u00e5 Baltic s\u00e5 kan vi hj\u00e4lpa dig att g\u00f6ra ett utl\u00e5tande.<\/p>\n<p><strong>Kan jag ta reda p\u00e5 hur gammal min flytv\u00e4st \u00e4r? <\/strong><\/p>\n<p>Inuti din flytv\u00e4st finns en lapp med ett modellnummer, de fyra f\u00f6rsta sifforna i modellnumret indikerar tillverknings\u00e5r och m\u00e5nad. Till exempel 2112xxxx visar att din flytv\u00e4st \u00e4r tillverkad 2021 i december.<\/p>\n<p><strong>Vad g\u00e4ller med garanti?<\/strong><\/p>\n<p>Vi l\u00e4mnar fem (5) \u00e5rs garanti p\u00e5 v\u00e5ra s\u00e4kerhetsprodukter med undantag f\u00f6r flytkl\u00e4der som har en garantitid om tv\u00e5 (2) \u00e5r. Vi l\u00e4mnar tv\u00e5\u00e5rsgarantin p\u00e5 \u00f6vrig konfektion\/kl\u00e4der. Garantin g\u00e4ller enbart material- eller produktionsfel. Garantin omfattar enbart reparation av produkten, eller utbyte till en ny likv\u00e4rdig produkt. Garantin f\u00f6ruts\u00e4tter att produkten enbart anv\u00e4nts f\u00f6r privat bruk, ej varit utsatt f\u00f6r olycksh\u00e4ndelse samt att normal aktsamhet till\u00e4mpats och bruksanvisningen f\u00f6ljts. Om det \u00e4r n\u00e5got annat som avviker fr\u00e5n din best\u00e4llning s\u00e5 kontakta oss p\u00e5\u00a0<a href=\"mailto:webshop@baltic.se\">webshop@baltic.se<\/a>.<\/p>\n<p><strong>Viktangivelsen p\u00e5 flytv\u00e4sten \u00e4r f\u00f6r lite\/mycket men storleken passar mig b\u00e4st, kan jag v\u00e4lja denna flytv\u00e4st? <\/strong><\/p>\n<p>Det viktigaste \u00e4r att flytv\u00e4sten har en god passform, s\u00e5 stirra dig inte blind p\u00e5 viktangivelsen p\u00e5 flytv\u00e4sten. Viktangivelsen \u00e4r mer en storleksindelning \u00e4n vad som \u00e4r rekommenderat att v\u00e4ga. \u00c4ven fast du v\u00e4ger mer \u00e4n vad viktangivelsen anger, kommer du att flyta med god marginal. \u00c4r du fortfarande os\u00e4ker? Kontakta oss p\u00e5 <a href=\"mailto:webshop@baltic.se\">webshop@baltic.se<\/a>.<\/p>\n<p><strong>Vad skall jag t\u00e4nka p\u00e5 n\u00e4r jag v\u00e4ljer flytv\u00e4st?<\/strong><\/p>\n<p>Det finns m\u00e5nga olika modeller av flytv\u00e4star att v\u00e4lja p\u00e5, b\u00f6rja med att ta reda p\u00e5 vilken modell som passar dig b\u00e4st utifr\u00e5n vad du ska anv\u00e4nda flytv\u00e4sten till. <a href=\"https:\/\/baltic.se\/de\/wie-waehle-ich-meine-rettungsweste\/\">H\u00c4R<\/a> kan du l\u00e4sa mer om vilken typ av flytv\u00e4st som passar till vilken aktivet samt vad du ska t\u00e4nka p\u00e5 n\u00e4r du v\u00e4ljer flytv\u00e4st.<\/p>\n<p>F\u00f6r att du enkelt ska hitta bland v\u00e5ra produkter har exempelvis <a href=\"https:\/\/baltic.se\/produkter\/flytvastar\/anvandare\/flytvastar-for-barn\/\">flytv\u00e4st f\u00f6r barn<\/a>, vuxna och hundar egna kategorier.\u00a0<\/p>\n<h3>Allm\u00e4nna fr\u00e5gor om uppbl\u00e5sbara flytv\u00e4star<\/h3>\n<p><strong>Hur ofta ska jag byta utl\u00f6sare i min uppbl\u00e5sbara flytv\u00e4st?<\/strong><\/p>\n<p>P\u00e5 din befintliga utl\u00f6sare finns ett b\u00e4st f\u00f6re datum, n\u00e4r detta datum \u00e4r passerat ska du byta denna. En ny utl\u00f6sare h\u00e5ller i ca 2 \u00e5r. Genom att g\u00f6ra den \u00e5rliga servicen av din uppbl\u00e5sbara flytv\u00e4st s\u00e4kerst\u00e4ller du att du alltid har en fr\u00e4sch utl\u00f6sare. <a href=\"https:\/\/baltic.se\/de\/storefinder\/\">H\u00c4R<\/a> hittar du Baltic servicestationer, du kan ocks\u00e5 skicka din flytv\u00e4st till oss p\u00e5 Baltic s\u00e5 g\u00f6r vi en service \u00e5t dig.<\/p>\n<p><strong>Hur ofta ska jag byta gaspatron i min uppbl\u00e5sbara flytv\u00e4st?<\/strong><\/p>\n<p>Gaspatronen beh\u00f6ver endast bytas n\u00e4r din flytv\u00e4st l\u00f6st ut eller om det finns synliga skador p\u00e5 patronen. Genom att g\u00f6ra den \u00e5rliga servicen s\u00e5 s\u00e4kerst\u00e4ller du att gaspatronen \u00e4r i gott skick. <a href=\"https:\/\/baltic.se\/de\/storefinder\/\">H\u00c4R<\/a> hittar du Baltic servicestationer, du kan ocks\u00e5 skicka din flytv\u00e4st till oss p\u00e5 Baltic s\u00e5 g\u00f6r vi en service \u00e5t dig.<\/p>\n<p><strong>Hur ofta ska jag serva min uppbl\u00e5sbara flytv\u00e4st?<\/strong><\/p>\n<p>Service p\u00e5 <a href=\"https:\/\/baltic.se\/produkter\/flytvastar\/typ-av-flytvast\/raddningsvastar-uppblasbara\/\">uppbl\u00e5sbara flytv\u00e4star<\/a> ska g\u00f6ras \u00e5rligen hos en av Baltic certifierad serviceagent.\u00a0 Underl\u00e5telse att serva produkten kan medf\u00f6ra att garantin inte g\u00e4ller. Du hittar Baltic service agenter <a href=\"https:\/\/baltic.se\/de\/storefinder\/\">H\u00c4R<\/a><\/p>\n<p><strong>\u00c4ven fast min utl\u00f6sare har passerat sitt b\u00e4st f\u00f6re datum s\u00e5 visar den \u00e4nd\u00e5 gr\u00f6nt?<\/strong><\/p>\n<p>\u00c4ven fast din utl\u00f6sare har passerat sitt b\u00e4st f\u00f6re datum, kommer den att l\u00f6sa ut om du hamnar i vatten. Risken \u00f6kar dock att din flytv\u00e4st kommer att l\u00f6sa ut ov\u00e4ntat i tex kraftigt regn, detta beror p\u00e5 att utl\u00f6sare med tiden blir \u201dm\u00e4ttat\u201d p\u00e5 fukt.<\/p>\n<p><strong>Vad betyder SLA som st\u00e5r efter namnet p\u00e5 vissa uppbl\u00e5sbara r\u00e4ddningsv\u00e4star? <\/strong><\/p>\n<p>SLA betyder att flytv\u00e4sten \u00e4r utrustad med sprayhood, n\u00f6dljus som aktiveras manuellt eller vid neds\u00e4nkning i vatten och har f\u00e4ste f\u00f6r AIS-s\u00e4ndare (Automatic Identification System, tillg\u00e4ngligt tillbeh\u00f6r ing\u00e5r ej).<\/p>\n<p><strong>Min uppbl\u00e5sbara r\u00e4ddningsv\u00e4st saknar retainer, vad ska jag g\u00f6ra?<\/strong><\/p>\n<p>Saknar din uppbl\u00e5sbara flytv\u00e4st reatiner ska du l\u00e4mna in den till n\u00e5gon av v\u00e5r certifierade service agnenter &#8211; <a href=\"https:\/\/baltic.se\/de\/storefinder\/\">H\u00c4R<\/a> hittar du din n\u00e4rmaste. Du kan ocks\u00e5 skicka flytv\u00e4sten till oss p\u00e5 Baltic. Kontakta <a href=\"mailto:info@baltic.se\">info@baltic.se<\/a> f\u00f6r att f\u00e5 en fraktsedel.<\/p>\n<p><strong>Vad \u00e4r Caspule UML och Cartridge United Moulders?<\/strong><\/p>\n<p>Caspule UML och Cartridge United Moulders \u00e4r tv\u00e5 olika varianter av utl\u00f6sare till uppbl\u00e5sbara flytv\u00e4star. Det \u00e4r utl\u00f6saren som g\u00f6r att din flytv\u00e4st automatiskt bl\u00e5ser upp sig n\u00e4r den kommer i kontakt med vatten. N\u00e4r utl\u00f6saren kommer i kontakt med vatten sl\u00e5r en pigg fr\u00e5n utl\u00f6saren s\u00f6nder perforeringen som \u00e4r p\u00e5 gaspatronen och lungan p\u00e5 den uppbl\u00e5sbara flytv\u00e4sten fylls med ofarlig, livsmedelsklassad koldioxid.<\/p>\n<p><strong>Vilken utl\u00f6sare passar till min flytv\u00e4st? <\/strong><\/p>\n<p>Inuti flytv\u00e4sten p\u00e5 lungan finns information tryckt om vilken utl\u00f6sare som passar till din flytv\u00e4st. Det finns tre olika varianter av utl\u00f6sare, Hammar, Caspule UML och Cartridge United Moulders. Du kan l\u00e4tt f\u00e5 fram r\u00e4tt utl\u00f6sare till din flytv\u00e4st genom att s\u00f6ka p\u00e5 modellnumret som du hittar tryckt p\u00e5 lungan i s\u00f6kfunktionen p\u00e5 v\u00e5r hemsida.\u00a0<\/p>\n<p><strong>Vilken gaspatron passar till min flytv\u00e4st? <\/strong><\/p>\n<p>Inuti flytv\u00e4sten p\u00e5 lungan finns information tryckt om vilken gaspatron som passar till din flytv\u00e4st. Du kan l\u00e4tt f\u00e5 fram r\u00e4tt gaspatron till din flytv\u00e4st genom att s\u00f6ka p\u00e5 modellnumret som du hittar tryckt p\u00e5 lungan i s\u00f6kfunktionen p\u00e5 v\u00e5r hemsida. Det finns m\u00e5nga olika storlekar p\u00e5 patroner och det \u00e4r viktigt att r\u00e4tt gaspatron sitter i din flytv\u00e4st. Vi p\u00e5 Baltic s\u00e4ljer allt fr\u00e5n 10gram gaspatroner till 60gram. Om du har fel gaspatron i kan det leda till att lungan inte fylls ordentligt och d\u00e4r med inte kommer h\u00e5lla dig flytande eller att den g\u00e5r s\u00f6nder.<\/p>\n<p>[\/et_pb_text][et_pb_social_media_follow _builder_version=&#8221;4.9.3&#8243; _module_preset=&#8221;default&#8221; custom_margin=&#8221;5%||||false|false&#8221; custom_padding=&#8221;2px|||20%|false|false&#8221; custom_padding_tablet=&#8221;|||5%|false|false&#8221; custom_padding_phone=&#8221;|||2%|false|false&#8221; custom_padding_last_edited=&#8221;on|tablet&#8221;][et_pb_social_media_follow_network social_network=&#8221;facebook&#8221; _builder_version=&#8221;4.9.3&#8243; _module_preset=&#8221;default&#8221; background_color=&#8221;#000000&#8243; background_enable_color=&#8221;on&#8221; follow_button=&#8221;off&#8221; url_new_window=&#8221;on&#8221;]facebook[\/et_pb_social_media_follow_network][et_pb_social_media_follow_network social_network=&#8221;instagram&#8221; _builder_version=&#8221;4.9.3&#8243; _module_preset=&#8221;default&#8221; background_color=&#8221;#000000&#8243; background_enable_color=&#8221;on&#8221; follow_button=&#8221;off&#8221; url_new_window=&#8221;on&#8221;]instagram[\/et_pb_social_media_follow_network][et_pb_social_media_follow_network social_network=&#8221;youtube&#8221; _builder_version=&#8221;4.9.3&#8243; _module_preset=&#8221;default&#8221; background_color=&#8221;#000000&#8243; background_enable_color=&#8221;on&#8221; follow_button=&#8221;off&#8221; url_new_window=&#8221;on&#8221;]youtube[\/et_pb_social_media_follow_network][\/et_pb_social_media_follow][et_pb_text _builder_version=&#8221;4.9.3&#8243; _module_preset=&#8221;default&#8221;]<\/p>\n<p>F\u00f6lj oss g\u00e4rna p\u00e5<\/p>\n<p>[\/et_pb_text][\/et_pb_column][\/et_pb_row][\/et_pb_section][et_pb_section fb_built=&#8221;1&#8243; _builder_version=&#8221;4.9.3&#8243; _module_preset=&#8221;default&#8221;][et_pb_row column_structure=&#8221;1_3,1_3,1_3&#8243; _builder_version=&#8221;4.9.3&#8243; _module_preset=&#8221;default&#8221; custom_padding=&#8221;0px||0px||false|false&#8221;][et_pb_column type=&#8221;1_3&#8243; _builder_version=&#8221;4.9.3&#8243; _module_preset=&#8221;default&#8221;][et_pb_image src=&#8221;https:\/\/baltic.se\/wp-content\/uploads\/2021\/04\/Athena3-scaled.jpg&#8221; title_text=&#8221;Athena3&#8243; _builder_version=&#8221;4.9.3&#8243; _module_preset=&#8221;default&#8221;][\/et_pb_image][\/et_pb_column][et_pb_column type=&#8221;1_3&#8243; _builder_version=&#8221;4.9.3&#8243; _module_preset=&#8221;default&#8221;][et_pb_image src=&#8221;https:\/\/baltic.se\/wp-content\/uploads\/2021\/04\/P5A9827-scaled.jpg&#8221; title_text=&#8221;_P5A9827&#8243; _builder_version=&#8221;4.9.3&#8243; _module_preset=&#8221;default&#8221;][\/et_pb_image][\/et_pb_column][et_pb_column type=&#8221;1_3&#8243; _builder_version=&#8221;4.9.3&#8243; _module_preset=&#8221;default&#8221;][et_pb_image src=&#8221;https:\/\/baltic.se\/wp-content\/uploads\/2021\/04\/Extreme3-scaled.jpg&#8221; title_text=&#8221;Extreme3&#8243; _builder_version=&#8221;4.9.3&#8243; _module_preset=&#8221;default&#8221;][\/et_pb_image][\/et_pb_column][\/et_pb_row][et_pb_row column_structure=&#8221;1_2,1_2&#8243; _builder_version=&#8221;4.9.3&#8243; _module_preset=&#8221;default&#8221; custom_padding=&#8221;0px||0px||false|false&#8221;][et_pb_column type=&#8221;1_2&#8243; _builder_version=&#8221;4.9.3&#8243; _module_preset=&#8221;default&#8221;][et_pb_image src=&#8221;https:\/\/baltic.se\/wp-content\/uploads\/2021\/04\/Carbon3-scaled.jpg&#8221; title_text=&#8221;Carbon3&#8243; _builder_version=&#8221;4.9.3&#8243; _module_preset=&#8221;default&#8221;][\/et_pb_image][\/et_pb_column][et_pb_column type=&#8221;1_2&#8243; _builder_version=&#8221;4.9.3&#8243; _module_preset=&#8221;default&#8221;][et_pb_image src=&#8221;https:\/\/baltic.se\/wp-content\/uploads\/2021\/04\/Splitfront2-scaled.jpg&#8221; title_text=&#8221;Splitfront2&#8243; _builder_version=&#8221;4.9.3&#8243; _module_preset=&#8221;default&#8221;][\/et_pb_image][\/et_pb_column][\/et_pb_row][\/et_pb_section]<\/p>\n","protected":false},"excerpt":{"rendered":"<p>[et_pb_section fb_built=&#8221;1&#8243; _builder_version=&#8221;4.9.3&#8243; _module_preset=&#8221;default&#8221; use_background_color_gradient=&#8221;on&#8221; background_color_gradient_start=&#8221;rgba(0,0,0,0.56)&#8221; background_color_gradient_end=&#8221;rgba(168,168,168,0)&#8221; background_color_gradient_direction=&#8221;154deg&#8221; background_color_gradient_start_position=&#8221;28%&#8221; background_color_gradient_overlays_image=&#8221;on&#8221; background_image=&#8221;https:\/\/baltic.se\/wp-content\/uploads\/2021\/04\/Splitfront2-scaled.jpg&#8221; background_position=&#8221;top_center&#8221; height=&#8221;50vh&#8221;][et_pb_row column_structure=&#8221;1_2,1_2&#8243; _builder_version=&#8221;4.9.3&#8243; _module_preset=&#8221;default&#8221; custom_margin=&#8221;2%||||false|false&#8221;][et_pb_column type=&#8221;1_2&#8243; _builder_version=&#8221;4.9.3&#8243; _module_preset=&#8221;default&#8221;][et_pb_text _builder_version=&#8221;4.9.3&#8243; _module_preset=&#8221;default&#8221; header_text_align=&#8221;left&#8221; header_text_color=&#8221;#FFFFFF&#8221; header_2_font=&#8221;|800|||||||&#8221; header_2_text_align=&#8221;left&#8221; header_2_text_color=&#8221;#FFFFFF&#8221; header_2_font_size=&#8221;48px&#8221; header_4_font=&#8221;||||||||&#8221; header_4_text_align=&#8221;left&#8221; header_4_text_color=&#8221;#FFFFFF&#8221; header_4_font_size=&#8221;17px&#8221; header_4_line_height=&#8221;1.2em&#8221; header_font_tablet=&#8221;&#8221; header_font_phone=&#8221;&#8221; header_font_last_edited=&#8221;on|desktop&#8221; header_text_align_tablet=&#8221;&#8221; header_text_align_phone=&#8221;&#8221; header_text_align_last_edited=&#8221;on|desktop&#8221; header_2_font_tablet=&#8221;&#8221; header_2_font_phone=&#8221;&#8221; header_2_font_last_edited=&#8221;on|phone&#8221; header_2_text_align_tablet=&#8221;&#8221; header_2_text_align_phone=&#8221;center&#8221; header_2_text_align_last_edited=&#8221;on|desktop&#8221; header_4_font_tablet=&#8221;&#8221; header_4_font_phone=&#8221;||||||||&#8221; header_4_font_last_edited=&#8221;on|phone&#8221; header_4_text_align_tablet=&#8221;&#8221; header_4_text_align_phone=&#8221;center&#8221; header_4_text_align_last_edited=&#8221;on|phone&#8221;] FAQ Vi \u00e4lskar b\u00e5tar, [&hellip;]<\/p>\n","protected":false},"author":121,"featured_media":0,"parent":0,"menu_order":0,"comment_status":"closed","ping_status":"closed","template":"","meta":{"_et_pb_use_builder":"on","_et_pb_old_content":"","_et_gb_content_width":"","inline_featured_image":false},"acf":[],"_links":{"self":[{"href":"https:\/\/baltic.se\/de\/wp-json\/wp\/v2\/pages\/73830"}],"collection":[{"href":"https:\/\/baltic.se\/de\/wp-json\/wp\/v2\/pages"}],"about":[{"href":"https:\/\/baltic.se\/de\/wp-json\/wp\/v2\/types\/page"}],"author":[{"embeddable":true,"href":"https:\/\/baltic.se\/de\/wp-json\/wp\/v2\/users\/121"}],"replies":[{"embeddable":true,"href":"https:\/\/baltic.se\/de\/wp-json\/wp\/v2\/comments?post=73830"}],"version-history":[{"count":2,"href":"https:\/\/baltic.se\/de\/wp-json\/wp\/v2\/pages\/73830\/revisions"}],"predecessor-version":[{"id":73832,"href":"https:\/\/baltic.se\/de\/wp-json\/wp\/v2\/pages\/73830\/revisions\/73832"}],"wp:attachment":[{"href":"https:\/\/baltic.se\/de\/wp-json\/wp\/v2\/media?parent=73830"}],"curies":[{"name":"wp","href":"https:\/\/api.w.org\/{rel}","templated":true}]}}