{"id":73817,"date":"2023-03-03T22:12:14","date_gmt":"2023-03-03T21:12:14","guid":{"rendered":"https:\/\/baltic.se\/the-perfect-world-foundation\/"},"modified":"2023-03-03T22:12:23","modified_gmt":"2023-03-03T21:12:23","slug":"the-perfect-world-foundation","status":"publish","type":"page","link":"https:\/\/baltic.se\/de\/the-perfect-world-foundation\/","title":{"rendered":"The Perfect World Foundation"},"content":{"rendered":"<p>[et_pb_section fb_built=&#8221;1&#8243; _builder_version=&#8221;4.9.3&#8243; _module_preset=&#8221;default&#8221; use_background_color_gradient=&#8221;on&#8221; background_color_gradient_start=&#8221;rgba(0,0,0,0.56)&#8221; background_color_gradient_end=&#8221;rgba(168,168,168,0)&#8221; background_color_gradient_direction=&#8221;154deg&#8221; background_color_gradient_start_position=&#8221;28%&#8221; background_color_gradient_overlays_image=&#8221;on&#8221; background_image=&#8221;https:\/\/baltic.se\/wp-content\/uploads\/2021\/05\/matt-hardy-6ArTTluciuA-unsplash-scaled.jpg&#8221; background_position=&#8221;top_center&#8221; custom_margin=&#8221;0px||0px||false|false&#8221; custom_padding=&#8221;0px||0px||false|false&#8221; filter_saturate=&#8221;150%&#8221; filter_brightness=&#8221;107%&#8221;][et_pb_row column_structure=&#8221;1_2,1_2&#8243; _builder_version=&#8221;4.9.3&#8243; _module_preset=&#8221;default&#8221; custom_margin=&#8221;0px||0px||false|false&#8221; custom_padding=&#8221;25vh||25vh||true|false&#8221;][et_pb_column type=&#8221;1_2&#8243; _builder_version=&#8221;4.9.3&#8243; _module_preset=&#8221;default&#8221;][et_pb_text _builder_version=&#8221;4.9.3&#8243; _module_preset=&#8221;82f81a93-dd8e-48cf-8112-29b187ebd23c&#8221; header_line_height=&#8221;1.2em&#8221; header_2_font_size=&#8221;48px&#8221; header_4_font=&#8221;Inter||||||||&#8221; header_4_font_size=&#8221;1rem&#8221; header_4_line_height=&#8221;1.5em&#8221; custom_padding=&#8221;||||true|false&#8221; header_font_tablet=&#8221;&#8221; header_font_phone=&#8221;&#8221; header_font_last_edited=&#8221;on|phone&#8221; header_text_align_tablet=&#8221;&#8221; header_text_align_phone=&#8221;left&#8221; header_text_align_last_edited=&#8221;on|desktop&#8221; header_font_size_phone=&#8221;28px&#8221; header_2_font_size_tablet=&#8221;&#8221; header_2_font_size_phone=&#8221;34px&#8221; header_2_font_size_last_edited=&#8221;on|phone&#8221;]<\/p>\n<h1>The perfect world foundation<\/h1>\n<h4 style=\"text-align: left;\">Vi p\u00e5 Baltic \u00e4lskar b\u00e5tar, hav, segling, sol, vattensport och paddling. Kort sagt, vi \u00e4lskar allt som har med vatten att g\u00f6ra. D\u00e4rf\u00f6r har vi vigt v\u00e5ra liv \u00e5t att g\u00f6ra vattenlivet s\u00e4krare och d\u00e4rmed \u00e4nnu roligare och sk\u00f6nare. V\u00e5r verksamhet bygger p\u00e5 v\u00e5r natur, och att denna \u00e4r en trevlig plats att vara p\u00e5. Tyv\u00e4rr g\u00e5r utvecklingen \u00e5t fel h\u00e5ll inom detta omr\u00e5de med havsf\u00f6rsurningar, nedskr\u00e4pning och milj\u00f6f\u00f6rst\u00f6ringar.<\/h4>\n<p>&nbsp;<\/p>\n<p>[\/et_pb_text][\/et_pb_column][et_pb_column type=&#8221;1_2&#8243; _builder_version=&#8221;4.9.3&#8243; _module_preset=&#8221;default&#8221;][\/et_pb_column][\/et_pb_row][\/et_pb_section][et_pb_section fb_built=&#8221;1&#8243; _builder_version=&#8221;4.9.3&#8243; _module_preset=&#8221;default&#8221; custom_margin=&#8221;0px||||false|false&#8221; custom_padding=&#8221;0px||0px||false|false&#8221;][et_pb_row _builder_version=&#8221;4.9.3&#8243; _module_preset=&#8221;default&#8221;][et_pb_column type=&#8221;4_4&#8243; _builder_version=&#8221;4.9.3&#8243; _module_preset=&#8221;default&#8221;][et_pb_text _builder_version=&#8221;4.9.3&#8243; _module_preset=&#8221;default&#8221; text_font=&#8221;Inter||||||||&#8221; text_font_size=&#8221;1rem&#8221; header_4_font=&#8221;eurostile-extended|600||on|||||&#8221; header_4_font_size=&#8221;2rem&#8221; header_4_line_height=&#8221;1.3em&#8221; custom_margin=&#8221;0px||||false|false&#8221; custom_padding=&#8221;5%|20%|3%|20%|false|false&#8221; custom_padding_tablet=&#8221;&#8221; custom_padding_phone=&#8221;|5%||5%|false|false&#8221; custom_padding_last_edited=&#8221;on|phone&#8221; header_4_font_tablet=&#8221;&#8221; header_4_font_phone=&#8221;&#8221; header_4_font_last_edited=&#8221;on|desktop&#8221; header_4_font_size_tablet=&#8221;34px&#8221; header_4_font_size_phone=&#8221;34px&#8221; header_4_font_size_last_edited=&#8221;on|phone&#8221;]<\/p>\n<h4 style=\"text-align: center;\">&#8220;Start where you are. Use what you have. Do what you can.&#8221;<\/h4>\n<p style=\"text-align: center;\">Detta citat fr\u00e5n Arthur Ashe \u00e4r syns\u00e4ttet vi p\u00e5 Baltic anammar n\u00e4r vi delar med oss av v\u00e5r h\u00e5llbarhetsresa. Elementet n\u00e4rmast v\u00e5r verksamhet \u00e4r vatten, d\u00e4rf\u00f6r jobbar vi f\u00f6r att stoppa nedskr\u00e4pning och plocka upp det skr\u00e4pet som hamnat i v\u00e5r natur. Detta g\u00f6r vi tillsammans med The Perfect World Foundation och deras r\u00e4dda hav projekt, Save The Ocean.<\/p>\n<p>[\/et_pb_text][\/et_pb_column][\/et_pb_row][\/et_pb_section][et_pb_section fb_built=&#8221;1&#8243; _builder_version=&#8221;4.9.3&#8243; _module_preset=&#8221;default&#8221; background_color=&#8221;#f9f9f9&#8243;][et_pb_row column_structure=&#8221;1_2,1_2&#8243; _builder_version=&#8221;4.9.3&#8243; _module_preset=&#8221;default&#8221;][et_pb_column type=&#8221;1_2&#8243; _builder_version=&#8221;4.9.3&#8243; _module_preset=&#8221;default&#8221;][et_pb_text _builder_version=&#8221;4.9.3&#8243; _module_preset=&#8221;default&#8221; text_font=&#8221;Inter||||||||&#8221; text_font_size=&#8221;1rem&#8221; header_4_font=&#8221;eurostile-extended|700||on|||||&#8221; header_4_line_height=&#8221;1.2em&#8221; custom_padding=&#8221;10%|0px|10%|20%|false|false&#8221; custom_padding_tablet=&#8221;|||0px|false|false&#8221; custom_padding_phone=&#8221;&#8221; custom_padding_last_edited=&#8221;on|tablet&#8221; header_4_font_size_tablet=&#8221;&#8221; header_4_font_size_phone=&#8221;&#8221; header_4_font_size_last_edited=&#8221;on|desktop&#8221;]<\/p>\n<h4>Om the Perfect World Foundation<\/h4>\n<p>The Perfect World Foundation \u00e4r en svenskgrundad ideell organisation som arbetar med vilda djur och natur i kris, v\u00e4rlden \u00f6ver. Genom att \u00f6ka kunskap och sprida medvetenhet vill de skapa mod och f\u00f6ruts\u00e4ttningar f\u00f6r f\u00f6r\u00e4ndring, ett steg i taget.<\/p>\n<p>[\/et_pb_text][\/et_pb_column][et_pb_column type=&#8221;1_2&#8243; _builder_version=&#8221;4.9.3&#8243; _module_preset=&#8221;default&#8221;][et_pb_image src=&#8221;https:\/\/baltic.se\/wp-content\/uploads\/2022\/03\/tpwf-save-the-ocean-logo-black-002.png&#8221; title_text=&#8221;tpwf-save-the-ocean-logo-black (002)&#8221; align=&#8221;center&#8221; _builder_version=&#8221;4.9.3&#8243; _module_preset=&#8221;default&#8221; width=&#8221;50%&#8221;][\/et_pb_image][\/et_pb_column][\/et_pb_row][\/et_pb_section][et_pb_section fb_built=&#8221;1&#8243; _builder_version=&#8221;4.9.3&#8243; _module_preset=&#8221;default&#8221; use_background_color_gradient=&#8221;on&#8221; background_color_gradient_start=&#8221;#00284c&#8221; background_color_gradient_end=&#8221;#12446d&#8221; background_color_gradient_start_position=&#8221;48%&#8221; background_color_gradient_end_position=&#8221;85%&#8221; background_image=&#8221;https:\/\/baltic.se\/wp-content\/uploads\/2022\/03\/naja-bertolt-jensen-ex7EKxqShxk-unsplash2294-scaled.jpg&#8221; max_height_tablet=&#8221;&#8221; max_height_phone=&#8221;&#8221; max_height_last_edited=&#8221;on|tablet&#8221;][et_pb_row _builder_version=&#8221;4.9.3&#8243; _module_preset=&#8221;default&#8221;][et_pb_column type=&#8221;4_4&#8243; _builder_version=&#8221;4.9.3&#8243; _module_preset=&#8221;default&#8221; background_image=&#8221;https:\/\/baltic.se\/wp-content\/uploads\/2022\/03\/Extreme3-scaled-25.jpg&#8221;][\/et_pb_column][\/et_pb_row][et_pb_row _builder_version=&#8221;4.9.3&#8243; _module_preset=&#8221;default&#8221;][et_pb_column type=&#8221;4_4&#8243; _builder_version=&#8221;4.9.3&#8243; _module_preset=&#8221;default&#8221;][et_pb_text _builder_version=&#8221;4.9.3&#8243; _module_preset=&#8221;default&#8221; text_font=&#8221;Inter|600|||||||&#8221; text_text_color=&#8221;#FFFFFF&#8221; text_font_size=&#8221;1rem&#8221; header_text_color=&#8221;#FFFFFF&#8221; header_4_font=&#8221;eurostile-extended||||||||&#8221; text_font_size_tablet=&#8221;&#8221; text_font_size_phone=&#8221;&#8221; text_font_size_last_edited=&#8221;on|tablet&#8221;]<\/p>\n<h4 style=\"text-align: left;\"><strong>SAVE THE OCEAN<\/strong><\/h4>\n<p style=\"text-align: left;\">Save the Ocean \u00e4r The Perfect World Foundations \u00f6vergripande r\u00e4dda havet-projekt med kampanjer som Blue Bucket vars syfte \u00e4r att engagera alla att hj\u00e4lpas \u00e5t att plocka upp plast ur v\u00e5ra hav och l\u00e4ngs kuster och str\u00e4nder, med m\u00e5let att sprida kunskap om plastnedskr\u00e4pnings p\u00e5verkan p\u00e5 v\u00e5ra hav. Ghost Net Zero som \u00e4r deras stora kampanj f\u00f6r att bland mycket annat lokalisera, plocka upp, \u00e5tervinna och \u00e5teranv\u00e4nda f\u00f6rlorad fiskeutrustning, s\u00e5 kallat sp\u00f6kn\u00e4t (ghost net).<\/p>\n<p style=\"text-align: left;\">Forskare uppskattar att det finns mer \u00e4n 150 miljoner ton plast i v\u00e5ra hav, och varje \u00e5r tillkommer ytterligare 5\u201313 miljoner ton plast. Och hela 80% av allt plastskr\u00e4p i havet kommer fr\u00e5n v\u00e5ra aktiviteter p\u00e5 land. 2050 uppskattas det finns mer plast \u00e4n fisk i v\u00e5ra hav, om nedskr\u00e4pningen forts\u00e4tter i samma takt.<\/p>\n<p style=\"text-align: left;\">F\u00f6rlorad fiskeutrustning, n\u00e4t, garn och burar \u00e4r den st\u00f6rsta bidragande faktorn till mickroplaster i v\u00e5ra hav. Varje \u00e5r f\u00f6rloras mer \u00e4n 600 000 ton fiskeutrustning i havet som forts\u00e4tter att \u201csp\u00f6kfiska\u201d i hundratals \u00e5r, om det ligger kvar.<\/p>\n<p style=\"text-align: left;\">Med deras Ghost Net Zero-kampanj arbetar de f\u00f6r att sprida kunskap och st\u00f6dja innovationer och aktiviteter f\u00f6r att m\u00f6jligg\u00f6ra lokalisering, b\u00e4rgning, \u00e5tervinning och \u00e5teranv\u00e4ndning av f\u00f6rlorad fiskeutrustning, s\u00e5 kallade sp\u00f6kn\u00e4t (ghost net). Deras vision \u00e4r noll\u00a0 sp\u00f6kn\u00e4t i v\u00e5ra hav.<\/p>\n<p style=\"text-align: left;\">Vill du l\u00e4sa mer om The Perfect World Foundation? <a href=\"https:\/\/www.theperfectworld.com\/se\/\">H\u00c4R<\/a> kan du g\u00f6ra det<\/p>\n<p>[\/et_pb_text][\/et_pb_column][\/et_pb_row][\/et_pb_section][et_pb_section fb_built=&#8221;1&#8243; _builder_version=&#8221;4.9.3&#8243; _module_preset=&#8221;default&#8221; use_background_color_gradient=&#8221;on&#8221; background_color_gradient_start=&#8221;#042a46&#8243; background_color_gradient_end=&#8221;#12446d&#8221; background_color_gradient_direction=&#8221;204deg&#8221; background_color_gradient_start_position=&#8221;19%&#8221; background_color_gradient_end_position=&#8221;85%&#8221; background_color_gradient_overlays_image=&#8221;on&#8221; background_image=&#8221;https:\/\/baltic.se\/wp-content\/uploads\/2022\/03\/naja-bertolt-jensen-BJUoZu0mpt0-unsplash2293-scaled.jpg&#8221; height=&#8221;1000px&#8221; max_height=&#8221;800px&#8221; max_height_tablet=&#8221;&#8221; max_height_phone=&#8221;&#8221; max_height_last_edited=&#8221;on|phone&#8221; hover_enabled=&#8221;0&#8243; sticky_enabled=&#8221;0&#8243;][et_pb_row _builder_version=&#8221;4.9.3&#8243; _module_preset=&#8221;default&#8221;][et_pb_column type=&#8221;4_4&#8243; _builder_version=&#8221;4.9.3&#8243; _module_preset=&#8221;default&#8221; background_image=&#8221;https:\/\/baltic.se\/wp-content\/uploads\/2022\/03\/Extreme3-scaled-25.jpg&#8221;][\/et_pb_column][\/et_pb_row][et_pb_row _builder_version=&#8221;4.9.3&#8243; _module_preset=&#8221;default&#8221;][et_pb_column type=&#8221;4_4&#8243; _builder_version=&#8221;4.9.3&#8243; _module_preset=&#8221;default&#8221;][et_pb_text _builder_version=&#8221;4.9.3&#8243; _module_preset=&#8221;default&#8221; text_font=&#8221;Inter|600|||||||&#8221; text_text_color=&#8221;#FFFFFF&#8221; text_font_size=&#8221;1rem&#8221; header_text_color=&#8221;#FFFFFF&#8221; header_line_height=&#8221;1.2em&#8221; header_4_font=&#8221;eurostile-extended|||on|||||&#8221; header_4_line_height=&#8221;1.2em&#8221; header_4_text_color_tablet=&#8221;&#8221; header_4_text_color_phone=&#8221;&#8221; header_4_text_color_last_edited=&#8221;on|desktop&#8221;]<\/p>\n<h4 style=\"text-align: left;\"><strong>Baltic och The Perfect World Foundation <\/strong><\/h4>\n<p>Baltic har sedan december 2021 samarbetat med The Perfect World Foundation med det gemensamma m\u00e5let att sprida kunskap om problematiken som nedskr\u00e4pning av v\u00e5ra hav medf\u00f6r, f\u00f6rebygga, och plocka upp det sk\u00e4rpet som redan finns d\u00e4r. Tillsammans har vi hj\u00e4lpt till att plocka upp 3000L plast ur v\u00e5ra hav.<\/p>\n<p>Under 2022 har vi m\u00e5nga gemensamma projekt p\u00e5 g\u00e5ng och ser fram emot att f\u00e5 dela v\u00e5r resa med v\u00e5ra \u00e5terf\u00f6rs\u00e4ljare och kunder, mot plastfria hav.<\/p>\n<p>Och kom ih\u00e5g, allt sk\u00e4rp som tas med ut i naturen ska med hem!<\/p>\n<h4><\/h4>\n<h4><strong>Plastkompensation<\/strong><\/h4>\n<p>N\u00e4r du handlar fr\u00e5n v\u00e5r webshop kan du v\u00e4lja att sk\u00e4nka 10kr i plastkompensation. Din g\u00e5va g\u00e5r oavkortat till The Perfect World Foundation, 10kr i plastkompensation hj\u00e4lper till att st\u00e4da upp 2L plast fr\u00e5n v\u00e5r natur. Baltic dubblar alla g\u00e5vor vi f\u00e5r in, gemensamt hj\u00e4lper vi d\u00e5 till att st\u00e4da upp 4L fr\u00e5n v\u00e5ra hav. <a href=\"https:\/\/www.theperfectworld.com\/se\/\">H\u00c4R<\/a> kan du l\u00e4sa mer om vad din g\u00e5va kan bidra med och om The Perfect World Foundation.<\/p>\n<p>[\/et_pb_text][\/et_pb_column][\/et_pb_row][\/et_pb_section][et_pb_section fb_built=&#8221;1&#8243; _builder_version=&#8221;4.9.3&#8243; _module_preset=&#8221;default&#8221;][et_pb_row column_structure=&#8221;1_3,1_3,1_3&#8243; _builder_version=&#8221;4.9.3&#8243; _module_preset=&#8221;default&#8221; custom_padding=&#8221;0px||0px||false|false&#8221;][et_pb_column type=&#8221;1_3&#8243; _builder_version=&#8221;4.9.3&#8243; _module_preset=&#8221;default&#8221;][et_pb_image src=&#8221;https:\/\/baltic.se\/wp-content\/uploads\/2021\/04\/Athena3-scaled.jpg&#8221; title_text=&#8221;Athena3&#8243; _builder_version=&#8221;4.9.3&#8243; _module_preset=&#8221;default&#8221;][\/et_pb_image][\/et_pb_column][et_pb_column type=&#8221;1_3&#8243; _builder_version=&#8221;4.9.3&#8243; _module_preset=&#8221;default&#8221;][et_pb_image src=&#8221;https:\/\/baltic.se\/wp-content\/uploads\/2021\/04\/P5A9827-scaled.jpg&#8221; title_text=&#8221;_P5A9827&#8243; _builder_version=&#8221;4.9.3&#8243; _module_preset=&#8221;default&#8221;][\/et_pb_image][\/et_pb_column][et_pb_column type=&#8221;1_3&#8243; _builder_version=&#8221;4.9.3&#8243; _module_preset=&#8221;default&#8221;][et_pb_image src=&#8221;https:\/\/baltic.se\/wp-content\/uploads\/2021\/04\/Extreme3-scaled.jpg&#8221; title_text=&#8221;Extreme3&#8243; _builder_version=&#8221;4.9.3&#8243; _module_preset=&#8221;default&#8221;][\/et_pb_image][\/et_pb_column][\/et_pb_row][et_pb_row column_structure=&#8221;1_2,1_2&#8243; _builder_version=&#8221;4.9.3&#8243; _module_preset=&#8221;default&#8221; custom_padding=&#8221;0px||0px||false|false&#8221;][et_pb_column type=&#8221;1_2&#8243; _builder_version=&#8221;4.9.3&#8243; _module_preset=&#8221;default&#8221;][et_pb_image src=&#8221;https:\/\/baltic.se\/wp-content\/uploads\/2021\/04\/Carbon3-scaled.jpg&#8221; title_text=&#8221;Carbon3&#8243; _builder_version=&#8221;4.9.3&#8243; _module_preset=&#8221;default&#8221;][\/et_pb_image][\/et_pb_column][et_pb_column type=&#8221;1_2&#8243; _builder_version=&#8221;4.9.3&#8243; _module_preset=&#8221;default&#8221;][et_pb_image src=&#8221;https:\/\/baltic.se\/wp-content\/uploads\/2021\/04\/Splitfront2-scaled.jpg&#8221; title_text=&#8221;Splitfront2&#8243; _builder_version=&#8221;4.9.3&#8243; _module_preset=&#8221;default&#8221;][\/et_pb_image][\/et_pb_column][\/et_pb_row][\/et_pb_section]<\/p>\n","protected":false},"excerpt":{"rendered":"<p>[et_pb_section fb_built=&#8221;1&#8243; _builder_version=&#8221;4.9.3&#8243; _module_preset=&#8221;default&#8221; use_background_color_gradient=&#8221;on&#8221; background_color_gradient_start=&#8221;rgba(0,0,0,0.56)&#8221; background_color_gradient_end=&#8221;rgba(168,168,168,0)&#8221; background_color_gradient_direction=&#8221;154deg&#8221; background_color_gradient_start_position=&#8221;28%&#8221; background_color_gradient_overlays_image=&#8221;on&#8221; background_image=&#8221;https:\/\/baltic.se\/wp-content\/uploads\/2021\/05\/matt-hardy-6ArTTluciuA-unsplash-scaled.jpg&#8221; background_position=&#8221;top_center&#8221; custom_margin=&#8221;0px||0px||false|false&#8221; custom_padding=&#8221;0px||0px||false|false&#8221; filter_saturate=&#8221;150%&#8221; filter_brightness=&#8221;107%&#8221;][et_pb_row column_structure=&#8221;1_2,1_2&#8243; _builder_version=&#8221;4.9.3&#8243; _module_preset=&#8221;default&#8221; custom_margin=&#8221;0px||0px||false|false&#8221; custom_padding=&#8221;25vh||25vh||true|false&#8221;][et_pb_column type=&#8221;1_2&#8243; _builder_version=&#8221;4.9.3&#8243; _module_preset=&#8221;default&#8221;][et_pb_text _builder_version=&#8221;4.9.3&#8243; _module_preset=&#8221;82f81a93-dd8e-48cf-8112-29b187ebd23c&#8221; header_line_height=&#8221;1.2em&#8221; header_2_font_size=&#8221;48px&#8221; header_4_font=&#8221;Inter||||||||&#8221; header_4_font_size=&#8221;1rem&#8221; header_4_line_height=&#8221;1.5em&#8221; custom_padding=&#8221;||||true|false&#8221; header_font_tablet=&#8221;&#8221; header_font_phone=&#8221;&#8221; header_font_last_edited=&#8221;on|phone&#8221; header_text_align_tablet=&#8221;&#8221; header_text_align_phone=&#8221;left&#8221; header_text_align_last_edited=&#8221;on|desktop&#8221; header_font_size_phone=&#8221;28px&#8221; header_2_font_size_tablet=&#8221;&#8221; header_2_font_size_phone=&#8221;34px&#8221; header_2_font_size_last_edited=&#8221;on|phone&#8221;] The perfect world foundation Vi p\u00e5 Baltic \u00e4lskar b\u00e5tar, hav, segling, sol, vattensport [&hellip;]<\/p>\n","protected":false},"author":121,"featured_media":0,"parent":0,"menu_order":0,"comment_status":"closed","ping_status":"closed","template":"","meta":{"_et_pb_use_builder":"on","_et_pb_old_content":"","_et_gb_content_width":"","inline_featured_image":false},"acf":[],"_links":{"self":[{"href":"https:\/\/baltic.se\/de\/wp-json\/wp\/v2\/pages\/73817"}],"collection":[{"href":"https:\/\/baltic.se\/de\/wp-json\/wp\/v2\/pages"}],"about":[{"href":"https:\/\/baltic.se\/de\/wp-json\/wp\/v2\/types\/page"}],"author":[{"embeddable":true,"href":"https:\/\/baltic.se\/de\/wp-json\/wp\/v2\/users\/121"}],"replies":[{"embeddable":true,"href":"https:\/\/baltic.se\/de\/wp-json\/wp\/v2\/comments?post=73817"}],"version-history":[{"count":2,"href":"https:\/\/baltic.se\/de\/wp-json\/wp\/v2\/pages\/73817\/revisions"}],"predecessor-version":[{"id":73819,"href":"https:\/\/baltic.se\/de\/wp-json\/wp\/v2\/pages\/73817\/revisions\/73819"}],"wp:attachment":[{"href":"https:\/\/baltic.se\/de\/wp-json\/wp\/v2\/media?parent=73817"}],"curies":[{"name":"wp","href":"https:\/\/api.w.org\/{rel}","templated":true}]}}