{"id":73464,"date":"2023-02-28T09:56:42","date_gmt":"2023-02-28T08:56:42","guid":{"rendered":"https:\/\/baltic.se\/kontakt\/"},"modified":"2025-07-08T08:37:56","modified_gmt":"2025-07-08T06:37:56","slug":"kontakt","status":"publish","type":"page","link":"https:\/\/baltic.se\/de\/kontakt\/","title":{"rendered":"Kontakt"},"content":{"rendered":"<p>[et_pb_section fb_built=&#8221;1&#8243; _builder_version=&#8221;4.9.3&#8243; _module_preset=&#8221;default&#8221; da_disable_devices=&#8221;off|off|off&#8221; custom_padding=&#8221;||19px|||&#8221; da_is_popup=&#8221;off&#8221; da_exit_intent=&#8221;off&#8221; da_has_close=&#8221;on&#8221; da_alt_close=&#8221;off&#8221; da_dark_close=&#8221;off&#8221; da_not_modal=&#8221;on&#8221; da_is_singular=&#8221;off&#8221; da_with_loader=&#8221;off&#8221; da_has_shadow=&#8221;on&#8221;][et_pb_row _builder_version=&#8221;4.9.3&#8243; _module_preset=&#8221;default&#8221;][et_pb_column type=&#8221;4_4&#8243; _builder_version=&#8221;4.9.3&#8243; _module_preset=&#8221;default&#8221;][et_pb_text _builder_version=&#8221;4.9.3&#8243; _module_preset=&#8221;default&#8221; custom_padding=&#8221;|||43px||&#8221;]<\/p>\n<h1><strong>Kontakt<\/strong><\/h1>\n<p>[\/et_pb_text][\/et_pb_column][\/et_pb_row][\/et_pb_section][et_pb_section fb_built=&#8221;1&#8243; _builder_version=&#8221;4.9.3&#8243; _module_preset=&#8221;default&#8221; custom_padding=&#8221;1px|||||&#8221; da_disable_devices=&#8221;off|off|off&#8221; da_is_popup=&#8221;off&#8221; da_exit_intent=&#8221;off&#8221; da_has_close=&#8221;on&#8221; da_alt_close=&#8221;off&#8221; da_dark_close=&#8221;off&#8221; da_not_modal=&#8221;on&#8221; da_is_singular=&#8221;off&#8221; da_with_loader=&#8221;off&#8221; da_has_shadow=&#8221;on&#8221;][et_pb_row _builder_version=&#8221;4.9.3&#8243; _module_preset=&#8221;default&#8221; use_background_color_gradient=&#8221;on&#8221; background_color_gradient_start=&#8221;rgba(0,0,0,0.83)&#8221; background_color_gradient_end=&#8221;rgba(10,10,10,0)&#8221; background_color_gradient_direction=&#8221;91deg&#8221; background_color_gradient_start_position=&#8221;17%&#8221; background_color_gradient_overlays_image=&#8221;on&#8221; background_image=&#8221;https:\/\/baltic.se\/wp-content\/uploads\/2021\/04\/1726-scene.jpg&#8221; height=&#8221;564px&#8221; custom_padding=&#8221;|||41px|false|false&#8221;][et_pb_column type=&#8221;4_4&#8243; _builder_version=&#8221;4.9.3&#8243; _module_preset=&#8221;default&#8221;][et_pb_text _builder_version=&#8221;4.9.3&#8243; _module_preset=&#8221;default&#8221; text_text_color=&#8221;#FFFFFF&#8221; custom_margin=&#8221;||||false|false&#8221;]<\/p>\n<h3>Sweden<\/h3>\n<p>Baltic Safety Products AB (publ)<br \/>\nIndustriv\u00e4gen 7, 545 72 \u00c4lgar\u00e5s<br \/>\nTel: +46506-369 90<br \/>\n<a href=\"mailto:info@baltic.se\">info@baltic.se<\/a><\/p>\n<h3>UK<\/h3>\n<p>Baltic Safety Products UK Ltd<br \/>\nTel: +44 238 045 7272<br \/>\n<a href=\"mailto:sales@baltic-uk.com\">sales@baltic-uk.com<\/a><\/p>\n<h3>PR<\/h3>\n<p><a href=\"mailto:press@baltic.se\">press@baltic.se<\/a><\/p>\n<h3>Fragen zu unserem <strong>E-Commerce<\/strong> skickas till<\/h3>\n<p><a href=\"mailto:webshop@baltic.se\">webshop@baltic.se<\/a><\/p>\n<p>[\/et_pb_text][\/et_pb_column][\/et_pb_row][\/et_pb_section]<\/p>\n","protected":false},"excerpt":{"rendered":"<p>[et_pb_section fb_built=&#8221;1&#8243; _builder_version=&#8221;4.9.3&#8243; _module_preset=&#8221;default&#8221; da_disable_devices=&#8221;off|off|off&#8221; custom_padding=&#8221;||19px|||&#8221; da_is_popup=&#8221;off&#8221; da_exit_intent=&#8221;off&#8221; da_has_close=&#8221;on&#8221; da_alt_close=&#8221;off&#8221; da_dark_close=&#8221;off&#8221; da_not_modal=&#8221;on&#8221; da_is_singular=&#8221;off&#8221; da_with_loader=&#8221;off&#8221; da_has_shadow=&#8221;on&#8221;][et_pb_row _builder_version=&#8221;4.9.3&#8243; _module_preset=&#8221;default&#8221;][et_pb_column type=&#8221;4_4&#8243; _builder_version=&#8221;4.9.3&#8243; _module_preset=&#8221;default&#8221;][et_pb_text _builder_version=&#8221;4.9.3&#8243; _module_preset=&#8221;default&#8221; custom_padding=&#8221;|||43px||&#8221;] Kontakt [\/et_pb_text][\/et_pb_column][\/et_pb_row][\/et_pb_section][et_pb_section fb_built=&#8221;1&#8243; _builder_version=&#8221;4.9.3&#8243; _module_preset=&#8221;default&#8221; custom_padding=&#8221;1px|||||&#8221; da_disable_devices=&#8221;off|off|off&#8221; da_is_popup=&#8221;off&#8221; da_exit_intent=&#8221;off&#8221; da_has_close=&#8221;on&#8221; da_alt_close=&#8221;off&#8221; da_dark_close=&#8221;off&#8221; da_not_modal=&#8221;on&#8221; da_is_singular=&#8221;off&#8221; da_with_loader=&#8221;off&#8221; da_has_shadow=&#8221;on&#8221;][et_pb_row _builder_version=&#8221;4.9.3&#8243; _module_preset=&#8221;default&#8221; use_background_color_gradient=&#8221;on&#8221; background_color_gradient_start=&#8221;rgba(0,0,0,0.83)&#8221; background_color_gradient_end=&#8221;rgba(10,10,10,0)&#8221; background_color_gradient_direction=&#8221;91deg&#8221; background_color_gradient_start_position=&#8221;17%&#8221; background_color_gradient_overlays_image=&#8221;on&#8221; background_image=&#8221;https:\/\/baltic.se\/wp-content\/uploads\/2021\/04\/1726-scene.jpg&#8221; height=&#8221;564px&#8221; custom_padding=&#8221;|||41px|false|false&#8221;][et_pb_column type=&#8221;4_4&#8243; _builder_version=&#8221;4.9.3&#8243; _module_preset=&#8221;default&#8221;][et_pb_text _builder_version=&#8221;4.9.3&#8243; _module_preset=&#8221;default&#8221; [&hellip;]<\/p>\n","protected":false},"author":121,"featured_media":0,"parent":0,"menu_order":0,"comment_status":"closed","ping_status":"closed","template":"","meta":{"_et_pb_use_builder":"on","_et_pb_old_content":"","_et_gb_content_width":"","inline_featured_image":false},"acf":[],"_links":{"self":[{"href":"https:\/\/baltic.se\/de\/wp-json\/wp\/v2\/pages\/73464"}],"collection":[{"href":"https:\/\/baltic.se\/de\/wp-json\/wp\/v2\/pages"}],"about":[{"href":"https:\/\/baltic.se\/de\/wp-json\/wp\/v2\/types\/page"}],"author":[{"embeddable":true,"href":"https:\/\/baltic.se\/de\/wp-json\/wp\/v2\/users\/121"}],"replies":[{"embeddable":true,"href":"https:\/\/baltic.se\/de\/wp-json\/wp\/v2\/comments?post=73464"}],"version-history":[{"count":11,"href":"https:\/\/baltic.se\/de\/wp-json\/wp\/v2\/pages\/73464\/revisions"}],"predecessor-version":[{"id":123144,"href":"https:\/\/baltic.se\/de\/wp-json\/wp\/v2\/pages\/73464\/revisions\/123144"}],"wp:attachment":[{"href":"https:\/\/baltic.se\/de\/wp-json\/wp\/v2\/media?parent=73464"}],"curies":[{"name":"wp","href":"https:\/\/api.w.org\/{rel}","templated":true}]}}