{"id":43872,"date":"2023-03-22T10:59:03","date_gmt":"2023-03-22T09:59:03","guid":{"rendered":"https:\/\/baltic.se\/?page_id=43872"},"modified":"2023-03-22T14:15:51","modified_gmt":"2023-03-22T13:15:51","slug":"skotselrad","status":"publish","type":"page","link":"https:\/\/baltic.se\/de\/skotselrad\/","title":{"rendered":"SK\u00d6TSELR\u00c5D"},"content":{"rendered":"<p>[et_pb_section fb_built=&#8221;1&#8243; _builder_version=&#8221;4.9.3&#8243; _module_preset=&#8221;default&#8221; use_background_color_gradient=&#8221;on&#8221; background_color_gradient_start=&#8221;rgba(0,0,0,0.39)&#8221; background_color_gradient_end=&#8221;rgba(0,0,0,0.56)&#8221; background_color_gradient_overlays_image=&#8221;on&#8221; background_image=&#8221;https:\/\/baltic.se\/wp-content\/uploads\/2022\/05\/matt-hardy-6ArTTluciuA-unsplash-scaled.jpg&#8221; height=&#8221;500px&#8221; custom_padding=&#8221;0px||0px||false|false&#8221;][et_pb_row column_structure=&#8221;1_2,1_2&#8243; _builder_version=&#8221;4.9.3&#8243; _module_preset=&#8221;default&#8221; custom_margin=&#8221;0px||||false|false&#8221; custom_padding=&#8221;5%||||false|false&#8221;][et_pb_column type=&#8221;1_2&#8243; _builder_version=&#8221;4.9.3&#8243; _module_preset=&#8221;default&#8221;][et_pb_text _builder_version=&#8221;4.9.3&#8243; _module_preset=&#8221;default&#8221; text_text_color=&#8221;#FFFFFF&#8221; text_font_size=&#8221;18px&#8221; header_font_size=&#8221;2rem&#8221; header_2_font=&#8221;eurostile|700|||||||&#8221; header_4_line_height=&#8221;1.3em&#8221; custom_margin=&#8221;5%|0px||0px|false|false&#8221; custom_margin_tablet=&#8221;|5%||5%|false|false&#8221; custom_margin_phone=&#8221;|2%||2%|false|false&#8221; custom_margin_last_edited=&#8221;on|phone&#8221; custom_padding=&#8221;5%||||false|false&#8221; hover_enabled=&#8221;0&#8243; header_font_size_tablet=&#8221;30px&#8221; header_font_size_phone=&#8221;1.6rem&#8221; header_font_size_last_edited=&#8221;on|phone&#8221; sticky_enabled=&#8221;0&#8243; header_line_height=&#8221;1.8rem&#8221; header_text_align_last_edited=&#8221;on|phone&#8221; header_text_align_phone=&#8221;center&#8221; custom_padding_last_edited=&#8221;on|phone&#8221; custom_padding_phone=&#8221;35%||||false|false&#8221;]<\/p>\n<h1><strong>SK\u00d6TSELR\u00c5D FLYTV\u00c4STAR<\/strong><strong>\u00a0<\/strong><\/h1>\n<p>[\/et_pb_text][et_pb_text _builder_version=&#8221;4.9.3&#8243; _module_preset=&#8221;default&#8221; text_text_color=&#8221;#FFFFFF&#8221; text_font_size=&#8221;18px&#8221; header_4_line_height=&#8221;1.3em&#8221; width=&#8221;91.9%&#8221; min_height=&#8221;120.9px&#8221; custom_margin=&#8221;1%|0px||0px|false|false&#8221; custom_margin_tablet=&#8221;|5%||5%|false|false&#8221; custom_margin_phone=&#8221;|2%||2%|false|false&#8221; custom_margin_last_edited=&#8221;on|phone&#8221; custom_padding=&#8221;0px|||0px|false|false&#8221; hover_enabled=&#8221;0&#8243; text_font_size_tablet=&#8221;&#8221; text_font_size_phone=&#8221;16px&#8221; text_font_size_last_edited=&#8221;on|phone&#8221; text_font=&#8221;|600|||||||&#8221; sticky_enabled=&#8221;0&#8243; text_orientation_last_edited=&#8221;on|desktop&#8221; text_orientation_phone=&#8221;center&#8221;]<\/p>\n<p>Genom att ta hand om din flytv\u00e4st p\u00e5 ett korrekt s\u00e4tt s\u00e4kerst\u00e4ller du dess funktion samtidigt som du f\u00f6rl\u00e4nger dess livsl\u00e4ngd. Nedan kan du l\u00e4sa v\u00e5ra sk\u00f6tselr\u00e5d f\u00f6r olika typer av flytv\u00e4star.<\/p>\n<p>[\/et_pb_text][\/et_pb_column][et_pb_column type=&#8221;1_2&#8243; _builder_version=&#8221;4.9.3&#8243; _module_preset=&#8221;default&#8221;][\/et_pb_column][\/et_pb_row][\/et_pb_section][et_pb_section fb_built=&#8221;1&#8243; _builder_version=&#8221;4.9.3&#8243; _module_preset=&#8221;default&#8221; custom_padding=&#8221;0px||0px||false|false&#8221;][et_pb_row column_structure=&#8221;1_2,1_2&#8243; _builder_version=&#8221;4.9.3&#8243; _module_preset=&#8221;default&#8221; custom_margin=&#8221;0px||0px||false|false&#8221; custom_padding=&#8221;0px||0px||false|false&#8221;][et_pb_column type=&#8221;1_2&#8243; _builder_version=&#8221;4.9.3&#8243; _module_preset=&#8221;default&#8221;][et_pb_image src=&#8221;https:\/\/baltic.se\/wp-content\/uploads\/2022\/12\/baltic-winner-lifejacket-black-1555-7-1-scaled.jpg&#8221; title_text=&#8221;baltic-winner-lifejacket-black-1555-7-1&#8243; _builder_version=&#8221;4.9.3&#8243; _module_preset=&#8221;default&#8221; custom_margin=&#8221;0px|0px|0px|0px|false|false&#8221;][\/et_pb_image][\/et_pb_column][et_pb_column type=&#8221;1_2&#8243; _builder_version=&#8221;4.9.3&#8243; _module_preset=&#8221;default&#8221;][et_pb_text _builder_version=&#8221;4.9.3&#8243; _module_preset=&#8221;default&#8221; text_font=&#8221;Inter||||||||&#8221; text_font_size=&#8221;18px&#8221; header_2_font_size=&#8221;1.6rem&#8221; header_4_line_height=&#8221;1.3em&#8221; custom_margin=&#8221;30%|10%|10%|10%|false|false&#8221; custom_margin_tablet=&#8221;20%|5%||5%|false|false&#8221; custom_margin_phone=&#8221;|0%||0%|false|false&#8221; custom_margin_last_edited=&#8221;on|tablet&#8221; custom_padding=&#8221;||||false|false&#8221; hover_enabled=&#8221;0&#8243; text_font_size_tablet=&#8221;&#8221; text_font_size_phone=&#8221;16px&#8221; text_font_size_last_edited=&#8221;on|phone&#8221; header_2_line_height=&#8221;1.8rem&#8221; header_2_line_height_last_edited=&#8221;on|phone&#8221; sticky_enabled=&#8221;0&#8243;]<\/p>\n<h2><strong>UPPBL\u00c5SBARA FLYTV\u00c4STAR<\/strong><\/h2>\n<p>1. Om flytv\u00e4sten \u00e4r skitig, tv\u00e4tta den med ljummet vatten, milt tv\u00e4ttmedel och gnugga mycket f\u00f6rsiktigt. Anv\u00e4nd inte klor eller andra starka kemikalier.<\/p>\n<p>2. Om du beh\u00f6ver sk\u00f6lja av hela flytv\u00e4sten och den har automatisk utl\u00f6sning, skruva f\u00f6rst bort utl\u00f6saren. OBS! Utl\u00f6saren m\u00e5ste alltid skruvas tillbaka p\u00e5 ett korrekt s\u00e4tt n\u00e4r du \u00e4r klar. <a href=\"https:\/\/baltic.se\/wp-content\/uploads\/2021\/12\/Infofolder-om-uppblasbara-raddningsvastar_swe.pdf\">H\u00c4R<\/a> kan du l\u00e4sa om hur du skruvar tillbaka utl\u00f6saren.<\/p>\n<p>3. H\u00e4ng flytv\u00e4sten p\u00e5 tork i ett ventilerat utrymme undan fr\u00e5n direkt solljus.<\/p>\n<p>4. Anv\u00e4nd ej som kudde eller sittunderlag.<\/p>\n<p>5. F\u00f6rvara i ett torrt och ventilerat utrymme.<\/p>\n<p>6. Genomf\u00f6r den \u00e5rliga servicen p\u00e5 dina uppbl\u00e5sbara flytv\u00e4star. Vid service kontrolleras flytv\u00e4stens funktion och s\u00e4kerst\u00e4ller att den \u00e4r redo att r\u00e4dda ditt liv.<\/p>\n<p>[\/et_pb_text][\/et_pb_column][\/et_pb_row][\/et_pb_section][et_pb_section fb_built=&#8221;1&#8243; _builder_version=&#8221;4.9.3&#8243; _module_preset=&#8221;default&#8221; custom_padding=&#8221;0px|||||&#8221;][et_pb_row column_structure=&#8221;1_2,1_2&#8243; make_equal=&#8221;on&#8221; _builder_version=&#8221;4.9.3&#8243; _module_preset=&#8221;default&#8221; custom_margin=&#8221;0px|117px|0px|auto|false|false&#8221; custom_padding=&#8221;0px|0px|0px||false|false&#8221; hover_enabled=&#8221;0&#8243; sticky_enabled=&#8221;0&#8243;][et_pb_column type=&#8221;1_2&#8243; _builder_version=&#8221;4.9.3&#8243; _module_preset=&#8221;default&#8221;][et_pb_image src=&#8221;https:\/\/baltic.se\/wp-content\/uploads\/2023\/02\/baltic-dinghy-pro-buoyancy-aid-navy-red-white-5706_5-scaled.jpg&#8221; title_text=&#8221;baltic-dinghy-pro-buoyancy-aid-navy-red-white-5706_5&#8243; _builder_version=&#8221;4.9.3&#8243; _module_preset=&#8221;default&#8221; custom_margin=&#8221;0px|0px|0px|0px|false|false&#8221; hover_enabled=&#8221;0&#8243; sticky_enabled=&#8221;0&#8243;][\/et_pb_image][\/et_pb_column][et_pb_column type=&#8221;1_2&#8243; _builder_version=&#8221;4.9.3&#8243; _module_preset=&#8221;default&#8221; background_color=&#8221;#FFFFFF&#8221; hover_enabled=&#8221;0&#8243; sticky_enabled=&#8221;0&#8243;][et_pb_text _builder_version=&#8221;4.9.3&#8243; _module_preset=&#8221;default&#8221; text_font=&#8221;Inter||||||||&#8221; text_text_color=&#8221;#000000&#8243; text_font_size=&#8221;18px&#8221; header_2_font_size=&#8221;25px&#8221; header_4_line_height=&#8221;1.3em&#8221; custom_margin=&#8221;30%|10%|10%|10%|false|false&#8221; custom_margin_tablet=&#8221;20%|5%||5%|false|false&#8221; custom_margin_phone=&#8221;|0%||0%|false|false&#8221; custom_margin_last_edited=&#8221;on|tablet&#8221; custom_padding=&#8221;||||false|false&#8221; hover_enabled=&#8221;0&#8243; text_font_size_tablet=&#8221;&#8221; text_font_size_phone=&#8221;16px&#8221; text_font_size_last_edited=&#8221;on|phone&#8221; sticky_enabled=&#8221;0&#8243;]<\/p>\n<h2><strong>50-100N FLYTV\u00c4STAR<\/strong><\/h2>\n<p>1. Efter anv\u00e4ndning i saltvatten, sk\u00f6lj flytv\u00e4sten i f\u00e4rskvatten.<\/p>\n<p>2. H\u00e4ng p\u00e5 tork i ett torrt ventilerat utrymme, dock ej \u00f6ver ett elelement eller n\u00e4ra en \u00f6ppen eld.<\/p>\n<p>3. F\u00f6rvara i ett tort och ventilerat utrymme. T\u00e5l temperaturer mellan -30 &#8211; + 60\u2070 C, men b\u00f6r inte f\u00f6rvaras i direkt solljus eller n\u00e4ra en \u00f6ppen eld.<\/p>\n<p>4. Vid behov av reng\u00f6ring, anv\u00e4nd ljummet vatten och ett milt tv\u00e4ttmedel. Anv\u00e4nd ej klorin eller andra starka kemikalier.<\/p>\n<p>5. F\u00e5r ej tv\u00e4ttas i tv\u00e4ttmaskin eller kemtv\u00e4ttas.<\/p>\n<p>6. Anv\u00e4nd ej som sittunderlag eller kudde.<\/p>\n<p>[\/et_pb_text][\/et_pb_column][\/et_pb_row][et_pb_row _builder_version=&#8221;4.9.3&#8243; _module_preset=&#8221;default&#8221;][et_pb_column type=&#8221;4_4&#8243; _builder_version=&#8221;4.9.3&#8243; _module_preset=&#8221;default&#8221;][et_pb_divider show_divider=&#8221;off&#8221; _builder_version=&#8221;4.9.3&#8243; _module_preset=&#8221;default&#8221;][\/et_pb_divider][\/et_pb_column][\/et_pb_row][et_pb_row column_structure=&#8221;1_3,1_3,1_3&#8243; _builder_version=&#8221;4.9.3&#8243; _module_preset=&#8221;default&#8221; custom_padding=&#8221;0px||0px||false|false&#8221;][et_pb_column type=&#8221;1_3&#8243; _builder_version=&#8221;4.9.3&#8243; _module_preset=&#8221;default&#8221;][et_pb_image src=&#8221;https:\/\/baltic.se\/wp-content\/uploads\/2021\/04\/Athena3-scaled.jpg&#8221; title_text=&#8221;Athena3&#8243; _builder_version=&#8221;4.9.3&#8243; _module_preset=&#8221;default&#8221;][\/et_pb_image][\/et_pb_column][et_pb_column type=&#8221;1_3&#8243; _builder_version=&#8221;4.9.3&#8243; _module_preset=&#8221;default&#8221;][et_pb_image src=&#8221;https:\/\/baltic.se\/wp-content\/uploads\/2021\/04\/P5A9827-scaled.jpg&#8221; title_text=&#8221;_P5A9827&#8243; _builder_version=&#8221;4.9.3&#8243; _module_preset=&#8221;default&#8221;][\/et_pb_image][\/et_pb_column][et_pb_column type=&#8221;1_3&#8243; _builder_version=&#8221;4.9.3&#8243; _module_preset=&#8221;default&#8221;][et_pb_image src=&#8221;https:\/\/baltic.se\/wp-content\/uploads\/2021\/04\/Extreme3-scaled.jpg&#8221; title_text=&#8221;Extreme3&#8243; _builder_version=&#8221;4.9.3&#8243; _module_preset=&#8221;default&#8221;][\/et_pb_image][\/et_pb_column][\/et_pb_row][et_pb_row column_structure=&#8221;1_2,1_2&#8243; _builder_version=&#8221;4.9.3&#8243; _module_preset=&#8221;default&#8221; custom_padding=&#8221;0px||0px||false|false&#8221;][et_pb_column type=&#8221;1_2&#8243; _builder_version=&#8221;4.9.3&#8243; _module_preset=&#8221;default&#8221;][et_pb_image src=&#8221;https:\/\/baltic.se\/wp-content\/uploads\/2021\/04\/Carbon3-scaled.jpg&#8221; title_text=&#8221;Carbon3&#8243; _builder_version=&#8221;4.9.3&#8243; _module_preset=&#8221;default&#8221;][\/et_pb_image][\/et_pb_column][et_pb_column type=&#8221;1_2&#8243; _builder_version=&#8221;4.9.3&#8243; _module_preset=&#8221;default&#8221;][et_pb_image src=&#8221;https:\/\/baltic.se\/wp-content\/uploads\/2021\/04\/Splitfront2-scaled.jpg&#8221; title_text=&#8221;Splitfront2&#8243; _builder_version=&#8221;4.9.3&#8243; _module_preset=&#8221;default&#8221;][\/et_pb_image][\/et_pb_column][\/et_pb_row][\/et_pb_section]<\/p>\n","protected":false},"excerpt":{"rendered":"<p>[et_pb_section fb_built=&#8221;1&#8243; _builder_version=&#8221;4.9.3&#8243; _module_preset=&#8221;default&#8221; use_background_color_gradient=&#8221;on&#8221; background_color_gradient_start=&#8221;rgba(0,0,0,0.39)&#8221; background_color_gradient_end=&#8221;rgba(0,0,0,0.56)&#8221; background_color_gradient_overlays_image=&#8221;on&#8221; background_image=&#8221;https:\/\/baltic.se\/wp-content\/uploads\/2022\/05\/matt-hardy-6ArTTluciuA-unsplash-scaled.jpg&#8221; height=&#8221;500px&#8221; custom_padding=&#8221;0px||0px||false|false&#8221;][et_pb_row column_structure=&#8221;1_2,1_2&#8243; _builder_version=&#8221;4.9.3&#8243; _module_preset=&#8221;default&#8221; custom_margin=&#8221;0px||||false|false&#8221; custom_padding=&#8221;5%||||false|false&#8221;][et_pb_column type=&#8221;1_2&#8243; _builder_version=&#8221;4.9.3&#8243; _module_preset=&#8221;default&#8221;][et_pb_text _builder_version=&#8221;4.9.3&#8243; _module_preset=&#8221;default&#8221; text_text_color=&#8221;#FFFFFF&#8221; text_font_size=&#8221;18px&#8221; header_font_size=&#8221;2rem&#8221; header_2_font=&#8221;eurostile|700|||||||&#8221; header_4_line_height=&#8221;1.3em&#8221; custom_margin=&#8221;5%|0px||0px|false|false&#8221; custom_margin_tablet=&#8221;|5%||5%|false|false&#8221; custom_margin_phone=&#8221;|2%||2%|false|false&#8221; custom_margin_last_edited=&#8221;on|phone&#8221; custom_padding=&#8221;5%||||false|false&#8221; hover_enabled=&#8221;0&#8243; header_font_size_tablet=&#8221;30px&#8221; header_font_size_phone=&#8221;1.6rem&#8221; header_font_size_last_edited=&#8221;on|phone&#8221; sticky_enabled=&#8221;0&#8243; header_line_height=&#8221;1.8rem&#8221; header_text_align_last_edited=&#8221;on|phone&#8221; header_text_align_phone=&#8221;center&#8221; custom_padding_last_edited=&#8221;on|phone&#8221; custom_padding_phone=&#8221;35%||||false|false&#8221;] SK\u00d6TSELR\u00c5D FLYTV\u00c4STAR\u00a0 [\/et_pb_text][et_pb_text _builder_version=&#8221;4.9.3&#8243; _module_preset=&#8221;default&#8221; text_text_color=&#8221;#FFFFFF&#8221; text_font_size=&#8221;18px&#8221; header_4_line_height=&#8221;1.3em&#8221; width=&#8221;91.9%&#8221; min_height=&#8221;120.9px&#8221; custom_margin=&#8221;1%|0px||0px|false|false&#8221; custom_margin_tablet=&#8221;|5%||5%|false|false&#8221; custom_margin_phone=&#8221;|2%||2%|false|false&#8221; custom_margin_last_edited=&#8221;on|phone&#8221; [&hellip;]<\/p>\n","protected":false},"author":121,"featured_media":0,"parent":0,"menu_order":0,"comment_status":"closed","ping_status":"closed","template":"","meta":{"_et_pb_use_builder":"on","_et_pb_old_content":"","_et_gb_content_width":"","inline_featured_image":false},"acf":[],"_links":{"self":[{"href":"https:\/\/baltic.se\/de\/wp-json\/wp\/v2\/pages\/43872"}],"collection":[{"href":"https:\/\/baltic.se\/de\/wp-json\/wp\/v2\/pages"}],"about":[{"href":"https:\/\/baltic.se\/de\/wp-json\/wp\/v2\/types\/page"}],"author":[{"embeddable":true,"href":"https:\/\/baltic.se\/de\/wp-json\/wp\/v2\/users\/121"}],"replies":[{"embeddable":true,"href":"https:\/\/baltic.se\/de\/wp-json\/wp\/v2\/comments?post=43872"}],"version-history":[{"count":15,"href":"https:\/\/baltic.se\/de\/wp-json\/wp\/v2\/pages\/43872\/revisions"}],"predecessor-version":[{"id":75509,"href":"https:\/\/baltic.se\/de\/wp-json\/wp\/v2\/pages\/43872\/revisions\/75509"}],"wp:attachment":[{"href":"https:\/\/baltic.se\/de\/wp-json\/wp\/v2\/media?parent=43872"}],"curies":[{"name":"wp","href":"https:\/\/api.w.org\/{rel}","templated":true}]}}