{"id":19270,"date":"2021-05-19T15:46:22","date_gmt":"2021-05-19T13:46:22","guid":{"rendered":"https:\/\/baltic.se\/?page_id=19270"},"modified":"2021-11-30T10:11:00","modified_gmt":"2021-11-30T09:11:00","slug":"retainer","status":"publish","type":"page","link":"https:\/\/baltic.se\/de\/retainer\/","title":{"rendered":"Cylinder Retainer"},"content":{"rendered":"<p>[et_pb_section fb_built=&#8221;1&#8243; _builder_version=&#8221;4.9.3&#8243; _module_preset=&#8221;default&#8221; custom_margin=&#8221;3%||||false|false&#8221;][et_pb_row column_structure=&#8221;1_2,1_2&#8243; custom_padding_last_edited=&#8221;on|desktop&#8221; module_class=&#8221;reverse&#8221; _builder_version=&#8221;4.9.3&#8243; _module_preset=&#8221;default&#8221; min_height=&#8221;236.2px&#8221; custom_margin=&#8221;-100px||||false|false&#8221; custom_margin_tablet=&#8221;-77px|auto||auto|false|false&#8221; custom_margin_phone=&#8221;&#8221; custom_margin_last_edited=&#8221;on|desktop&#8221; custom_padding=&#8221;||0px||false|false&#8221; custom_padding_tablet=&#8221;&#8221; custom_padding_phone=&#8221;&#8221;][et_pb_column type=&#8221;1_2&#8243; _builder_version=&#8221;4.9.3&#8243; _module_preset=&#8221;default&#8221;][et_pb_text _builder_version=&#8221;4.9.3&#8243; _module_preset=&#8221;default&#8221; header_4_text_color=&#8221;#000000&#8243; custom_margin=&#8221;||-102px|||&#8221; custom_padding=&#8221;5%|0%||20%|false|false&#8221; custom_padding_tablet=&#8221;&#8221; custom_padding_phone=&#8221;|3%||3%|false|false&#8221; custom_padding_last_edited=&#8221;on|phone&#8221;]<\/p>\n<h4><strong>Konsumentverkets p\u00e5g\u00e5ende marknadskontroll:<\/strong><\/h4>\n<p><em>Sedan 2020 kr\u00e4ver Konsumentverket en s\u00e4kring av gaspatronen p\u00e5 alla uppbl\u00e5sbara r\u00e4ddningsv\u00e4star, detta krav g\u00e4ller samtliga m\u00e4rken\/akt\u00f6rer p\u00e5 den svenska marknaden.<\/em><\/p>\n<p><em>Den efterfr\u00e5gade l\u00f6sningen med en s\u00e5 kallad cylinder retainer \u00e4r sedan 2013 standard p\u00e5 alla uppbl\u00e5sbara r\u00e4ddningsv\u00e4star tillverkade av BALTIC Safety Products AB, och <strong>BALTICS produkter omfattas d\u00e4rf\u00f6r inte av Konsumentverkets \u00e5terkallande\/kontroll.<\/strong><\/em><\/p>\n<p>Samtliga Baltic uppbl\u00e5sbara r\u00e4ddningsv\u00e4star i Industrisortimentet tillverkade fr.o.m 2013-02-01 samt \u00f6vriga sortimentet av Baltic uppbl\u00e5sbara r\u00e4ddningsv\u00e4star fr.o.m. 2013-09-01 \u00e4r f\u00f6rsedda med en cylinder retainer (se bild) f\u00f6r att s\u00e4kerst\u00e4lla att CO<span>2<\/span>-cylindern inte kan lossna. Kontrollera \u00e4ven att cylinder retainerns o-ring \u00e4r hel, vid behov skall denna bytas ut mot en ny som kostnadsfritt tillhandah\u00e5lls av Baltic. Enligt v\u00e5ra serviceinstruktioner skall alla v\u00e5ra uppbl\u00e5sbara r\u00e4ddningsv\u00e4star servas en g\u00e5ng per \u00e5r alternativt kan en sj\u00e4lvkontroll utf\u00f6ras enligt v\u00e5ra instruktioner, se www.baltic.se. Om den \u00e5rliga servicen\/kontrollen inte \u00e4r gjord sedan 2013 v\u00e4nligen kontakta n\u00e5gon av v\u00e5ra servicestationer alternativt oss p\u00e5 Baltic f\u00f6r att serva r\u00e4ddningsv\u00e4sten samt om s\u00e5 beh\u00f6vs f\u00e5 en retainer kostnadsfritt monterad. V\u00e5r kundtj\u00e4nst n\u00e5s p\u00e5 0506-36990 eller info@baltic.se<\/p>\n<p><em> \u00a0\u00a0<\/em><\/p>\n<p>&nbsp;<\/p>\n<p><em>\u00a0<\/em><strong><em><\/em><\/strong><em><\/em><\/p>\n<p>[\/et_pb_text][\/et_pb_column][et_pb_column type=&#8221;1_2&#8243; _builder_version=&#8221;4.9.3&#8243; _module_preset=&#8221;default&#8221;][et_pb_image src=&#8221;https:\/\/baltic.se\/wp-content\/uploads\/2021\/05\/retainer-insta.jpg&#8221; title_text=&#8221;retainer insta&#8221; align=&#8221;center&#8221; _builder_version=&#8221;4.9.3&#8243; _module_preset=&#8221;default&#8221; height=&#8221;456px&#8221; max_height=&#8221;1000px&#8221; custom_margin=&#8221;|||0px||&#8221; custom_padding=&#8221;||2px|1px||&#8221; hover_enabled=&#8221;0&#8243; sticky_enabled=&#8221;0&#8243;][\/et_pb_image][\/et_pb_column][\/et_pb_row][\/et_pb_section][et_pb_section fb_built=&#8221;1&#8243; _builder_version=&#8221;4.9.3&#8243; _module_preset=&#8221;default&#8221; custom_margin=&#8221;0px||0px||false|false&#8221; custom_padding=&#8221;0px||0px||false|false&#8221;][et_pb_row _builder_version=&#8221;4.9.3&#8243; _module_preset=&#8221;default&#8221;][et_pb_column type=&#8221;4_4&#8243; _builder_version=&#8221;4.9.3&#8243; _module_preset=&#8221;default&#8221;][et_pb_button button_url=&#8221;https:\/\/baltic.se\/wp-content\/uploads\/2021\/05\/Infofolder-om-uppblasbara-raddningsvastar_swe.pdf&#8221; button_text=&#8221;L\u00e4r mer om sj\u00e4lvkontroll h\u00e4r&#8221; _builder_version=&#8221;4.9.3&#8243; _module_preset=&#8221;default&#8221; custom_padding=&#8221;0.4rem|10%|0.4rem|10%|true|true&#8221;][\/et_pb_button][\/et_pb_column][\/et_pb_row][\/et_pb_section]<\/p>\n","protected":false},"excerpt":{"rendered":"<p>[et_pb_section fb_built=&#8221;1&#8243; _builder_version=&#8221;4.9.3&#8243; _module_preset=&#8221;default&#8221; custom_margin=&#8221;3%||||false|false&#8221;][et_pb_row column_structure=&#8221;1_2,1_2&#8243; custom_padding_last_edited=&#8221;on|desktop&#8221; module_class=&#8221;reverse&#8221; _builder_version=&#8221;4.9.3&#8243; _module_preset=&#8221;default&#8221; min_height=&#8221;236.2px&#8221; custom_margin=&#8221;-100px||||false|false&#8221; custom_margin_tablet=&#8221;-77px|auto||auto|false|false&#8221; custom_margin_phone=&#8221;&#8221; custom_margin_last_edited=&#8221;on|desktop&#8221; custom_padding=&#8221;||0px||false|false&#8221; custom_padding_tablet=&#8221;&#8221; custom_padding_phone=&#8221;&#8221;][et_pb_column type=&#8221;1_2&#8243; _builder_version=&#8221;4.9.3&#8243; _module_preset=&#8221;default&#8221;][et_pb_text _builder_version=&#8221;4.9.3&#8243; _module_preset=&#8221;default&#8221; header_4_text_color=&#8221;#000000&#8243; custom_margin=&#8221;||-102px|||&#8221; custom_padding=&#8221;5%|0%||20%|false|false&#8221; custom_padding_tablet=&#8221;&#8221; custom_padding_phone=&#8221;|3%||3%|false|false&#8221; custom_padding_last_edited=&#8221;on|phone&#8221;] Konsumentverkets p\u00e5g\u00e5ende marknadskontroll: Sedan 2020 kr\u00e4ver Konsumentverket en s\u00e4kring av gaspatronen p\u00e5 alla uppbl\u00e5sbara r\u00e4ddningsv\u00e4star, detta krav g\u00e4ller samtliga m\u00e4rken\/akt\u00f6rer p\u00e5 den svenska marknaden. Den efterfr\u00e5gade [&hellip;]<\/p>\n","protected":false},"author":10,"featured_media":0,"parent":0,"menu_order":0,"comment_status":"closed","ping_status":"closed","template":"","meta":{"_et_pb_use_builder":"on","_et_pb_old_content":"","_et_gb_content_width":"","inline_featured_image":false},"acf":[],"_links":{"self":[{"href":"https:\/\/baltic.se\/de\/wp-json\/wp\/v2\/pages\/19270"}],"collection":[{"href":"https:\/\/baltic.se\/de\/wp-json\/wp\/v2\/pages"}],"about":[{"href":"https:\/\/baltic.se\/de\/wp-json\/wp\/v2\/types\/page"}],"author":[{"embeddable":true,"href":"https:\/\/baltic.se\/de\/wp-json\/wp\/v2\/users\/10"}],"replies":[{"embeddable":true,"href":"https:\/\/baltic.se\/de\/wp-json\/wp\/v2\/comments?post=19270"}],"version-history":[{"count":9,"href":"https:\/\/baltic.se\/de\/wp-json\/wp\/v2\/pages\/19270\/revisions"}],"predecessor-version":[{"id":22354,"href":"https:\/\/baltic.se\/de\/wp-json\/wp\/v2\/pages\/19270\/revisions\/22354"}],"wp:attachment":[{"href":"https:\/\/baltic.se\/de\/wp-json\/wp\/v2\/media?parent=19270"}],"curies":[{"name":"wp","href":"https:\/\/api.w.org\/{rel}","templated":true}]}}